{"id":41320,"date":"2023-02-07T12:16:53","date_gmt":"2023-02-07T05:16:53","guid":{"rendered":"https:\/\/mouldking.store\/shop\/moc-factory-49304-rocinante-the-expanse-with-5351-pieces\/"},"modified":"2025-12-16T22:25:21","modified_gmt":"2025-12-16T15:25:21","slug":"moc-factory-49304-rocinante-the-expanse-with-5351-pieces","status":"publish","type":"product","link":"https:\/\/mouldking.store\/de\/shop\/moc-factory-49304-rocinante-the-expanse-with-5351-pieces\/","title":{"rendered":"MOC Factory 49304 Rosinante \u2013 Die Weite mit 5351 Teilen"},"content":{"rendered":"<div>\u2705 MOC-49304 Rosinante \u2013 Die Weite<\/p>\n<p>\u2705 Rocinante ist ein fiktives Raumschiff in der Fernsehserie \u201eThe Expanse\u201c. Es ist ein marsianisches Kanonenschiff, das in ein Transportschiff umgewandelt wurde und als prim\u00e4rer Schauplatz f\u00fcr einen Gro\u00dfteil der Serie dient. Das Schiff wird von der Hauptfigur James Holden geleitet und dient seiner Crew als Heimat und Operationsbasis, w\u00e4hrend sie durch die komplexe und gef\u00e4hrliche politische Landschaft des zuk\u00fcnftigen Sonnensystems navigiert. Der Name \u201eRocinante\u201c ist eine Anspielung auf das Pferd von Don Quijote aus dem Roman \u201eDon Quijote\u201c von Miguel de Cervantes.<\/p>\n<p>\ud83d\udeab WICHTIG!<\/p>\n<p>Produktname: Rosinante \u2013 Die Weite<\/p>\n<p>Kategorie: Weltraum<\/p>\n<p>Dieses Kit enth\u00e4lt: MOC-49304<\/p>\n<p>5351 St\u00fcck Ziegel von guter Qualit\u00e4t<\/p>\n<p>Gewicht: 6000g<\/p>\n<p>PDF-Anleitung<\/p>\n<p>\ud83d\udcccNatur des Protagonisten<\/p>\n<p>Die Einf\u00fchrung unserer stolzen Kollektion mit dem Namen \u201eRocinante \u2013 The Expanse\u201c sollten Sie sich nicht entgehen lassen.<\/p>\n<p>Rosinante ist das Raumschiff in The Expanse. Dieser Modellbausatz besteht aus hochwertigem, geruchlosem und umweltfreundlichem ABS-Material f\u00fcr ein glattes Handgef\u00fchl und eine sichere Montage. Es ist kosteng\u00fcnstig mit vollst\u00e4ndiger Perfektion und Simulation des urspr\u00fcnglichen Designs. Das Modell ist mit kompletten Inneneinrichtungen und feinen Details gef\u00fcllt, um Ihre Tr\u00e4ume vom Weltraum zum Leben zu erwecken!<\/p>\n<\/div>","protected":false},"excerpt":{"rendered":"<p>Marke: MOC-Fabrik<br \/>\nGeschlecht: Unisex<br \/>\nAltersspanne: &gt; 12 Jahre alt<br \/>\nModellnummer: 49304<br \/>\nEinstufung: Assemblage<br \/>\nKunststoffblockform: Selbstsichernde Steine<br \/>\nMaterial: Kunststoff<br \/>\nKunststofftyp: ABS<br \/>\nZiegelsteine: 5351 +<br \/>\nVorbereitungszeit: 4-8 Wochen<\/p>","protected":false},"featured_media":41314,"comment_status":"open","ping_status":"closed","template":"","meta":{"_acf_changed":false},"product_cat":[1357,6016,364],"product_tag":[9338,2276,389],"class_list":["product","first","instock","shipping-taxable","purchasable","product-type-simple"],"acf":[],"_links":{"self":[{"href":"https:\/\/mouldking.store\/de\/wp-json\/wp\/v2\/product\/41320","targetHints":{"allow":["GET"]}}],"collection":[{"href":"https:\/\/mouldking.store\/de\/wp-json\/wp\/v2\/product"}],"about":[{"href":"https:\/\/mouldking.store\/de\/wp-json\/wp\/v2\/types\/product"}],"replies":[{"embeddable":true,"href":"https:\/\/mouldking.store\/de\/wp-json\/wp\/v2\/comments?post=41320"}],"wp:featuredmedia":[{"embeddable":true,"href":"https:\/\/mouldking.store\/de\/wp-json\/wp\/v2\/media\/41314"}],"wp:attachment":[{"href":"https:\/\/mouldking.store\/de\/wp-json\/wp\/v2\/media?parent=41320"}],"wp:term":[{"taxonomy":"product_cat","embeddable":true,"href":"https:\/\/mouldking.store\/de\/wp-json\/wp\/v2\/product_cat?post=41320"},{"taxonomy":"product_tag","embeddable":true,"href":"https:\/\/mouldking.store\/de\/wp-json\/wp\/v2\/product_tag?post=41320"}],"curies":[{"name":"wp","href":"https:\/\/api.w.org\/{rel}","templated":true}]}}