{"id":41346,"date":"2023-02-07T14:19:04","date_gmt":"2023-02-07T07:19:04","guid":{"rendered":"https:\/\/mouldking.store\/shop\/moc-factory-53030-mars-landing-with-1232-pieces\/"},"modified":"2025-12-16T22:25:21","modified_gmt":"2025-12-16T15:25:21","slug":"moc-factory-53030-mars-landing-with-1232-pieces","status":"publish","type":"product","link":"https:\/\/mouldking.store\/de\/shop\/moc-factory-53030-mars-landing-with-1232-pieces\/","title":{"rendered":"MOC Factory 53030 Marslandung mit 1232 Teilen"},"content":{"rendered":"<div>\u2705 MOC-53030 Marslandung<\/p>\n<p>\u2705Mars Landing ist eine Reihe von Bausteinen, die f\u00fcr Weltraumliebhaber entwickelt wurden. Mit detailliertem und pr\u00e4zisem Design bietet es ein interaktives Erlebnis der Marslandschaft und erm\u00f6glicht es Ihnen, Ihren eigenen Weltraumkomplex zu bauen.<\/p>\n<p>\ud83d\udeab WICHTIG!<\/p>\n<p>Produktname: Marslandung<\/p>\n<p>Kategorie: Weltraum<\/p>\n<p>Dieses Kit enth\u00e4lt: MOC-53030<\/p>\n<p>1232 St\u00fcck Ziegel von guter Qualit\u00e4t<\/p>\n<p>Gewicht: 1600 g<\/p>\n<p>PDF-Anleitung<\/p>\n<p>\ud83d\udcccNatur des Protagonisten<\/p>\n<p>Die Einf\u00fchrung unserer stolzen Kollektion mit dem Namen \u201eMars Landing\u201c sollten Sie nicht verpassen.<\/p>\n<p>Mars Landing ist das beste Geschenk f\u00fcr Kinder und Erwachsene, die den Weltraum lieben. Das Set enth\u00e4lt alle Arten von Bl\u00f6cken, die das Geb\u00e4ude auf dem Mars darstellen, mit perfektem Design und in verschiedenen Gr\u00f6\u00dfen. Sie k\u00f6nnen Ihre eigenen Marsstrukturen zusammenbauen, z. B. einen Marsrover oder einen Tentakelroboter.<\/p><\/div>","protected":false},"excerpt":{"rendered":"<p>Marke: MOC-Fabrik<br \/>\nGeschlecht: Unisex<br \/>\nAltersspanne: &gt; 12 Jahre alt<br \/>\nModellnummer: 53030<br \/>\nEinstufung: Assemblage<br \/>\nKunststoffblockform: Selbstsichernde Steine<br \/>\nMaterial: Kunststoff<br \/>\nKunststofftyp: ABS<br \/>\nZiegelsteine: 1232 +<br \/>\nVorbereitungszeit: 4-8 Wochen<\/p>","protected":false},"featured_media":41341,"comment_status":"open","ping_status":"closed","template":"","meta":{"_acf_changed":false},"product_cat":[1357,6016,364],"product_tag":[11249,8947,2276,389],"class_list":["product","first","instock","shipping-taxable","purchasable","product-type-simple"],"acf":[],"_links":{"self":[{"href":"https:\/\/mouldking.store\/de\/wp-json\/wp\/v2\/product\/41346","targetHints":{"allow":["GET"]}}],"collection":[{"href":"https:\/\/mouldking.store\/de\/wp-json\/wp\/v2\/product"}],"about":[{"href":"https:\/\/mouldking.store\/de\/wp-json\/wp\/v2\/types\/product"}],"replies":[{"embeddable":true,"href":"https:\/\/mouldking.store\/de\/wp-json\/wp\/v2\/comments?post=41346"}],"wp:featuredmedia":[{"embeddable":true,"href":"https:\/\/mouldking.store\/de\/wp-json\/wp\/v2\/media\/41341"}],"wp:attachment":[{"href":"https:\/\/mouldking.store\/de\/wp-json\/wp\/v2\/media?parent=41346"}],"wp:term":[{"taxonomy":"product_cat","embeddable":true,"href":"https:\/\/mouldking.store\/de\/wp-json\/wp\/v2\/product_cat?post=41346"},{"taxonomy":"product_tag","embeddable":true,"href":"https:\/\/mouldking.store\/de\/wp-json\/wp\/v2\/product_tag?post=41346"}],"curies":[{"name":"wp","href":"https:\/\/api.w.org\/{rel}","templated":true}]}}