{"id":41360,"date":"2023-02-08T10:06:04","date_gmt":"2023-02-08T03:06:04","guid":{"rendered":"https:\/\/mouldking.store\/shop\/hsanhe-6366-lincoln-memorial-with-251-pieces\/"},"modified":"2023-03-08T10:40:17","modified_gmt":"2023-03-08T03:40:17","slug":"hsanhe-6366-lincoln-memorial-with-251-pieces","status":"publish","type":"product","link":"https:\/\/mouldking.store\/de\/shop\/hsanhe-6366-lincoln-memorial-with-251-pieces\/","title":{"rendered":"HSANHE 6366 Lincoln Memorial mit 251 Teilen"},"content":{"rendered":"<div>\u2705 HSANHE 6366 Lincoln-Denkmal<\/p>\n<p>\u2705 Das Lincoln Memorial ist ein gro\u00dfes Denkmal in Washington DC, USA, das Pr\u00e4sident Abraham Lincoln gewidmet ist. Es wurde gebaut, um an Lincolns Pr\u00e4sidentschaft und seine Rolle bei der Erhaltung der Union w\u00e4hrend des amerikanischen B\u00fcrgerkriegs zu erinnern. Das Denkmal hat die Form eines griechischen Tempels und zeigt eine Statue von Lincoln, die im Inneren sitzt, umgeben von Inschriften einiger seiner ber\u00fchmten Reden und Aussagen. Das Lincoln Memorial ist eines der bekanntesten Wahrzeichen der Vereinigten Staaten und ein Symbol der nationalen Einheit.<\/p>\n<p>\ud83d\udeab WICHTIG!<\/p>\n<p>Produktname: Lincoln Memorial<\/p>\n<p>Kategorie: Modulares Bauen<\/p>\n<p>Dieses Kit enth\u00e4lt: HSANHE 6366<\/p>\n<p>251 St\u00fcck Steine von guter Qualit\u00e4t<\/p>\n<p>Gr\u00f6\u00dfe: 12,8 \u00d7 9,6 \u00d7 7,1 cm<\/p>\n<p>Manuelle Anweisungen<\/p>\n<p>\ud83d\udcccNatur des Protagonisten<\/p>\n<p>Die Einf\u00fchrung unserer stolzen Kollektion namens \u201eLincoln Memorial\u201c sollten Sie sich nicht entgehen lassen.<\/p>\n<p>Dieses Bausteinset ist ein Lernspielzeug. Es gibt insgesamt 251 Teile, die alle nach Form und Farbe beschriftet sind, damit Kinder die Namen und Formen der verschiedenen Teile eines Geb\u00e4udes lernen k\u00f6nnen. Das Design orientiert sich an der Architektur des Denkmals von US-Pr\u00e4sident Lincoln und wird die Fantasie kleiner Architekten anregen.<\/p><\/div>","protected":false},"excerpt":{"rendered":"<p>Marke: HSANHE<br \/>\nGeschlecht: Unisex<br \/>\nAltersspanne: &gt; 6 Jahre alt<br \/>\nModellnummer: 6366<br \/>\nEinstufung: Assemblage<br \/>\nKunststoffblockform: Selbstsichernde Steine<br \/>\nMaterial: Kunststoff<br \/>\nKunststofftyp: ABS<br \/>\nZiegelsteine: 251 +<br \/>\nVorverkauf<\/p>","protected":false},"featured_media":41359,"comment_status":"open","ping_status":"closed","template":"","meta":{"_acf_changed":false},"product_cat":[1395,390],"product_tag":[4883,11253,11254,392],"class_list":["product","first","instock","shipping-taxable","purchasable","product-type-simple"],"acf":[],"_links":{"self":[{"href":"https:\/\/mouldking.store\/de\/wp-json\/wp\/v2\/product\/41360","targetHints":{"allow":["GET"]}}],"collection":[{"href":"https:\/\/mouldking.store\/de\/wp-json\/wp\/v2\/product"}],"about":[{"href":"https:\/\/mouldking.store\/de\/wp-json\/wp\/v2\/types\/product"}],"replies":[{"embeddable":true,"href":"https:\/\/mouldking.store\/de\/wp-json\/wp\/v2\/comments?post=41360"}],"wp:featuredmedia":[{"embeddable":true,"href":"https:\/\/mouldking.store\/de\/wp-json\/wp\/v2\/media\/41359"}],"wp:attachment":[{"href":"https:\/\/mouldking.store\/de\/wp-json\/wp\/v2\/media?parent=41360"}],"wp:term":[{"taxonomy":"product_cat","embeddable":true,"href":"https:\/\/mouldking.store\/de\/wp-json\/wp\/v2\/product_cat?post=41360"},{"taxonomy":"product_tag","embeddable":true,"href":"https:\/\/mouldking.store\/de\/wp-json\/wp\/v2\/product_tag?post=41360"}],"curies":[{"name":"wp","href":"https:\/\/api.w.org\/{rel}","templated":true}]}}