{"id":41375,"date":"2023-02-08T10:54:10","date_gmt":"2023-02-08T03:54:10","guid":{"rendered":"https:\/\/mouldking.store\/shop\/moc-factory-76418-new-minas-anor-with-487-pieces\/"},"modified":"2025-12-16T22:25:21","modified_gmt":"2025-12-16T15:25:21","slug":"moc-factory-76418-new-minas-anor-with-487-pieces","status":"publish","type":"product","link":"https:\/\/mouldking.store\/de\/shop\/moc-factory-76418-new-minas-anor-with-487-pieces\/","title":{"rendered":"MOC Factory 76418 New Minas Anor mit 487 St\u00fcck"},"content":{"rendered":"<div>\u2705 MOC-76418 New Minas Anor<\/p>\n<p>\u2705 New Minas Anor ist eine Marke von Bausteinen f\u00fcr Liebhaber des Genres. Die Bausteine sind aus hochwertigem ABS-Material gefertigt und werden ihre Benutzer mit ihrer glatten Haptik und Sicherheit begeistern.<\/p>\n<p>\ud83d\udeab WICHTIG!<\/p>\n<p>Produktname: Neues Minas Anor<\/p>\n<p>Kategorie: Modulares Bauen<\/p>\n<p>Dieses Kit enth\u00e4lt: MOC-76418<\/p>\n<p>487 St\u00fcck Steine von guter Qualit\u00e4t<\/p>\n<p>Gr\u00f6\u00dfe: Gewicht: 1000 g<\/p>\n<p>PDF-Anleitung<\/p>\n<p>\ud83d\udcccNatur des Protagonisten<\/p>\n<p>Die Einf\u00fchrung unserer stolzen Kollektion mit dem Namen \u201eNew Minas Anor\u201c sollten Sie sich nicht entgehen lassen.<\/p>\n<p>New Minas Anor ist ein neues System von Bausteinen, um einen Unterschied zu machen. Mit ihrer Perfektion und Simulation des urspr\u00fcnglichen Designs sind diese Bl\u00f6cke die wettbewerbsf\u00e4higste L\u00f6sung in diesem Bereich. Dank ihrer geringen Gr\u00f6\u00dfe sind sie ohne zus\u00e4tzliches Werkzeug einfach zu montieren.<\/p><\/div>","protected":false},"excerpt":{"rendered":"<p>Marke: MOC-Fabrik<br \/>\nGeschlecht: Unisex<br \/>\nAltersspanne: &gt; 12 Jahre alt<br \/>\nModellnummer: 76418<br \/>\nEinstufung: Assemblage<br \/>\nKunststoffblockform: Selbstsichernde Steine<br \/>\nMaterial: Kunststoff<br \/>\nKunststofftyp: ABS<br \/>\nZiegelsteine: 487 +<br \/>\nVorbereitungszeit: 4-8 Wochen<\/p>","protected":false},"featured_media":41371,"comment_status":"open","ping_status":"closed","template":"","meta":{"_acf_changed":false},"product_cat":[1395,390],"product_tag":[11258,4883,11257,392],"class_list":["product","first","instock","shipping-taxable","purchasable","product-type-simple"],"acf":[],"_links":{"self":[{"href":"https:\/\/mouldking.store\/de\/wp-json\/wp\/v2\/product\/41375","targetHints":{"allow":["GET"]}}],"collection":[{"href":"https:\/\/mouldking.store\/de\/wp-json\/wp\/v2\/product"}],"about":[{"href":"https:\/\/mouldking.store\/de\/wp-json\/wp\/v2\/types\/product"}],"replies":[{"embeddable":true,"href":"https:\/\/mouldking.store\/de\/wp-json\/wp\/v2\/comments?post=41375"}],"wp:featuredmedia":[{"embeddable":true,"href":"https:\/\/mouldking.store\/de\/wp-json\/wp\/v2\/media\/41371"}],"wp:attachment":[{"href":"https:\/\/mouldking.store\/de\/wp-json\/wp\/v2\/media?parent=41375"}],"wp:term":[{"taxonomy":"product_cat","embeddable":true,"href":"https:\/\/mouldking.store\/de\/wp-json\/wp\/v2\/product_cat?post=41375"},{"taxonomy":"product_tag","embeddable":true,"href":"https:\/\/mouldking.store\/de\/wp-json\/wp\/v2\/product_tag?post=41375"}],"curies":[{"name":"wp","href":"https:\/\/api.w.org\/{rel}","templated":true}]}}