{"id":41382,"date":"2023-02-08T11:05:31","date_gmt":"2023-02-08T04:05:31","guid":{"rendered":"https:\/\/mouldking.store\/shop\/moc-factory-71401-oriental-palace-architecture-with-6945-pieces\/"},"modified":"2025-12-16T22:25:21","modified_gmt":"2025-12-16T15:25:21","slug":"moc-factory-71401-oriental-palace-architecture-with-6945-pieces","status":"publish","type":"product","link":"https:\/\/mouldking.store\/de\/shop\/moc-factory-71401-oriental-palace-architecture-with-6945-pieces\/","title":{"rendered":"MOC Factory 71401 Orientalische Palastarchitektur mit 6945 Teilen"},"content":{"rendered":"<div>\u2705 MOC-71401 Orientalische Palastarchitektur<\/p>\n<p>\u2705Oriental Palace Architecture hat eine sch\u00f6ne und detaillierte orientalische Palastarchitektur, die eine sch\u00f6ne Dekoration f\u00fcr Ihr Haus sein wird. Die Bausteine bestehen aus hochwertigem, geruchlosem und umweltfreundlichem ABS-Material f\u00fcr ein glattes Handgef\u00fchl und eine sichere Montage.&nbsp;<\/p>\n<p>\ud83d\udeab WICHTIG!<\/p>\n<p>Produktname: Orientalische Palastarchitektur<\/p>\n<p>Kategorie: Modulares Bauen<\/p>\n<p>Dieses Kit enth\u00e4lt: MOC-71401<\/p>\n<p>6945 St\u00fcck Steine von guter Qualit\u00e4t<\/p>\n<p>Gewicht: 8000 g<\/p>\n<p>PDF-Anleitung<\/p>\n<p>\ud83d\udcccNatur des Protagonisten<\/p>\n<p>Die Einf\u00fchrung unserer stolzen Sammlung namens \u201eOriental Palace Architecture\u201c sollten Sie nicht verpassen.<\/p>\n<p>Das Bausteinset Oriental Palace Architecture besteht aus hochwertigem, geruchlosem und umweltfreundlichem Material f\u00fcr ein glattes Gef\u00fchl in der Hand. Das Spielzeug wird mit klaren und leicht verst\u00e4ndlichen elektronischen Anweisungen auf einem USB-Laufwerk f\u00fcr diejenigen geliefert, die neu in der Welt der Bausteine sind.<\/p><\/div>","protected":false},"excerpt":{"rendered":"<p>Marke: MOC-Fabrik<br \/>\nGeschlecht: Unisex<br \/>\nAltersspanne: &gt; 12 Jahre alt<br \/>\nModellnummer: 71401<br \/>\nEinstufung: Assemblage<br \/>\nKunststoffblockform: Selbstsichernde Steine<br \/>\nMaterial: Kunststoff<br \/>\nKunststofftyp: ABS<br \/>\nZiegelsteine: 6945 +<br \/>\nVorbereitungszeit: 4-8 Wochen<\/p>","protected":false},"featured_media":41376,"comment_status":"open","ping_status":"closed","template":"","meta":{"_acf_changed":false},"product_cat":[1395,390],"product_tag":[11260,727,4883,392,11259,4581],"class_list":["product","first","instock","shipping-taxable","purchasable","product-type-simple"],"acf":[],"_links":{"self":[{"href":"https:\/\/mouldking.store\/de\/wp-json\/wp\/v2\/product\/41382","targetHints":{"allow":["GET"]}}],"collection":[{"href":"https:\/\/mouldking.store\/de\/wp-json\/wp\/v2\/product"}],"about":[{"href":"https:\/\/mouldking.store\/de\/wp-json\/wp\/v2\/types\/product"}],"replies":[{"embeddable":true,"href":"https:\/\/mouldking.store\/de\/wp-json\/wp\/v2\/comments?post=41382"}],"wp:featuredmedia":[{"embeddable":true,"href":"https:\/\/mouldking.store\/de\/wp-json\/wp\/v2\/media\/41376"}],"wp:attachment":[{"href":"https:\/\/mouldking.store\/de\/wp-json\/wp\/v2\/media?parent=41382"}],"wp:term":[{"taxonomy":"product_cat","embeddable":true,"href":"https:\/\/mouldking.store\/de\/wp-json\/wp\/v2\/product_cat?post=41382"},{"taxonomy":"product_tag","embeddable":true,"href":"https:\/\/mouldking.store\/de\/wp-json\/wp\/v2\/product_tag?post=41382"}],"curies":[{"name":"wp","href":"https:\/\/api.w.org\/{rel}","templated":true}]}}