{"id":41386,"date":"2023-02-08T11:14:07","date_gmt":"2023-02-08T04:14:07","guid":{"rendered":"https:\/\/mouldking.store\/shop\/moc-factory-66465-tiny-house-at-the-sea-with-843-pieces\/"},"modified":"2025-12-16T22:25:21","modified_gmt":"2025-12-16T15:25:21","slug":"moc-factory-66465-tiny-house-at-the-sea-with-843-pieces","status":"publish","type":"product","link":"https:\/\/mouldking.store\/de\/shop\/moc-factory-66465-tiny-house-at-the-sea-with-843-pieces\/","title":{"rendered":"MOC Factory 66465 Tiny House am Meer mit 843 Teilen"},"content":{"rendered":"<div>\u2705 MOC-66465 Kleines Haus am Meer<\/p>\n<p>\u2705Tiny House at the Sea ist ein DIY-Modell f\u00fcr Kinder, mit dem sie das Haus selbst zusammenbauen k\u00f6nnen. Die Bausteine bestehen aus hochwertigem, geruchlosem und umweltfreundlichem ABS-Material f\u00fcr ein glattes Handgef\u00fchl und eine sichere Montage.<\/p>\n<p>\ud83d\udeab WICHTIG!<\/p>\n<p>Produktname: Kleines Haus am Meer<\/p>\n<p>Kategorie: Sch\u00f6pfer<\/p>\n<p>Dieses Kit enth\u00e4lt: MOC-66465<\/p>\n<p>843 St\u00fcck Steine von guter Qualit\u00e4t<\/p>\n<p>Gewicht: 1200g<\/p>\n<p>PDF-Anleitung<\/p>\n<p>\ud83d\udcccNatur des Protagonisten<\/p>\n<p>Die Einf\u00fchrung unserer stolzen Kollektion mit dem Namen \u201eTiny House At The Sea\u201c sollten Sie nicht verpassen.<\/p>\n<p>Mit den Bausteinen k\u00f6nnen Sie die Freude und Aufregung eines \u201egro\u00dfen\u201c Projekts erleben, ohne sich Gedanken \u00fcber Kosten oder \u00c4rger machen zu m\u00fcssen. Sie werden feststellen, dass die Kreativit\u00e4t so schnell flie\u00dft wie Ihre Vorstellungskraft, von H\u00e4usern, Schulen und Bibliotheken bis hin zu Schl\u00f6ssern und Booten. Die Bausteine bestehen aus hochwertigem, geruchlosem und umweltfreundlichem ABS-Material f\u00fcr ein glattes Handgef\u00fchl und eine sichere Montage. Das Bausteine-Set ist f\u00f6rderlich f\u00fcr die Bildung und es lohnt sich, es zu sammeln. Es enth\u00e4lt klare und leicht verst\u00e4ndliche elektronische Anweisungen auf einem USB-Laufwerk, die Anf\u00e4nger problemlos zusammenbauen k\u00f6nnen.<\/p><\/div>","protected":false},"excerpt":{"rendered":"<p>Marke: MOC-Fabrik<br \/>\nGeschlecht: Unisex<br \/>\nAltersspanne: &gt; 12 Jahre alt<br \/>\nModellnummer: 66465<br \/>\nEinstufung: Assemblage<br \/>\nKunststoffblockform: Selbstsichernde Steine<br \/>\nMaterial: Kunststoff<br \/>\nKunststofftyp: ABS<br \/>\nZiegelsteine: 843 +<br \/>\nVorbereitungszeit: 4-8 Wochen<\/p>","protected":false},"featured_media":41383,"comment_status":"open","ping_status":"closed","template":"","meta":{"_acf_changed":false},"product_cat":[1365,1395,371,390],"product_tag":[11072,8452,2318,392],"class_list":["product","first","instock","shipping-taxable","purchasable","product-type-simple"],"acf":[],"_links":{"self":[{"href":"https:\/\/mouldking.store\/de\/wp-json\/wp\/v2\/product\/41386","targetHints":{"allow":["GET"]}}],"collection":[{"href":"https:\/\/mouldking.store\/de\/wp-json\/wp\/v2\/product"}],"about":[{"href":"https:\/\/mouldking.store\/de\/wp-json\/wp\/v2\/types\/product"}],"replies":[{"embeddable":true,"href":"https:\/\/mouldking.store\/de\/wp-json\/wp\/v2\/comments?post=41386"}],"wp:featuredmedia":[{"embeddable":true,"href":"https:\/\/mouldking.store\/de\/wp-json\/wp\/v2\/media\/41383"}],"wp:attachment":[{"href":"https:\/\/mouldking.store\/de\/wp-json\/wp\/v2\/media?parent=41386"}],"wp:term":[{"taxonomy":"product_cat","embeddable":true,"href":"https:\/\/mouldking.store\/de\/wp-json\/wp\/v2\/product_cat?post=41386"},{"taxonomy":"product_tag","embeddable":true,"href":"https:\/\/mouldking.store\/de\/wp-json\/wp\/v2\/product_tag?post=41386"}],"curies":[{"name":"wp","href":"https:\/\/api.w.org\/{rel}","templated":true}]}}