{"id":41422,"date":"2023-02-08T12:19:58","date_gmt":"2023-02-08T05:19:58","guid":{"rendered":"https:\/\/mouldking.store\/shop\/moc-factory-102833-ultimate-playset-n1-starfighter-with-367-pieces\/"},"modified":"2025-12-16T22:25:20","modified_gmt":"2025-12-16T15:25:20","slug":"moc-factory-102833-ultimate-playset-n1-starfighter-with-367-pieces","status":"publish","type":"product","link":"https:\/\/mouldking.store\/de\/shop\/moc-factory-102833-ultimate-playset-n1-starfighter-with-367-pieces\/","title":{"rendered":"MOC Factory 102833 Ultimate Playset N1 Starfighter mit 367 Teilen"},"content":{"rendered":"<div>\u2705 MOC-102833 Ultimatives Spielset N1 Starfighter<\/p>\n<p>\u2705Das \u201eUltimate Playset N1 Starfighter\u201c ist ein Spielset, das auf dem N1 Starfighter basiert, einem fiktiven Raumschiff aus dem Star Wars-Franchise. Der N1 Starfighter ist eine Art Raumschiff, das von den Naboo-Leuten in der Star Wars-Prequel-Trilogie verwendet wird.<\/p>\n<p>\ud83d\udeab WICHTIG!<\/p>\n<p>Produktname: Ultimatives Spielset N1 Starfighter<\/p>\n<p>Kategorie: Krieg der Sterne<\/p>\n<p>Dieses Kit enth\u00e4lt: MOC-102833<\/p>\n<p>367 St\u00fcck Steine von guter Qualit\u00e4t<\/p>\n<p>Gewicht: 1000 g<\/p>\n<p>PDF-Anleitung<\/p>\n<p>\ud83d\udcccNatur des Protagonisten<\/p>\n<p>Die Einf\u00fchrung unserer stolzen Kollektion mit dem Namen \u201eUltimate Playset N1 Starfighter\u201c sollten Sie sich nicht entgehen lassen.<\/p>\n<p>Ultimate Playset N1 Starfighter ist das perfekte Geschenk f\u00fcr jeden Star Wars-Liebhaber. Die Bausteine bestehen aus hochwertigem, geruchlosem und umweltfreundlichem ABS-Material f\u00fcr ein glattes Handgef\u00fchl und eine sichere Montage. Ultimate Playset N1 Starfighter ist auch ein gro\u00dfartiges Werkzeug f\u00fcr die Bildung und definitiv eine Sammlung wert.<\/p><\/div>","protected":false},"excerpt":{"rendered":"<p>Marke: MOC-Fabrik<br \/>\nGeschlecht: Unisex<br \/>\nAltersspanne: &gt; 12 Jahre alt<br \/>\nModellnummer: 102833<br \/>\nEinstufung: Assemblage<br \/>\nKunststoffblockform: Selbstsichernde Steine<br \/>\nMaterial: Kunststoff<br \/>\nKunststofftyp: ABS<br \/>\nZiegelsteine: 367 +<br \/>\nVorbereitungszeit: 4-8 Wochen<\/p>","protected":false},"featured_media":41417,"comment_status":"open","ping_status":"closed","template":"","meta":{"_acf_changed":false},"product_cat":[581,6016,415,1408],"product_tag":[434,6555,2276,436,11247,11245],"class_list":["product","first","instock","shipping-taxable","purchasable","product-type-simple"],"acf":[],"_links":{"self":[{"href":"https:\/\/mouldking.store\/de\/wp-json\/wp\/v2\/product\/41422","targetHints":{"allow":["GET"]}}],"collection":[{"href":"https:\/\/mouldking.store\/de\/wp-json\/wp\/v2\/product"}],"about":[{"href":"https:\/\/mouldking.store\/de\/wp-json\/wp\/v2\/types\/product"}],"replies":[{"embeddable":true,"href":"https:\/\/mouldking.store\/de\/wp-json\/wp\/v2\/comments?post=41422"}],"wp:featuredmedia":[{"embeddable":true,"href":"https:\/\/mouldking.store\/de\/wp-json\/wp\/v2\/media\/41417"}],"wp:attachment":[{"href":"https:\/\/mouldking.store\/de\/wp-json\/wp\/v2\/media?parent=41422"}],"wp:term":[{"taxonomy":"product_cat","embeddable":true,"href":"https:\/\/mouldking.store\/de\/wp-json\/wp\/v2\/product_cat?post=41422"},{"taxonomy":"product_tag","embeddable":true,"href":"https:\/\/mouldking.store\/de\/wp-json\/wp\/v2\/product_tag?post=41422"}],"curies":[{"name":"wp","href":"https:\/\/api.w.org\/{rel}","templated":true}]}}