{"id":41436,"date":"2023-02-08T12:49:55","date_gmt":"2023-02-08T05:49:55","guid":{"rendered":"https:\/\/mouldking.store\/shop\/moc-factory-107270-iveco-turbostar-190-42-and-logging-trailer-with-crane-with-2201-pieces\/"},"modified":"2025-12-16T22:25:20","modified_gmt":"2025-12-16T15:25:20","slug":"moc-factory-107270-iveco-turbostar-190-42-and-logging-trailer-with-crane-with-2201-pieces","status":"publish","type":"product","link":"https:\/\/mouldking.store\/de\/shop\/moc-factory-107270-iveco-turbostar-190-42-and-logging-trailer-with-crane-with-2201-pieces\/","title":{"rendered":"MOC Factory 107270 Iveco Turbostar 190-42 und Forstanh\u00e4nger mit Kran mit 2201 St\u00fcck"},"content":{"rendered":"<div>\u2705 MOC-107270 Iveco Turbostar 190-42 und Forstanh\u00e4nger mit Kran<\/p>\n<p>\u2705Der Iveco Turbostar 190-42 mit Forstanh\u00e4nger und Kran ist eine schwere Nutzfahrzeug- und Anh\u00e4ngerkombination, die von Iveco, einem italienischen Hersteller von Industriefahrzeugen, hergestellt wird. Der Turbostar 190-42 ist eine Art Lastwagen, und der Forstanh\u00e4nger ist eine Art Anh\u00e4nger, der zum Transport von Baumst\u00e4mmen oder anderen schweren Lasten verwendet wird. Der auf dem Anh\u00e4nger montierte Kran erm\u00f6glicht das Be- und Entladen der Baumst\u00e4mme. Das \u201e190-42\u201c im Namen des Lastwagens bezieht sich wahrscheinlich auf die maximale Leistung des Fahrzeugmotors in Pferdest\u00e4rken (190) und das maximale Gewicht, das er tragen kann, in Tonnen (42).<\/p>\n<p>\ud83d\udeab WICHTIG!<\/p>\n<p>Produktname: Iveco Turbostar 190-42 und Forstanh\u00e4nger mit Kran<\/p>\n<p>Kategorie: Technik<\/p>\n<p>Dieses Kit enth\u00e4lt: MOC-107270<\/p>\n<p>2201 St\u00fcck Ziegel von guter Qualit\u00e4t<\/p>\n<p>Gr\u00f6\u00dfe: 72,8 x 16 x 21,6 cm<\/p>\n<p>Gewicht: 2200 g<\/p>\n<p>PDF-Anleitung<\/p>\n<p>\ud83d\udcccNatur des Protagonisten<\/p>\n<p>Die Einf\u00fchrung unserer stolzen Kollektion mit dem Namen \u201eIveco Turbostar 190-42 und Forstanh\u00e4nger mit Kran\u201c sollten Sie nicht verpassen.<\/p>\n<p>Der Iveco Turbostar 190-42 Forstanh\u00e4nger mit Kran ist ein perfektes Produkt f\u00fcr Enthusiasten, die gerne Bodenmaschinen wie Traktoren, Bagger und Erdbewegungsmaschinen bauen und warten. Zus\u00e4tzlich zu seinem Hauptmerkmal des Hochgeschwindigkeitsgetriebes ist der Iveco 190-42 Forstanh\u00e4nger mit Kran auch mit einem Kran ausgestattet.&nbsp;<\/p><\/div>","protected":false},"excerpt":{"rendered":"<p>Marke: MOC-Fabrik<br \/>\nGeschlecht: Unisex<br \/>\nAltersspanne: &gt; 12 Jahre alt<br \/>\nModellnummer: 107270<br \/>\nEinstufung: Assemblage<br \/>\nKunststoffblockform: Selbstsichernde Steine<br \/>\nMaterial: Kunststoff<br \/>\nKunststofftyp: ABS<br \/>\nZiegelsteine: 2201 +<br \/>\nVorbereitungszeit: 4-8 Wochen<\/p>","protected":false},"featured_media":41430,"comment_status":"open","ping_status":"closed","template":"","meta":{"_acf_changed":false},"product_cat":[1357,364],"product_tag":[5205,11267,389,11080,11182],"class_list":["product","first","instock","shipping-taxable","purchasable","product-type-simple"],"acf":[],"_links":{"self":[{"href":"https:\/\/mouldking.store\/de\/wp-json\/wp\/v2\/product\/41436","targetHints":{"allow":["GET"]}}],"collection":[{"href":"https:\/\/mouldking.store\/de\/wp-json\/wp\/v2\/product"}],"about":[{"href":"https:\/\/mouldking.store\/de\/wp-json\/wp\/v2\/types\/product"}],"replies":[{"embeddable":true,"href":"https:\/\/mouldking.store\/de\/wp-json\/wp\/v2\/comments?post=41436"}],"wp:featuredmedia":[{"embeddable":true,"href":"https:\/\/mouldking.store\/de\/wp-json\/wp\/v2\/media\/41430"}],"wp:attachment":[{"href":"https:\/\/mouldking.store\/de\/wp-json\/wp\/v2\/media?parent=41436"}],"wp:term":[{"taxonomy":"product_cat","embeddable":true,"href":"https:\/\/mouldking.store\/de\/wp-json\/wp\/v2\/product_cat?post=41436"},{"taxonomy":"product_tag","embeddable":true,"href":"https:\/\/mouldking.store\/de\/wp-json\/wp\/v2\/product_tag?post=41436"}],"curies":[{"name":"wp","href":"https:\/\/api.w.org\/{rel}","templated":true}]}}