{"id":41473,"date":"2023-02-13T09:30:21","date_gmt":"2023-02-13T02:30:21","guid":{"rendered":"https:\/\/mouldking.store\/shop\/custom-custom-996-diablo-god-of-disaster-and-war-with-3568-pieces\/"},"modified":"2023-02-13T09:30:21","modified_gmt":"2023-02-13T02:30:21","slug":"custom-custom-996-diablo-god-of-disaster-and-war-with-3568-pieces","status":"publish","type":"product","link":"https:\/\/mouldking.store\/de\/shop\/custom-custom-996-diablo-god-of-disaster-and-war-with-3568-pieces\/","title":{"rendered":"Custom Custom 996 Diablo God of Disaster and War mit 3568 St\u00fcck"},"content":{"rendered":"<div>\u2705 Custom 996 Diablo Gott der Katastrophe und des Krieges<\/p>\n<p>\u2705Diablo ist ein D\u00e4mon in der von Blizzard Entertainment entwickelten Diablo-Serie von Action-Rollenspielen. In der \u00dcberlieferung des Spiels ist Diablo der Lord of Terror und eines der Prime Evils, eine Gruppe m\u00e4chtiger D\u00e4monen, die versuchen, die Menschheit zu versklaven. Er wird oft als eine m\u00e4chtige und b\u00f6swillige Kraft dargestellt, die versucht, \u00fcberall Zerst\u00f6rung und Chaos zu verbreiten.<\/p>\n<p>\ud83d\udeab WICHTIG!<\/p>\n<p>Produktname: Diablo Gott der Katastrophe und des Krieges<\/p>\n<p>Kategorie: Sch\u00f6pfer<\/p>\n<p>Dieses Kit enth\u00e4lt: Custom 996<\/p>\n<p>3568 St\u00fcck Steine von guter Qualit\u00e4t<\/p>\n<p>Gr\u00f6\u00dfe: 25,4 \u00d7 14,6 \u00d7 46 cm<\/p>\n<p>Manuelle Anweisungen<\/p>\n<p>\ud83d\udcccNatur des Protagonisten<\/p>\n<p>Wir stellen Ihnen unsere stolze Kollektion mit dem Namen \u201eDiablo God of Disaster and War\u201c vor, die Sie sich nicht entgehen lassen sollten.<\/p>\n<p>In den Spielen ist Diablo der Hauptgegner, und der Spieler \u00fcbernimmt die Rolle eines Helden, der ihn und seine Schergen davon abhalten muss, Chaos in der Welt anzurichten. In der gesamten Serie wird Diablo oft als beeindruckender Gegner dargestellt, der \u00fcber immense Kraft und St\u00e4rke verf\u00fcgt, was ihn zu einem der herausforderndsten Bosse im Spiel macht. Trotzdem muss der Spieler ihn besiegen, um die Menschheit zu retten und das Gleichgewicht der Welt wiederherzustellen. Dieses 2023 erschienene kreative Bausteinset basiert auf der Idee, eine ganze Welt von Grund auf neu zu gestalten. Die Bl\u00f6cke werden verwendet, um eine komplette Landschaft mit Bergen, B\u00e4umen und mehr zu bauen.<\/p><\/div>","protected":false},"excerpt":{"rendered":"<p>Marke: Benutzerdefiniert<br \/>\nGeschlecht: Unisex<br \/>\nAltersspanne: &gt; 8 Jahre alt<br \/>\nModellnummer: Benutzerdefiniert 996<br \/>\nEinstufung: Assemblage<br \/>\nKunststoffblockform: Selbstsichernde Steine<br \/>\nMaterial: Kunststoff<br \/>\nKunststofftyp: ABS<br \/>\nZiegelsteine: 3568 +<br \/>\nKein Kasten<\/p>","protected":false},"featured_media":41469,"comment_status":"open","ping_status":"closed","template":"","meta":{"_acf_changed":false},"product_cat":[1365,371,415],"product_tag":[11072,8452,11269,4605,1571,4560],"class_list":["product","first","instock","shipping-taxable","purchasable","product-type-simple"],"acf":[],"_links":{"self":[{"href":"https:\/\/mouldking.store\/de\/wp-json\/wp\/v2\/product\/41473","targetHints":{"allow":["GET"]}}],"collection":[{"href":"https:\/\/mouldking.store\/de\/wp-json\/wp\/v2\/product"}],"about":[{"href":"https:\/\/mouldking.store\/de\/wp-json\/wp\/v2\/types\/product"}],"replies":[{"embeddable":true,"href":"https:\/\/mouldking.store\/de\/wp-json\/wp\/v2\/comments?post=41473"}],"wp:featuredmedia":[{"embeddable":true,"href":"https:\/\/mouldking.store\/de\/wp-json\/wp\/v2\/media\/41469"}],"wp:attachment":[{"href":"https:\/\/mouldking.store\/de\/wp-json\/wp\/v2\/media?parent=41473"}],"wp:term":[{"taxonomy":"product_cat","embeddable":true,"href":"https:\/\/mouldking.store\/de\/wp-json\/wp\/v2\/product_cat?post=41473"},{"taxonomy":"product_tag","embeddable":true,"href":"https:\/\/mouldking.store\/de\/wp-json\/wp\/v2\/product_tag?post=41473"}],"curies":[{"name":"wp","href":"https:\/\/api.w.org\/{rel}","templated":true}]}}