{"id":41486,"date":"2023-02-13T09:50:43","date_gmt":"2023-02-13T02:50:43","guid":{"rendered":"https:\/\/mouldking.store\/shop\/loz-1072-sichuan-style-hot-pot-with-4344-pieces\/"},"modified":"2023-02-13T09:50:43","modified_gmt":"2023-02-13T02:50:43","slug":"loz-1072-sichuan-style-hot-pot-with-4344-pieces","status":"publish","type":"product","link":"https:\/\/mouldking.store\/de\/shop\/loz-1072-sichuan-style-hot-pot-with-4344-pieces\/","title":{"rendered":"LOZ 1072 Eintopf im Sichuan-Stil mit 4344 Teilen"},"content":{"rendered":"<div>\u2705 LOZ 1072 Eintopf im Sichuan-Stil<\/p>\n<p>\u2705 Hot Pot im Sichuan-Stil ist eine Art Hot Pot, der aus der Provinz Sichuan in China stammt. Es ist eine Art Gemeinschaftsmahlzeit, bei der die G\u00e4ste verschiedene rohe Zutaten in einem siedenden Topf mit w\u00fcrziger Br\u00fche zubereiten, der in der Mitte des Tisches steht. Die Br\u00fche f\u00fcr den Eintopf nach Sichuan-Art ist typisch w\u00fcrzig und aromatisch und wird aus einer Mischung von Gew\u00fcrzen und Gew\u00fcrzen hergestellt, darunter Sichuan-Pfefferk\u00f6rner, Ingwer, Knoblauch und Chilischoten.<\/p>\n<p>\ud83d\udeab WICHTIG!<\/p>\n<p>Produktname: Hot Pot im Sichuan-Stil<\/p>\n<p>Kategorie: Sch\u00f6pfer<\/p>\n<p>Dieses Kit enth\u00e4lt: LOZ 1072<\/p>\n<p>4344 St\u00fcck Ziegel von guter Qualit\u00e4t<\/p>\n<p>Manuelle Anweisungen<\/p>\n<p>\ud83d\udcccNatur des Protagonisten<\/p>\n<p>Die Einf\u00fchrung unserer stolzen Kollektion mit dem Namen \u201eSichuan Style Hot Pot\u201c sollten Sie nicht verpassen.<\/p>\n<p>Bei einem Eintopfgericht im Sichuan-Stil w\u00e4hlen die G\u00e4ste rohe Zutaten wie Fleisch (wie Rind, Lamm oder Huhn), Meeresfr\u00fcchte, Gem\u00fcse und Nudeln aus und kochen sie in der Br\u00fche am Tisch. Sobald die Zutaten gekocht sind, werden sie normalerweise mit Dip-Saucen und Gew\u00fcrzen wie Sojasauce, Essig und Chili\u00f6l serviert, um der Mahlzeit noch mehr Geschmack zu verleihen. Hot Pot-Bausteine mit Sichuan-Geschmack Shiwan enth\u00e4lt 4344 verschiedene Bausteine, mit denen Sie eine Vielzahl von Kochgerichten zubereiten k\u00f6nnen. Egal, welche Vorlieben Sie haben, dieses erstaunliche Set bietet f\u00fcr jeden etwas.<\/p><\/div>","protected":false},"excerpt":{"rendered":"<p>Marke: LOZ<br \/>\nGeschlecht: Unisex<br \/>\nAltersspanne: &gt; 6 Jahre alt<br \/>\nModellnummer: 1072<br \/>\nEinstufung: Assemblage<br \/>\nKunststoffblockform: Selbstsichernde Steine<br \/>\nMaterial: Kunststoff<br \/>\nKunststofftyp: ABS<br \/>\nZiegelsteine: 4344 +<br \/>\nKein Kasten<\/p>","protected":false},"featured_media":41480,"comment_status":"open","ping_status":"closed","template":"","meta":{"_acf_changed":false},"product_cat":[1365,371],"product_tag":[11072,8452,5448,11272],"class_list":["product","first","instock","shipping-taxable","purchasable","product-type-simple"],"acf":[],"_links":{"self":[{"href":"https:\/\/mouldking.store\/de\/wp-json\/wp\/v2\/product\/41486","targetHints":{"allow":["GET"]}}],"collection":[{"href":"https:\/\/mouldking.store\/de\/wp-json\/wp\/v2\/product"}],"about":[{"href":"https:\/\/mouldking.store\/de\/wp-json\/wp\/v2\/types\/product"}],"replies":[{"embeddable":true,"href":"https:\/\/mouldking.store\/de\/wp-json\/wp\/v2\/comments?post=41486"}],"wp:featuredmedia":[{"embeddable":true,"href":"https:\/\/mouldking.store\/de\/wp-json\/wp\/v2\/media\/41480"}],"wp:attachment":[{"href":"https:\/\/mouldking.store\/de\/wp-json\/wp\/v2\/media?parent=41486"}],"wp:term":[{"taxonomy":"product_cat","embeddable":true,"href":"https:\/\/mouldking.store\/de\/wp-json\/wp\/v2\/product_cat?post=41486"},{"taxonomy":"product_tag","embeddable":true,"href":"https:\/\/mouldking.store\/de\/wp-json\/wp\/v2\/product_tag?post=41486"}],"curies":[{"name":"wp","href":"https:\/\/api.w.org\/{rel}","templated":true}]}}