{"id":41499,"date":"2023-02-13T10:37:24","date_gmt":"2023-02-13T03:37:24","guid":{"rendered":"https:\/\/mouldking.store\/shop\/cada-c61503-mercedes-benz-amg-one-with-3290-pieces\/"},"modified":"2024-01-16T15:46:19","modified_gmt":"2024-01-16T08:46:19","slug":"cada-c61503-mercedes-benz-amg-one-with-3290-pieces","status":"publish","type":"product","link":"https:\/\/mouldking.store\/de\/shop\/cada-c61503-mercedes-benz-amg-one-with-3290-pieces\/","title":{"rendered":"CaDa C61503 Mercedes-Benz AMG ONE mit 3290 St\u00fcck"},"content":{"rendered":"<div>\u2705 CaDA C61503 Mercedes-Benz AMG ONE<\/p>\n<p>\u2705Der Mercedes-Benz AMG ONE ist ein Hypercar in limitierter Auflage, das von Mercedes-AMG, der Hochleistungssparte von Mercedes-Benz, produziert wird. Es wurde erstmals 2018 vorgestellt und wird von einem Hybridantriebsstrang angetrieben, der einen turbogeladenen Verbrennungsmotor mit vier Elektromotoren kombiniert und eine Gesamtleistung von \u00fcber 1.000 PS erzeugt.<\/p>\n<p>\ud83d\udeab WICHTIG!<\/p>\n<p>Produktname: Mercedes-Benz AMG ONE<\/p>\n<p>Kategorie: Technik<\/p>\n<p>Dieses Kit enth\u00e4lt: CaDA C61503<\/p>\n<p>3290 St\u00fcck Ziegel von guter Qualit\u00e4t<\/p>\n<p>Manuelle Anweisungen<\/p>\n<p>\ud83d\udcccNatur des Protagonisten<\/p>\n<p>Die Einf\u00fchrung unserer stolzen Kollektion mit dem Namen \u201eMercedes-Benz AMG ONE\u201c sollten Sie nicht verpassen.<\/p>\n<p>Mit dem Mercedes-AMG ONE hat Mercedes-Benz ein ganz neues Spielzeug f\u00fcr jeden Autoliebhaber geschaffen. Dieses Set enth\u00e4lt 3290 Bausteinpartikel und ist in durchscheinend oder schwarz erh\u00e4ltlich. Die Erstver\u00f6ffentlichung des Mercedes-AMG ONE wird im Jahr 2023 erfolgen. Der AMG ONE ist f\u00fcr streckenorientiertes Fahren konzipiert, mit fortschrittlicher Aerodynamik und Leichtbauweise f\u00fcr hohe Leistung und Agilit\u00e4t. Das Auto ist mit fortschrittlichen Technologiemerkmalen wie einem fortschrittlichen Aufh\u00e4ngungssystem und fortschrittlichen Stabilit\u00e4tskontrollsystemen sowie Merkmalen wie einem Kohlefaser-Monocoque, einer Schubstangenaufh\u00e4ngung und aktiver Aerodynamik ausgestattet. Mit nur 275 f\u00fcr die Produktion geplanten Einheiten ist der Mercedes-Benz AMG ONE ein h\u00f6chst exklusives und begehrtes Auto.<\/p><\/div>","protected":false},"excerpt":{"rendered":"<p>Marke: Cada<br \/>\nGeschlecht: Unisex<br \/>\nAltersspanne: &gt; 14 Jahre alt<br \/>\nModellnummer: C61503<br \/>\nEinstufung: Assemblage<br \/>\nKunststoffblockform: Selbstsichernde Steine<br \/>\nMaterial: Kunststoff<br \/>\nKunststofftyp: ABS<br \/>\nZiegelsteine: 3290 +<br \/>\nIts production materials are very special. The tires and wheels are customized by Michelin, and authorization from Mercedes<\/p>","protected":false},"featured_media":41496,"comment_status":"open","ping_status":"closed","template":"","meta":{"_acf_changed":false},"product_cat":[1360,1357,364],"product_tag":[1456,457,4983,11275,1413,389,11080],"class_list":["product","first","outofstock","shipping-taxable","purchasable","product-type-simple"],"acf":[],"_links":{"self":[{"href":"https:\/\/mouldking.store\/de\/wp-json\/wp\/v2\/product\/41499","targetHints":{"allow":["GET"]}}],"collection":[{"href":"https:\/\/mouldking.store\/de\/wp-json\/wp\/v2\/product"}],"about":[{"href":"https:\/\/mouldking.store\/de\/wp-json\/wp\/v2\/types\/product"}],"replies":[{"embeddable":true,"href":"https:\/\/mouldking.store\/de\/wp-json\/wp\/v2\/comments?post=41499"}],"wp:featuredmedia":[{"embeddable":true,"href":"https:\/\/mouldking.store\/de\/wp-json\/wp\/v2\/media\/41496"}],"wp:attachment":[{"href":"https:\/\/mouldking.store\/de\/wp-json\/wp\/v2\/media?parent=41499"}],"wp:term":[{"taxonomy":"product_cat","embeddable":true,"href":"https:\/\/mouldking.store\/de\/wp-json\/wp\/v2\/product_cat?post=41499"},{"taxonomy":"product_tag","embeddable":true,"href":"https:\/\/mouldking.store\/de\/wp-json\/wp\/v2\/product_tag?post=41499"}],"curies":[{"name":"wp","href":"https:\/\/api.w.org\/{rel}","templated":true}]}}