{"id":41561,"date":"2023-02-15T10:40:50","date_gmt":"2023-02-15T03:40:50","guid":{"rendered":"https:\/\/mouldking.store\/shop\/moc-factory-89480-rainbow-baby-friends-with-400-pieces\/"},"modified":"2025-12-16T22:25:18","modified_gmt":"2025-12-16T15:25:18","slug":"moc-factory-89480-rainbow-baby-friends-with-400-pieces","status":"publish","type":"product","link":"https:\/\/mouldking.store\/de\/shop\/moc-factory-89480-rainbow-baby-friends-with-400-pieces\/","title":{"rendered":"MOC Factory 89480 Rainbow Baby Friends mit 400 St\u00fcck"},"content":{"rendered":"<div>\u2705 MOC-89480 Rainbow Baby Friends<\/p>\n<p>\u2705 \u201eRainbow Friends\u201c ist ein mobiles Spiel f\u00fcr Kinder mit einer Gruppe von f\u00fcnf Charakteren, die jeweils einer anderen Farbe zugeordnet sind. Die Charaktere sind rot, blau, gr\u00fcn, orange und violett und sollen s\u00fc\u00df und freundlich sein.<\/p>\n<p>\ud83d\udeab WICHTIG!<\/p>\n<p>Produktname: Rainbow Baby Friends<\/p>\n<p>Kategorie: Sch\u00f6pfer<\/p>\n<p>Dieses Kit enth\u00e4lt: MOC-89480<\/p>\n<p>400 St\u00fcck Steine von guter Qualit\u00e4t<\/p>\n<p>PDF-Anleitung<\/p>\n<p>\ud83d\udcccNatur des Protagonisten<\/p>\n<p>Die Einf\u00fchrung unserer stolzen Kollektion mit dem Namen \u201eRainbow Baby Friends\u201c sollten Sie nicht verpassen.<\/p>\n<p>Im Spiel k\u00f6nnen die Spieler mit den Regenbogenfreunden interagieren, indem sie auf sie tippen und ihnen dabei zusehen, wie sie verschiedene Aktionen ausf\u00fchren. Die Charaktere k\u00f6nnen auch Minispiele spielen und an verschiedenen Aktivit\u00e4ten wie Backen oder Malen teilnehmen. Das Spiel ist so konzipiert, dass es einfach und leicht zu spielen ist, und es soll kleine Kinder unterhalten und erziehen.<\/p><\/div>","protected":false},"excerpt":{"rendered":"<p>Marke: MOC-Fabrik<br \/>\nGeschlecht: Unisex<br \/>\nAltersspanne: &gt; 6 Jahre alt<br \/>\nModellnummer: 89480<br \/>\nEinstufung: Assemblage<br \/>\nKunststoffblockform: Selbstsichernde Steine<br \/>\nMaterial: Kunststoff<br \/>\nKunststofftyp: ABS<br \/>\nZiegelsteine: 400 +<br \/>\nKein Kasten<\/p>","protected":false},"featured_media":41549,"comment_status":"open","ping_status":"closed","template":"","meta":{"_acf_changed":false},"product_cat":[1365,371,581,1408],"product_tag":[11284,11072,8452,6688,9139,434,6687],"class_list":["product","first","instock","shipping-taxable","purchasable","product-type-simple"],"acf":[],"_links":{"self":[{"href":"https:\/\/mouldking.store\/de\/wp-json\/wp\/v2\/product\/41561","targetHints":{"allow":["GET"]}}],"collection":[{"href":"https:\/\/mouldking.store\/de\/wp-json\/wp\/v2\/product"}],"about":[{"href":"https:\/\/mouldking.store\/de\/wp-json\/wp\/v2\/types\/product"}],"replies":[{"embeddable":true,"href":"https:\/\/mouldking.store\/de\/wp-json\/wp\/v2\/comments?post=41561"}],"wp:featuredmedia":[{"embeddable":true,"href":"https:\/\/mouldking.store\/de\/wp-json\/wp\/v2\/media\/41549"}],"wp:attachment":[{"href":"https:\/\/mouldking.store\/de\/wp-json\/wp\/v2\/media?parent=41561"}],"wp:term":[{"taxonomy":"product_cat","embeddable":true,"href":"https:\/\/mouldking.store\/de\/wp-json\/wp\/v2\/product_cat?post=41561"},{"taxonomy":"product_tag","embeddable":true,"href":"https:\/\/mouldking.store\/de\/wp-json\/wp\/v2\/product_tag?post=41561"}],"curies":[{"name":"wp","href":"https:\/\/api.w.org\/{rel}","templated":true}]}}