{"id":41576,"date":"2023-02-15T10:59:58","date_gmt":"2023-02-15T03:59:58","guid":{"rendered":"https:\/\/mouldking.store\/shop\/moc-factory-62351-brickheadz-build-link-from-the-legend-of-zelda-ocarina-of-time-with-155-pieces\/"},"modified":"2025-12-16T22:25:18","modified_gmt":"2025-12-16T15:25:18","slug":"moc-factory-62351-brickheadz-build-link-from-the-legend-of-zelda-ocarina-of-time-with-155-pieces","status":"publish","type":"product","link":"https:\/\/mouldking.store\/de\/shop\/moc-factory-62351-brickheadz-build-link-from-the-legend-of-zelda-ocarina-of-time-with-155-pieces\/","title":{"rendered":"MOC Factory 62351 Brickheadz Build Link aus The Legend of Zelda: Ocarina of Time mit 155 Teilen"},"content":{"rendered":"<div>\u2705 MOC-62351 Brickheadz Build Link aus The Legend of Zelda: Ocarina of Time<\/p>\n<p>\u2705 \u201eBrickHeadz\u201c ist ein Bausteinthema, das baubare Charaktere mit unverwechselbaren blockartigen Designs enth\u00e4lt. Link aus The Legend of Zelda: Ocarina of Time ist eine der Figuren, die in ein BrickHeadz-Set aufgenommen wurden.<\/p>\n<p>\ud83d\udeab WICHTIG!<\/p>\n<p>Produktname: Brickheadz Build Link aus The Legend of Zelda: Ocarina of Time<\/p>\n<p>Kategorie: Film<\/p>\n<p>Dieses Kit enth\u00e4lt: MOC-62351<\/p>\n<p>155 St\u00fcck Steine von guter Qualit\u00e4t<\/p>\n<p>Gr\u00f6\u00dfe: 5 x 4,8 x 8 cm<\/p>\n<p>Gewicht: 0,09 kg<\/p>\n<p>PDF-Anleitung<\/p>\n<p>\ud83d\udcccNatur des Protagonisten<\/p>\n<p>Die Einf\u00fchrung unserer stolzen Sammlung mit dem Namen \u201eBrickheadz Build Link from The Legend of Zelda: Ocarina of Time\u201c sollten Sie sich nicht entgehen lassen.<\/p>\n<p>Das BrickHeadz-Set f\u00fcr Link aus The Legend of Zelda: Ocarina of Time besteht aus 155 Teilen und enth\u00e4lt eine Anleitung zum Bau einer blockartigen Version der legend\u00e4ren Videospielfigur. Der fertige Bau ist \u00fcber zwei Zoll gro\u00df und zeigt Link&#039;s charakteristische gr\u00fcne Tunika, seinen Hut und seine blonden Haare sowie seinen Schild und sein Schwert.<\/p><\/div>","protected":false},"excerpt":{"rendered":"<p>Marke: MOC-Fabrik<br \/>\nGeschlecht: Unisex<br \/>\nAltersspanne: &gt; 6 Jahre alt<br \/>\nModellnummer: 62351<br \/>\nEinstufung: Assemblage<br \/>\nKunststoffblockform: Selbstsichernde Steine<br \/>\nMaterial: Kunststoff<br \/>\nKunststofftyp: ABS<br \/>\nZiegelsteine: 155 +<br \/>\nKein Kasten<\/p>","protected":false},"featured_media":41571,"comment_status":"open","ping_status":"closed","template":"","meta":{"_acf_changed":false},"product_cat":[1365,371,581,1408],"product_tag":[5623,11287,11072,8452,9139,11082,11083,434,11288,5773],"class_list":["product","first","instock","shipping-taxable","purchasable","product-type-simple"],"acf":[],"_links":{"self":[{"href":"https:\/\/mouldking.store\/de\/wp-json\/wp\/v2\/product\/41576","targetHints":{"allow":["GET"]}}],"collection":[{"href":"https:\/\/mouldking.store\/de\/wp-json\/wp\/v2\/product"}],"about":[{"href":"https:\/\/mouldking.store\/de\/wp-json\/wp\/v2\/types\/product"}],"replies":[{"embeddable":true,"href":"https:\/\/mouldking.store\/de\/wp-json\/wp\/v2\/comments?post=41576"}],"wp:featuredmedia":[{"embeddable":true,"href":"https:\/\/mouldking.store\/de\/wp-json\/wp\/v2\/media\/41571"}],"wp:attachment":[{"href":"https:\/\/mouldking.store\/de\/wp-json\/wp\/v2\/media?parent=41576"}],"wp:term":[{"taxonomy":"product_cat","embeddable":true,"href":"https:\/\/mouldking.store\/de\/wp-json\/wp\/v2\/product_cat?post=41576"},{"taxonomy":"product_tag","embeddable":true,"href":"https:\/\/mouldking.store\/de\/wp-json\/wp\/v2\/product_tag?post=41576"}],"curies":[{"name":"wp","href":"https:\/\/api.w.org\/{rel}","templated":true}]}}