{"id":41632,"date":"2023-02-15T11:56:59","date_gmt":"2023-02-15T04:56:59","guid":{"rendered":"https:\/\/mouldking.store\/shop\/moc-factory-77033-nasa-space-shuttle-10283-columbia-sts-1-external-fuel-tank-srb-addons-with-5707-pieces\/"},"modified":"2025-12-16T22:25:18","modified_gmt":"2025-12-16T15:25:18","slug":"moc-factory-77033-nasa-space-shuttle-10283-columbia-sts-1-external-fuel-tank-srb-addons-with-5707-pieces","status":"publish","type":"product","link":"https:\/\/mouldking.store\/de\/shop\/moc-factory-77033-nasa-space-shuttle-10283-columbia-sts-1-external-fuel-tank-srb-addons-with-5707-pieces\/","title":{"rendered":"MOC Factory 77033 NASA Space Shuttle (10283) \u2013 Columbia STS-1 Externer Kraftstofftank &amp; SRB Addons mit 5707 Teilen"},"content":{"rendered":"<div>\u2705 MOC-77033 NASA Space Shuttle (10283) \u2013 Columbia STS-1 Externer Kraftstofftank &amp; SRB Addons<\/p>\n<p>\u2705Das NASA Space Shuttle (10283) \u2013 Columbia STS-1 External Fuel Tank &amp; SRB Addons ist ein Bausteinset, mit dem Bauherren ein Modell des Space Shuttle erstellen k\u00f6nnen, komplett mit externem Kraftstofftank und Feststoffraketen-Boostern. Das Set ist Teil der Brick Creator Expert-Serie und wird f\u00fcr Kinder ab 14 Jahren empfohlen.<\/p>\n<p>\ud83d\udeab WICHTIG!<\/p>\n<p>Produktname: NASA Space Shuttle (10283) \u2013 Columbia STS-1 Externer Kraftstofftank &amp; SRB Addons<\/p>\n<p>Kategorie: Weltraum<\/p>\n<p>Dieses Kit enth\u00e4lt: MOC-77033<\/p>\n<p>5707 St\u00fcck Ziegel von guter Qualit\u00e4t<\/p>\n<p>Gr\u00f6\u00dfe: 24 x 16 x 70,4 cm<\/p>\n<p>Gewicht: 3,81 kg<\/p>\n<p>PDF-Anleitung<\/p>\n<p>\ud83d\udcccNatur des Protagonisten<\/p>\n<p>Die Einf\u00fchrung unserer stolzen Kollektion mit dem Namen \u201eNASA Space Shuttle (10283) \u2013 Columbia STS-1 External Fuel Tank &amp; SRB Addons\u201c sollten Sie nicht verpassen.<\/p>\n<p>Das Set umfasst \u00fcber 5.700 Teile und ist so konzipiert, dass es sehr detailliert und genau dem realen Space Shuttle entspricht. Das Modell verf\u00fcgt \u00fcber einen abnehmbaren externen Kraftstofftank und zwei abnehmbare Feststoffraketen-Booster sowie ein hochdetailliertes Cockpit und eine Ladebucht. Das NASA Space Shuttle (10283) \u2013 Columbia STS-1 External Fuel Tank &amp; SRB Addons ist ein hochdetailliertes und herausforderndes Bausteinset, das f\u00fcr erfahrene Baumeister und Fans der Weltraumforschung entwickelt wurde. Es ist eine gro\u00dfartige M\u00f6glichkeit, etwas \u00fcber die Geschichte des Space Shuttles und seine Rolle in der Weltraumforschung zu erfahren, und es ist ein gro\u00dfartiges Ausstellungsst\u00fcck f\u00fcr Fans von Backstein und NASA gleicherma\u00dfen.<\/p><\/div>","protected":false},"excerpt":{"rendered":"<p>Marke: MOC-Fabrik<br \/>\nGeschlecht: Unisex<br \/>\nAltersspanne: &gt; 14 Jahre alt<br \/>\nModellnummer: 77033<br \/>\nEinstufung: Assemblage<br \/>\nKunststoffblockform: Selbstsichernde Steine<br \/>\nMaterial: Kunststoff<br \/>\nKunststofftyp: ABS<br \/>\nZiegelsteine: 5707 +<br \/>\nKein Kasten<\/p>","protected":false},"featured_media":41626,"comment_status":"open","ping_status":"closed","template":"","meta":{"_acf_changed":false},"product_cat":[1357,6016,364],"product_tag":[11299,11295,11296,11297,6111,9235,2276,11298,485,389],"class_list":["product","first","instock","shipping-taxable","purchasable","product-type-simple"],"acf":[],"_links":{"self":[{"href":"https:\/\/mouldking.store\/de\/wp-json\/wp\/v2\/product\/41632","targetHints":{"allow":["GET"]}}],"collection":[{"href":"https:\/\/mouldking.store\/de\/wp-json\/wp\/v2\/product"}],"about":[{"href":"https:\/\/mouldking.store\/de\/wp-json\/wp\/v2\/types\/product"}],"replies":[{"embeddable":true,"href":"https:\/\/mouldking.store\/de\/wp-json\/wp\/v2\/comments?post=41632"}],"wp:featuredmedia":[{"embeddable":true,"href":"https:\/\/mouldking.store\/de\/wp-json\/wp\/v2\/media\/41626"}],"wp:attachment":[{"href":"https:\/\/mouldking.store\/de\/wp-json\/wp\/v2\/media?parent=41632"}],"wp:term":[{"taxonomy":"product_cat","embeddable":true,"href":"https:\/\/mouldking.store\/de\/wp-json\/wp\/v2\/product_cat?post=41632"},{"taxonomy":"product_tag","embeddable":true,"href":"https:\/\/mouldking.store\/de\/wp-json\/wp\/v2\/product_tag?post=41632"}],"curies":[{"name":"wp","href":"https:\/\/api.w.org\/{rel}","templated":true}]}}