{"id":41649,"date":"2023-02-15T12:13:34","date_gmt":"2023-02-15T05:13:34","guid":{"rendered":"https:\/\/mouldking.store\/shop\/moc-factory-89476-tree-house-with-532-pieces\/"},"modified":"2025-12-16T22:25:18","modified_gmt":"2025-12-16T15:25:18","slug":"moc-factory-89476-tree-house-with-532-pieces","status":"publish","type":"product","link":"https:\/\/mouldking.store\/de\/shop\/moc-factory-89476-tree-house-with-532-pieces\/","title":{"rendered":"MOC Factory 89476 Baumhaus mit 532 Teilen"},"content":{"rendered":"<div>\u2705 MOC-89476 Baumhaus<\/p>\n<p>\u2705 Ein Baumhaus ist eine kleine Struktur oder eine Plattform, die in den \u00c4sten eines Baumes gebaut ist und normalerweise vom Boden abhebt. Baumh\u00e4user werden oft als Spielplatz oder R\u00fcckzugsort genutzt und bieten eine einzigartige Perspektive auf die umliegende Landschaft und ein Gef\u00fchl von Abenteuer und Privatsph\u00e4re.<\/p>\n<p>\ud83d\udeab WICHTIG!<\/p>\n<p>Produktname: Baumhaus<\/p>\n<p>Kategorie: Sch\u00f6pfer<\/p>\n<p>Dieses Kit enth\u00e4lt: MOC-89476<\/p>\n<p>532 St\u00fcck Ziegel von guter Qualit\u00e4t<\/p>\n<p>Gr\u00f6\u00dfe: 20 x 19,5 x 26 cm<\/p>\n<p>Gewicht: 0,51 kg<\/p>\n<p>PDF-Anleitung<\/p>\n<p>\ud83d\udcccNatur des Protagonisten<\/p>\n<p>Die Einf\u00fchrung unserer stolzen Kollektion namens \u201eTree House\u201c sollten Sie nicht verpassen.<\/p>\n<p>Das Design eines Baumhauses kann sehr unterschiedlich sein, aber normalerweise handelt es sich um eine Holzplattform, die um den Stamm eines stabilen Baumes herum gebaut oder von mehreren B\u00e4umen getragen wird. Die Struktur kann \u00fcber eine Leiter, eine Seilbr\u00fccke oder andere Mittel erreicht werden.<\/p><\/div>","protected":false},"excerpt":{"rendered":"<p>Marke: MOC-Fabrik<br \/>\nGeschlecht: Unisex<br \/>\nAltersspanne: &gt; 6 Jahre alt<br \/>\nModellnummer: 89476<br \/>\nEinstufung: Assemblage<br \/>\nKunststoffblockform: Selbstsichernde Steine<br \/>\nMaterial: Kunststoff<br \/>\nKunststofftyp: ABS<br \/>\nZiegelsteine: 532 +<br \/>\nMit Box<\/p>","protected":false},"featured_media":41642,"comment_status":"open","ping_status":"closed","template":"","meta":{"_acf_changed":false},"product_cat":[1365,371],"product_tag":[11072,8452,2318,5983],"class_list":["product","first","instock","shipping-taxable","purchasable","product-type-simple"],"acf":[],"_links":{"self":[{"href":"https:\/\/mouldking.store\/de\/wp-json\/wp\/v2\/product\/41649","targetHints":{"allow":["GET"]}}],"collection":[{"href":"https:\/\/mouldking.store\/de\/wp-json\/wp\/v2\/product"}],"about":[{"href":"https:\/\/mouldking.store\/de\/wp-json\/wp\/v2\/types\/product"}],"replies":[{"embeddable":true,"href":"https:\/\/mouldking.store\/de\/wp-json\/wp\/v2\/comments?post=41649"}],"wp:featuredmedia":[{"embeddable":true,"href":"https:\/\/mouldking.store\/de\/wp-json\/wp\/v2\/media\/41642"}],"wp:attachment":[{"href":"https:\/\/mouldking.store\/de\/wp-json\/wp\/v2\/media?parent=41649"}],"wp:term":[{"taxonomy":"product_cat","embeddable":true,"href":"https:\/\/mouldking.store\/de\/wp-json\/wp\/v2\/product_cat?post=41649"},{"taxonomy":"product_tag","embeddable":true,"href":"https:\/\/mouldking.store\/de\/wp-json\/wp\/v2\/product_tag?post=41649"}],"curies":[{"name":"wp","href":"https:\/\/api.w.org\/{rel}","templated":true}]}}