{"id":41667,"date":"2023-02-15T12:33:24","date_gmt":"2023-02-15T05:33:24","guid":{"rendered":"https:\/\/mouldking.store\/shop\/moc-factory-89474-stranger-things-eddie-munsons-campervan-with-1059-pieces\/"},"modified":"2025-12-16T22:25:17","modified_gmt":"2025-12-16T15:25:17","slug":"moc-factory-89474-stranger-things-eddie-munsons-campervan-with-1059-pieces","status":"publish","type":"product","link":"https:\/\/mouldking.store\/de\/shop\/moc-factory-89474-stranger-things-eddie-munsons-campervan-with-1059-pieces\/","title":{"rendered":"MOC Factory 89474 Stranger Things Eddie Munsons Campervan mit 1059 Teilen"},"content":{"rendered":"<div>\u2705 MOC-89474 Stranger Things Eddie Munsons Wohnmobil<\/p>\n<p>\u2705Eddie Munsons Campervan ist ein Fahrzeug, das in der dritten Staffel der beliebten Netflix-Serie \u201eStranger Things\u201c erscheint. Es wird von der Figur Eddie Munson angetrieben, der Rettungsschwimmer im Hawkins Community Pool ist.<\/p>\n<p>\ud83d\udeab WICHTIG!<\/p>\n<p>Produktname: Stranger Things Eddie Munsons Campervan<\/p>\n<p>Kategorie: Sch\u00f6pfer<\/p>\n<p>Dieses Kit enth\u00e4lt: MOC-89474<\/p>\n<p>1059 St\u00fcck Steine von guter Qualit\u00e4t<\/p>\n<p>Gr\u00f6\u00dfe: 30 x 18,7 x 18,9 cm<\/p>\n<p>Gr\u00f6\u00dfe: 37 \u00d7 17 \u00d7 45,5 cm<\/p>\n<p>Gewicht: 1,2 kg<\/p>\n<p>\ud83d\udcccNatur des Protagonisten<\/p>\n<p>Die Einf\u00fchrung unserer stolzen Kollektion mit dem Namen \u201eStranger Things Eddie Munson&#039;s Campervan\u201c sollten Sie sich nicht entgehen lassen.<\/p>\n<p>Der Van spielt in der dritten Staffel eine bedeutende Rolle, da er von den Hauptfiguren als Transportmittel zu verschiedenen Orten in Hawkins, Indiana, verwendet wird. Auch das Interieur des Campers wird in mehreren Szenen gezeigt, mit einem gem\u00fctlichen und nostalgischen Design, das von den 1970er Jahren inspiriert ist.<\/p><\/div>","protected":false},"excerpt":{"rendered":"<p>Marke: MOC-Fabrik<br \/>\nGeschlecht: Unisex<br \/>\nAltersspanne: &gt; 8 Jahre alt<br \/>\nModellnummer: 89474<br \/>\nEinstufung: Assemblage<br \/>\nKunststoffblockform: Selbstsichernde Steine<br \/>\nMaterial: Kunststoff<br \/>\nKunststofftyp: ABS<br \/>\nZiegelsteine: 1059 +<br \/>\nKein Kasten<\/p>","protected":false},"featured_media":41658,"comment_status":"open","ping_status":"closed","template":"","meta":{"_acf_changed":false},"product_cat":[1365,371],"product_tag":[11072,8452,11302,11301,11303,5944],"class_list":["product","first","instock","shipping-taxable","purchasable","product-type-simple"],"acf":[],"_links":{"self":[{"href":"https:\/\/mouldking.store\/de\/wp-json\/wp\/v2\/product\/41667","targetHints":{"allow":["GET"]}}],"collection":[{"href":"https:\/\/mouldking.store\/de\/wp-json\/wp\/v2\/product"}],"about":[{"href":"https:\/\/mouldking.store\/de\/wp-json\/wp\/v2\/types\/product"}],"replies":[{"embeddable":true,"href":"https:\/\/mouldking.store\/de\/wp-json\/wp\/v2\/comments?post=41667"}],"wp:featuredmedia":[{"embeddable":true,"href":"https:\/\/mouldking.store\/de\/wp-json\/wp\/v2\/media\/41658"}],"wp:attachment":[{"href":"https:\/\/mouldking.store\/de\/wp-json\/wp\/v2\/media?parent=41667"}],"wp:term":[{"taxonomy":"product_cat","embeddable":true,"href":"https:\/\/mouldking.store\/de\/wp-json\/wp\/v2\/product_cat?post=41667"},{"taxonomy":"product_tag","embeddable":true,"href":"https:\/\/mouldking.store\/de\/wp-json\/wp\/v2\/product_tag?post=41667"}],"curies":[{"name":"wp","href":"https:\/\/api.w.org\/{rel}","templated":true}]}}