{"id":41677,"date":"2023-02-15T14:17:25","date_gmt":"2023-02-15T07:17:25","guid":{"rendered":"https:\/\/mouldking.store\/shop\/moc-factory-89473-choo-choo-charles-thomas-exe-with-198-pieces\/"},"modified":"2025-12-16T22:25:17","modified_gmt":"2025-12-16T15:25:17","slug":"moc-factory-89473-choo-choo-charles-thomas-exe-with-198-pieces","status":"publish","type":"product","link":"https:\/\/mouldking.store\/de\/shop\/moc-factory-89473-choo-choo-charles-thomas-exe-with-198-pieces\/","title":{"rendered":"MOC Factory 89473 Choo Choo Charles Thomas EXE mit 198 St\u00fcck"},"content":{"rendered":"<div>\u2705 MOC-89473 Choo Choo Charles Thomas EXE<\/p>\n<p>\u2705 Choo Choo Charles ist ein von Battat hergestelltes Spielzeugeisenbahn-Set aus Holz. Es wurde f\u00fcr kleine Kinder entwickelt und ist Teil der Produktlinie von B. Toys. Das Choo-Choo-Charles-Zugset umfasst normalerweise eine farbenfrohe Holzlokomotive, ein paar Holzwaggons und eine Reihe von Holzschienen, die zu verschiedenen Konfigurationen zusammengebaut werden k\u00f6nnen.<\/p>\n<p>\ud83d\udeab WICHTIG!<\/p>\n<p>Produktname: Choo Choo Charles Thomas EXE<\/p>\n<p>Kategorie: Sch\u00f6pfer<\/p>\n<p>Dieses Kit enth\u00e4lt: MOC-89473&nbsp;<\/p>\n<p>198 St\u00fcck Steine von guter Qualit\u00e4t<\/p>\n<p>Gr\u00f6\u00dfe: 17,5 x 16,5 x 6,8 cm<\/p>\n<p>Gewicht: 0,09 kg<\/p>\n<p>PDF-Anleitung<\/p>\n<p>\ud83d\udcccNatur des Protagonisten<\/p>\n<p>Die Einf\u00fchrung unserer stolzen Kollektion mit dem Namen \u201eChoo Choo Charles Thomas EXE\u201c sollten Sie sich nicht entgehen lassen.<\/p>\n<p>Das Zugset Choo Choo Charles wurde entwickelt, um das fantasievolle Spielen und die Feinmotorik bei kleinen Kindern zu f\u00f6rdern. Das Zugset wird oft f\u00fcr seine Langlebigkeit, leuchtenden Farben und sein einfach zu bedienendes Schienensystem gelobt. Das Set kann eine gro\u00dfartige Einf\u00fchrung in Z\u00fcge f\u00fcr kleine Kinder sein und stundenlange Unterhaltung und Spa\u00df bieten.<\/p><\/div>","protected":false},"excerpt":{"rendered":"<p>Marke: MOC-Fabrik<br \/>\nGeschlecht: Unisex<br \/>\nAltersspanne: &gt; 8 Jahre alt<br \/>\nModellnummer: 89473<br \/>\nEinstufung: Assemblage<br \/>\nKunststoffblockform: Selbstsichernde Steine<br \/>\nMaterial: Kunststoff<br \/>\nKunststofftyp: ABS<br \/>\nZiegelsteine: 198 +<br \/>\nKein Kasten<\/p>","protected":false},"featured_media":41668,"comment_status":"open","ping_status":"closed","template":"","meta":{"_acf_changed":false},"product_cat":[1365,371],"product_tag":[10876,11072,8452,9139,11304],"class_list":["product","first","instock","shipping-taxable","purchasable","product-type-simple"],"acf":[],"_links":{"self":[{"href":"https:\/\/mouldking.store\/de\/wp-json\/wp\/v2\/product\/41677","targetHints":{"allow":["GET"]}}],"collection":[{"href":"https:\/\/mouldking.store\/de\/wp-json\/wp\/v2\/product"}],"about":[{"href":"https:\/\/mouldking.store\/de\/wp-json\/wp\/v2\/types\/product"}],"replies":[{"embeddable":true,"href":"https:\/\/mouldking.store\/de\/wp-json\/wp\/v2\/comments?post=41677"}],"wp:featuredmedia":[{"embeddable":true,"href":"https:\/\/mouldking.store\/de\/wp-json\/wp\/v2\/media\/41668"}],"wp:attachment":[{"href":"https:\/\/mouldking.store\/de\/wp-json\/wp\/v2\/media?parent=41677"}],"wp:term":[{"taxonomy":"product_cat","embeddable":true,"href":"https:\/\/mouldking.store\/de\/wp-json\/wp\/v2\/product_cat?post=41677"},{"taxonomy":"product_tag","embeddable":true,"href":"https:\/\/mouldking.store\/de\/wp-json\/wp\/v2\/product_tag?post=41677"}],"curies":[{"name":"wp","href":"https:\/\/api.w.org\/{rel}","templated":true}]}}