{"id":41685,"date":"2023-02-15T14:30:02","date_gmt":"2023-02-15T07:30:02","guid":{"rendered":"https:\/\/mouldking.store\/shop\/moc-factory-89472-thing-from-netflixs-wednesday-with-414-pieces\/"},"modified":"2025-12-16T22:25:17","modified_gmt":"2025-12-16T15:25:17","slug":"moc-factory-89472-thing-from-netflixs-wednesday-with-414-pieces","status":"publish","type":"product","link":"https:\/\/mouldking.store\/de\/shop\/moc-factory-89472-thing-from-netflixs-wednesday-with-414-pieces\/","title":{"rendered":"MOC Factory 89472 Ding aus Netflix&#039;s Wednesday mit 414 St\u00fcck"},"content":{"rendered":"<div>\u2705 MOC-89472 Ding vom Mittwoch von Netflix<\/p>\n<p>\u2705The Hand Thing ist eine mysteri\u00f6se Figur aus der Netflix-Serie \u201eWednesday\u201c, einer Coming-of-Age-Kom\u00f6die, die das fr\u00fche Leben von Wednesday Addams, der Tochter von Gomez und Morticia Addams, erforscht. The Hand Thing tritt in einigen Folgen der Serie als Helferin und Vertraute bis Mittwoch auf.<\/p>\n<p>\ud83d\udeab WICHTIG!<\/p>\n<p>Produktname: Ding aus dem Netflix-Mittwoch<\/p>\n<p>Kategorie: Film<\/p>\n<p>Dieses Kit enth\u00e4lt: MOC-89472<\/p>\n<p>414 St\u00fcck Steine von guter Qualit\u00e4t<\/p>\n<p>Gr\u00f6\u00dfe: 14,1 x 19 x 11,9 cm<\/p>\n<p>Gewicht: 0,23 kg<\/p>\n<p>PDF-Anleitung<\/p>\n<p>\ud83d\udcccNatur des Protagonisten<\/p>\n<p>Die Einf\u00fchrung unserer stolzen Sammlung mit dem Namen \u201eThing from Netflix&#039;s Wednesday\u201c sollten Sie nicht verpassen.<\/p>\n<p>The Hand Thing ist eine k\u00f6rperlose Hand, die in der Luft schwebt und durch Handgesten und Geb\u00e4rdensprache kommuniziert. Die Hand scheint einen eigenen Kopf zu haben und kann sich auch ohne K\u00f6rper frei bewegen. The Hand Thing wird als treuer Freund von Wednesday dargestellt, der immer eine helfende Hand anbietet und emotionale Unterst\u00fctzung bietet.<\/p><\/div>","protected":false},"excerpt":{"rendered":"<p>Marke: MOC-Fabrik<br \/>\nGeschlecht: Unisex<br \/>\nAltersspanne: &gt; 6 Jahre alt<br \/>\nModellnummer: 89472<br \/>\nEinstufung: Assemblage<br \/>\nKunststoffblockform: Selbstsichernde Steine<br \/>\nMaterial: Kunststoff<br \/>\nKunststofftyp: ABS<br \/>\nZiegelsteine: 414 +<br \/>\nKein Kasten<\/p>","protected":false},"featured_media":41678,"comment_status":"open","ping_status":"closed","template":"","meta":{"_acf_changed":false},"product_cat":[1365,371,581,1408],"product_tag":[11072,8452,434,11306,11305,11307],"class_list":["product","first","instock","shipping-taxable","purchasable","product-type-simple"],"acf":[],"_links":{"self":[{"href":"https:\/\/mouldking.store\/de\/wp-json\/wp\/v2\/product\/41685","targetHints":{"allow":["GET"]}}],"collection":[{"href":"https:\/\/mouldking.store\/de\/wp-json\/wp\/v2\/product"}],"about":[{"href":"https:\/\/mouldking.store\/de\/wp-json\/wp\/v2\/types\/product"}],"replies":[{"embeddable":true,"href":"https:\/\/mouldking.store\/de\/wp-json\/wp\/v2\/comments?post=41685"}],"wp:featuredmedia":[{"embeddable":true,"href":"https:\/\/mouldking.store\/de\/wp-json\/wp\/v2\/media\/41678"}],"wp:attachment":[{"href":"https:\/\/mouldking.store\/de\/wp-json\/wp\/v2\/media?parent=41685"}],"wp:term":[{"taxonomy":"product_cat","embeddable":true,"href":"https:\/\/mouldking.store\/de\/wp-json\/wp\/v2\/product_cat?post=41685"},{"taxonomy":"product_tag","embeddable":true,"href":"https:\/\/mouldking.store\/de\/wp-json\/wp\/v2\/product_tag?post=41685"}],"curies":[{"name":"wp","href":"https:\/\/api.w.org\/{rel}","templated":true}]}}