{"id":41713,"date":"2023-02-15T14:57:53","date_gmt":"2023-02-15T07:57:53","guid":{"rendered":"https:\/\/mouldking.store\/shop\/pinbao-7702-the-office-boss-on-top-with-3711-pieces\/"},"modified":"2023-02-15T14:57:53","modified_gmt":"2023-02-15T07:57:53","slug":"pinbao-7702-the-office-boss-on-top-with-3711-pieces","status":"publish","type":"product","link":"https:\/\/mouldking.store\/de\/shop\/pinbao-7702-the-office-boss-on-top-with-3711-pieces\/","title":{"rendered":"PINBAO 7702 Das B\u00fcro &#039;Boss On Top&#039; mit 3711 Teilen"},"content":{"rendered":"<div>\u2705 PINBAO 7702 Das B\u00fcro &#039;Boss an der Spitze&#039;<\/p>\n<p>\u2705The Office \u201eBoss on top\u201c ist ein Bausteinset, das auf der Fernsehsendung \u201eThe Office\u201c basiert und ein Geb\u00e4ude enth\u00e4lt, das das B\u00fcrogeb\u00e4ude von Dunder Mifflin mit dem Titel \u201eBoss on Top\u201c darstellt.<\/p>\n<p>\ud83d\udeab WICHTIG!<\/p>\n<p>Produktname: Das B\u00fcro \u201eBoss On Top\u201c<\/p>\n<p>Kategorie: Modulares Bauen<\/p>\n<p>Dieses Kit enth\u00e4lt: PINBAO 7702<\/p>\n<p>3711 St\u00fcck Ziegel von guter Qualit\u00e4t<\/p>\n<p>Gr\u00f6\u00dfe: 25,6 \u00d7 25,9 \u00d7 33,1 cm<\/p>\n<p>Manuelle Anweisungen<\/p>\n<p>\ud83d\udcccNatur des Protagonisten<\/p>\n<p>Die Einf\u00fchrung unserer stolzen Kollektion mit dem Namen \u201eThe Office &#039;Boss On Top&#039;\u201c sollten Sie sich nicht entgehen lassen.<\/p>\n<p>Das Set enth\u00e4lt 3.711 Bausteinteile und wurde erstmals im Jahr 2022 ver\u00f6ffentlicht. Es ist Teil der Street View-Reihe von Bausteinsets, mit denen reale Orte und Sehensw\u00fcrdigkeiten mithilfe von Bausteinen in Miniaturform nachgebildet werden sollen.<\/p><\/div>","protected":false},"excerpt":{"rendered":"<p>Marke: PINBAO<br \/>\nGeschlecht: Unisex<br \/>\nAltersspanne: &gt; 6 Jahre alt<br \/>\nModellnummer: 7702<br \/>\nEinstufung: Assemblage<br \/>\nKunststoffblockform: Selbstsichernde Steine<br \/>\nMaterial: Kunststoff<br \/>\nKunststofftyp: ABS<br \/>\nZiegelsteine: 3711 +<br \/>\nMit Licht<br \/>\nVorverkauf am 25.02<\/p>","protected":false},"featured_media":41710,"comment_status":"open","ping_status":"closed","template":"","meta":{"_acf_changed":false},"product_cat":[1395,390],"product_tag":[4883,392,10602],"class_list":["product","first","instock","shipping-taxable","purchasable","product-type-simple"],"acf":[],"_links":{"self":[{"href":"https:\/\/mouldking.store\/de\/wp-json\/wp\/v2\/product\/41713","targetHints":{"allow":["GET"]}}],"collection":[{"href":"https:\/\/mouldking.store\/de\/wp-json\/wp\/v2\/product"}],"about":[{"href":"https:\/\/mouldking.store\/de\/wp-json\/wp\/v2\/types\/product"}],"replies":[{"embeddable":true,"href":"https:\/\/mouldking.store\/de\/wp-json\/wp\/v2\/comments?post=41713"}],"wp:featuredmedia":[{"embeddable":true,"href":"https:\/\/mouldking.store\/de\/wp-json\/wp\/v2\/media\/41710"}],"wp:attachment":[{"href":"https:\/\/mouldking.store\/de\/wp-json\/wp\/v2\/media?parent=41713"}],"wp:term":[{"taxonomy":"product_cat","embeddable":true,"href":"https:\/\/mouldking.store\/de\/wp-json\/wp\/v2\/product_cat?post=41713"},{"taxonomy":"product_tag","embeddable":true,"href":"https:\/\/mouldking.store\/de\/wp-json\/wp\/v2\/product_tag?post=41713"}],"curies":[{"name":"wp","href":"https:\/\/api.w.org\/{rel}","templated":true}]}}