{"id":41717,"date":"2023-02-15T15:08:45","date_gmt":"2023-02-15T08:08:45","guid":{"rendered":"https:\/\/mouldking.store\/shop\/custom-6201-super-heros-iron-hero-mechanical-iron-man-with-1385-pieces\/"},"modified":"2023-02-15T15:08:45","modified_gmt":"2023-02-15T08:08:45","slug":"custom-6201-super-heros-iron-hero-mechanical-iron-man-with-1385-pieces","status":"publish","type":"product","link":"https:\/\/mouldking.store\/de\/shop\/custom-6201-super-heros-iron-hero-mechanical-iron-man-with-1385-pieces\/","title":{"rendered":"Custom 6201 Super Heros Iron Hero Mechanischer Iron Man mit 1385 St\u00fcck"},"content":{"rendered":"<div>\u2705 Custom 6201 Super Heros Iron Hero Mechanischer Iron Man<\/p>\n<p>\u2705Iron Man ist ein Charakter, der eine High-Tech-R\u00fcstung tr\u00e4gt, die seine St\u00e4rke, Geschwindigkeit und Haltbarkeit verbessert. Der Anzug wird von einem von Stark entworfenen Lichtbogenreaktor angetrieben und enth\u00e4lt eine Reihe von Waffen und Werkzeugen, mit denen Iron Man fliegen und Verbrechen bek\u00e4mpfen kann.<\/p>\n<p>\ud83d\udeab WICHTIG!<\/p>\n<p>Produktname: Super Heros Iron Hero Mechanischer Iron Man<\/p>\n<p>Kategorie: Film<\/p>\n<p>Dieses Kit enth\u00e4lt: Benutzerdefiniert 6201<\/p>\n<p>1385 St\u00fcck Steine von guter Qualit\u00e4t<\/p>\n<p>Gr\u00f6\u00dfe: 24 x 11 x 41 cm<\/p>\n<p>Manuelle Anweisungen<\/p>\n<p>\ud83d\udcccNatur des Protagonisten<\/p>\n<p>Die Einf\u00fchrung unserer stolzen Kollektion mit dem Namen \u201eSuper Heros Iron Hero Mechanical Iron Man\u201c sollten Sie nicht verpassen.<\/p>\n<p>W\u00e4hrend seiner vielen Auftritte in Comics, Filmen und anderen Medien hat sich Iron Man einer Vielzahl von B\u00f6sewichten und Herausforderungen gestellt, darunter anderen \u00fcberm\u00e4chtigen Wesen und globalen Bedrohungen f\u00fcr die Menschheit. Er ist bekannt f\u00fcr seinen schnellen Verstand, seinen strategischen Verstand und seine High-Tech-Gadgets und wird oft als einer der bekanntesten und beliebtesten Charaktere im Marvel-Universum angesehen.<\/p><\/div>","protected":false},"excerpt":{"rendered":"<p>Marke: Benutzerdefiniert<br \/>\nGeschlecht: Unisex<br \/>\nAltersspanne: &gt; 8 Jahre alt<br \/>\nModellnummer: 6201<br \/>\nEinstufung: Assemblage<br \/>\nKunststoffblockform: Selbstsichernde Steine<br \/>\nMaterial: Kunststoff<br \/>\nKunststofftyp: ABS<br \/>\nZiegelsteine: 1385 +<br \/>\nKein Kasten<\/p>","protected":false},"featured_media":41714,"comment_status":"open","ping_status":"closed","template":"","meta":{"_acf_changed":false},"product_cat":[1365,581,1408],"product_tag":[8452,1856,434,2462],"class_list":["product","first","instock","shipping-taxable","purchasable","product-type-simple"],"acf":[],"_links":{"self":[{"href":"https:\/\/mouldking.store\/de\/wp-json\/wp\/v2\/product\/41717","targetHints":{"allow":["GET"]}}],"collection":[{"href":"https:\/\/mouldking.store\/de\/wp-json\/wp\/v2\/product"}],"about":[{"href":"https:\/\/mouldking.store\/de\/wp-json\/wp\/v2\/types\/product"}],"replies":[{"embeddable":true,"href":"https:\/\/mouldking.store\/de\/wp-json\/wp\/v2\/comments?post=41717"}],"wp:featuredmedia":[{"embeddable":true,"href":"https:\/\/mouldking.store\/de\/wp-json\/wp\/v2\/media\/41714"}],"wp:attachment":[{"href":"https:\/\/mouldking.store\/de\/wp-json\/wp\/v2\/media?parent=41717"}],"wp:term":[{"taxonomy":"product_cat","embeddable":true,"href":"https:\/\/mouldking.store\/de\/wp-json\/wp\/v2\/product_cat?post=41717"},{"taxonomy":"product_tag","embeddable":true,"href":"https:\/\/mouldking.store\/de\/wp-json\/wp\/v2\/product_tag?post=41717"}],"curies":[{"name":"wp","href":"https:\/\/api.w.org\/{rel}","templated":true}]}}