{"id":41736,"date":"2023-02-16T09:24:44","date_gmt":"2023-02-16T02:24:44","guid":{"rendered":"https:\/\/mouldking.store\/shop\/moc-factory-70542-gunpowder-barrel-with-744-pieces\/"},"modified":"2025-12-16T22:25:17","modified_gmt":"2025-12-16T15:25:17","slug":"moc-factory-70542-gunpowder-barrel-with-744-pieces","status":"publish","type":"product","link":"https:\/\/mouldking.store\/de\/shop\/moc-factory-70542-gunpowder-barrel-with-744-pieces\/","title":{"rendered":"MOC Factory 70542 Schie\u00dfpulverfass mit 744 St\u00fcck"},"content":{"rendered":"<div>\u2705 MOC-70542 Schie\u00dfpulverfass<\/p>\n<p>\u2705 Schie\u00dfpulverfass ist ein Holzfass oder Fass, das mit Schie\u00dfpulver gef\u00fcllt ist, das eine hochexplosive Substanz ist. In den Filmen werden Schie\u00dfpulverf\u00e4sser oft als Handlungsinstrument verwendet, um intensive Actionsequenzen zu erstellen, z. B. wenn sie verwendet werden, um Schiffe oder Befestigungen in die Luft zu sprengen.<\/p>\n<p>\ud83d\udeab WICHTIG!<\/p>\n<p>Produktname: Schie\u00dfpulverfass<\/p>\n<p>Kategorie: Sch\u00f6pfer<\/p>\n<p>Dieses Kit enth\u00e4lt: MOC-70542<\/p>\n<p>744 St\u00fcck Steine von guter Qualit\u00e4t<\/p>\n<p>PDF-Anleitung<\/p>\n<p>\ud83d\udcccNatur des Protagonisten<\/p>\n<p>Die Einf\u00fchrung unserer stolzen Kollektion namens \u201eGunpowder Barrel\u201c sollten Sie nicht verpassen.<\/p>\n<p>Piraten verwendeten oft Schie\u00dfpulverf\u00e4sser als Waffe, indem sie sie entweder auf ein feindliches Schiff warfen oder sie strategisch in einer Festung oder einer anderen Verteidigungsstruktur platzierten. Die Idee ist, dass, wenn der Lauf von Sch\u00fcssen getroffen wird, er explodieren und eine massive Explosion verursachen k\u00f6nnte, die m\u00f6glicherweise viele Menschen t\u00f6tet und erheblichen Schaden anrichtet.<\/p><\/div>","protected":false},"excerpt":{"rendered":"<p>Marke: MOC-Fabrik<br \/>\nGeschlecht: Unisex<br \/>\nAltersspanne: &gt; 12 Jahre alt<br \/>\nModellnummer: 70542<br \/>\nEinstufung: Assemblage<br \/>\nKunststoffblockform: Selbstsichernde Steine<br \/>\nMaterial: Kunststoff<br \/>\nKunststofftyp: ABS<br \/>\nZiegelsteine: 744 +<br \/>\nVorbereitungszeit: 4-8 Wochen<\/p>","protected":false},"featured_media":41735,"comment_status":"open","ping_status":"closed","template":"","meta":{"_acf_changed":false},"product_cat":[1365,371,581,1408],"product_tag":[11312,11072,8452,6942,434,2429],"class_list":["product","first","instock","shipping-taxable","purchasable","product-type-simple"],"acf":[],"_links":{"self":[{"href":"https:\/\/mouldking.store\/de\/wp-json\/wp\/v2\/product\/41736","targetHints":{"allow":["GET"]}}],"collection":[{"href":"https:\/\/mouldking.store\/de\/wp-json\/wp\/v2\/product"}],"about":[{"href":"https:\/\/mouldking.store\/de\/wp-json\/wp\/v2\/types\/product"}],"replies":[{"embeddable":true,"href":"https:\/\/mouldking.store\/de\/wp-json\/wp\/v2\/comments?post=41736"}],"wp:featuredmedia":[{"embeddable":true,"href":"https:\/\/mouldking.store\/de\/wp-json\/wp\/v2\/media\/41735"}],"wp:attachment":[{"href":"https:\/\/mouldking.store\/de\/wp-json\/wp\/v2\/media?parent=41736"}],"wp:term":[{"taxonomy":"product_cat","embeddable":true,"href":"https:\/\/mouldking.store\/de\/wp-json\/wp\/v2\/product_cat?post=41736"},{"taxonomy":"product_tag","embeddable":true,"href":"https:\/\/mouldking.store\/de\/wp-json\/wp\/v2\/product_tag?post=41736"}],"curies":[{"name":"wp","href":"https:\/\/api.w.org\/{rel}","templated":true}]}}