{"id":41752,"date":"2023-02-16T10:01:54","date_gmt":"2023-02-16T03:01:54","guid":{"rendered":"https:\/\/mouldking.store\/shop\/moc-factory-51965-western-train-station-with-2233-pieces\/"},"modified":"2025-12-16T22:25:17","modified_gmt":"2025-12-16T15:25:17","slug":"moc-factory-51965-western-train-station-with-2233-pieces","status":"publish","type":"product","link":"https:\/\/mouldking.store\/de\/shop\/moc-factory-51965-western-train-station-with-2233-pieces\/","title":{"rendered":"MOC Factory 51965 Westbahnhof mit 2233 Teilen"},"content":{"rendered":"<div>\u2705 MOC-51965 Westbahnhof<\/p>\n<p>\u2705Ein Western Train Station ist ein Bahnhof, der im sp\u00e4ten 19. und fr\u00fchen 20. Jahrhundert im amerikanischen Westen gefunden worden w\u00e4re, als Eisenbahnen ein wichtiges Transport- und Kommunikationsmittel in der Region waren.<\/p>\n<p>\ud83d\udeab WICHTIG!<\/p>\n<p>Produktname: Westbahnhof<\/p>\n<p>Kategorie: Modulares Bauen<\/p>\n<p>Dieses Kit enth\u00e4lt: MOC-51965&nbsp;<\/p>\n<p>2233 St\u00fcck Ziegel von guter Qualit\u00e4t<\/p>\n<p>PDF-Anleitung<\/p>\n<p>\ud83d\udcccNatur des Protagonisten<\/p>\n<p>Die Einf\u00fchrung unserer stolzen Kollektion mit dem Namen \u201eWestern Train Station\u201c sollten Sie nicht verpassen.<\/p>\n<p>Die Architektur eines Westbahnhofs ist oft durch einen Stilmix gekennzeichnet, darunter viktorianische, romanische und Beaux-Arts. Das \u00c4u\u00dfere kann einen gro\u00dfen, markanten Glockenturm oder eine Kuppel mit einem Walm- oder Satteldach und Bogenfenstern und -t\u00fcren aufweisen. Das Geb\u00e4ude kann aus Ziegeln, Stein oder Holz gebaut sein und dekorative Elemente wie verzierte Schmiedearbeiten oder geschnitzte Steinmetzarbeiten aufweisen.<\/p><\/div>","protected":false},"excerpt":{"rendered":"<p>Marke: MOC-Fabrik<br \/>\nGeschlecht: Unisex<br \/>\nAltersspanne: &gt; 12 Jahre alt<br \/>\nModellnummer: 51965<br \/>\nEinstufung: Assemblage<br \/>\nKunststoffblockform: Selbstsichernde Steine<br \/>\nMaterial: Kunststoff<br \/>\nKunststofftyp: ABS<br \/>\nZiegelsteine: 2233 +<br \/>\nVorbereitungszeit: 4-8 Wochen<\/p>","protected":false},"featured_media":41750,"comment_status":"open","ping_status":"closed","template":"","meta":{"_acf_changed":false},"product_cat":[1395,390],"product_tag":[4883,392,2309,300,9100],"class_list":["product","first","instock","shipping-taxable","purchasable","product-type-simple"],"acf":[],"_links":{"self":[{"href":"https:\/\/mouldking.store\/de\/wp-json\/wp\/v2\/product\/41752","targetHints":{"allow":["GET"]}}],"collection":[{"href":"https:\/\/mouldking.store\/de\/wp-json\/wp\/v2\/product"}],"about":[{"href":"https:\/\/mouldking.store\/de\/wp-json\/wp\/v2\/types\/product"}],"replies":[{"embeddable":true,"href":"https:\/\/mouldking.store\/de\/wp-json\/wp\/v2\/comments?post=41752"}],"wp:featuredmedia":[{"embeddable":true,"href":"https:\/\/mouldking.store\/de\/wp-json\/wp\/v2\/media\/41750"}],"wp:attachment":[{"href":"https:\/\/mouldking.store\/de\/wp-json\/wp\/v2\/media?parent=41752"}],"wp:term":[{"taxonomy":"product_cat","embeddable":true,"href":"https:\/\/mouldking.store\/de\/wp-json\/wp\/v2\/product_cat?post=41752"},{"taxonomy":"product_tag","embeddable":true,"href":"https:\/\/mouldking.store\/de\/wp-json\/wp\/v2\/product_tag?post=41752"}],"curies":[{"name":"wp","href":"https:\/\/api.w.org\/{rel}","templated":true}]}}