{"id":41755,"date":"2023-02-16T10:10:36","date_gmt":"2023-02-16T03:10:36","guid":{"rendered":"https:\/\/mouldking.store\/shop\/moc-factory-58812-medieval-famous-castle-architecture-treasury-with-2482-pieces\/"},"modified":"2025-12-16T22:25:17","modified_gmt":"2025-12-16T15:25:17","slug":"moc-factory-58812-medieval-famous-castle-architecture-treasury-with-2482-pieces","status":"publish","type":"product","link":"https:\/\/mouldking.store\/de\/shop\/moc-factory-58812-medieval-famous-castle-architecture-treasury-with-2482-pieces\/","title":{"rendered":"MOC Factory 58812 Schatzkammer der mittelalterlichen ber\u00fchmten Schlossarchitektur mit 2482 Teilen"},"content":{"rendered":"<div>\u2705 MOC-58812 Schatzkammer der mittelalterlichen ber\u00fchmten Schlossarchitektur<\/p>\n<p>\u2705Eine mittelalterliche Schatzkammer ist normalerweise ein Raum oder Geb\u00e4ude, in dem wertvolle Gegenst\u00e4nde wie Gold- und Silberm\u00fcnzen, Edelsteine, Schmuck und andere wertvolle Gegenst\u00e4nde aufbewahrt werden, die im Mittelalter einem Monarchen, einer Kirche oder einer anderen wohlhabenden Institution geh\u00f6rten.<\/p>\n<p>\ud83d\udeab WICHTIG!<\/p>\n<p>Produktname: Mittelalterliche ber\u00fchmte Schlossarchitektur-Schatzkammer<\/p>\n<p>Kategorie: Modulares Bauen<\/p>\n<p>Dieses Kit enth\u00e4lt: MOC-58812<\/p>\n<p>2482 St\u00fcck Ziegel von guter Qualit\u00e4t<\/p>\n<p>PDF-Anleitung<\/p>\n<p>\ud83d\udcccNatur des Protagonisten<\/p>\n<p>Die Einf\u00fchrung unserer stolzen Sammlung mit dem Namen \u201eMedieval Famous Castle Architecture Treasury\u201c sollten Sie sich nicht entgehen lassen.<\/p>\n<p>Die Architektur einer mittelalterlichen Schatzkammer variiert je nach Zeitraum und Ort, weist jedoch typischerweise dicke Steinmauern, kleine Fenster und eine starke, sichere T\u00fcr auf, um Diebstahl zu verhindern. Der Raum kann sich in einer Burg, einem Palast oder einer Kathedrale befinden und w\u00e4re von bewaffneten Wachen oder Rittern schwer bewacht worden. Im Inneren w\u00e4re die mittelalterliche Schatzkammer mit Truhen, Schr\u00e4nken und Regalen organisiert worden, um die verschiedenen Wertsachen aufzubewahren. Der Raum w\u00e4re schwach beleuchtet gewesen, mit ein paar flackernden Fackeln oder \u00d6llampen, die Licht spendeten, und die Luft w\u00e4re schwer gewesen vom Duft von Weihrauch und Kerzenwachs.<\/p><\/div>","protected":false},"excerpt":{"rendered":"<p>Marke: MOC-Fabrik<br \/>\nGeschlecht: Unisex<br \/>\nAltersspanne: &gt; 12 Jahre alt<br \/>\nModellnummer: 58812<br \/>\nEinstufung: Assemblage<br \/>\nKunststoffblockform: Selbstsichernde Steine<br \/>\nMaterial: Kunststoff<br \/>\nKunststofftyp: ABS<br \/>\nZiegelsteine: 2482 +<br \/>\nVorbereitungszeit: 4-8 Wochen<\/p>","protected":false},"featured_media":41753,"comment_status":"open","ping_status":"closed","template":"","meta":{"_acf_changed":false},"product_cat":[1395,390],"product_tag":[11260,787,4883,11318,4996,392],"class_list":["product","first","instock","shipping-taxable","purchasable","product-type-simple"],"acf":[],"_links":{"self":[{"href":"https:\/\/mouldking.store\/de\/wp-json\/wp\/v2\/product\/41755","targetHints":{"allow":["GET"]}}],"collection":[{"href":"https:\/\/mouldking.store\/de\/wp-json\/wp\/v2\/product"}],"about":[{"href":"https:\/\/mouldking.store\/de\/wp-json\/wp\/v2\/types\/product"}],"replies":[{"embeddable":true,"href":"https:\/\/mouldking.store\/de\/wp-json\/wp\/v2\/comments?post=41755"}],"wp:featuredmedia":[{"embeddable":true,"href":"https:\/\/mouldking.store\/de\/wp-json\/wp\/v2\/media\/41753"}],"wp:attachment":[{"href":"https:\/\/mouldking.store\/de\/wp-json\/wp\/v2\/media?parent=41755"}],"wp:term":[{"taxonomy":"product_cat","embeddable":true,"href":"https:\/\/mouldking.store\/de\/wp-json\/wp\/v2\/product_cat?post=41755"},{"taxonomy":"product_tag","embeddable":true,"href":"https:\/\/mouldking.store\/de\/wp-json\/wp\/v2\/product_tag?post=41755"}],"curies":[{"name":"wp","href":"https:\/\/api.w.org\/{rel}","templated":true}]}}