{"id":41764,"date":"2023-02-16T10:38:42","date_gmt":"2023-02-16T03:38:42","guid":{"rendered":"https:\/\/mouldking.store\/shop\/panlosbrick-659011-city-heroes-police-with-587-pieces\/"},"modified":"2023-02-16T10:38:42","modified_gmt":"2023-02-16T03:38:42","slug":"panlosbrick-659011-city-heroes-police-with-587-pieces","status":"publish","type":"product","link":"https:\/\/mouldking.store\/de\/shop\/panlosbrick-659011-city-heroes-police-with-587-pieces\/","title":{"rendered":"PANLOSBRICK 659011 City Heroes: Polizei mit 587 Teilen"},"content":{"rendered":"<div>\u2705 Panlos 659011 City Heroes: Polizei<\/p>\n<p>\u2705City Heroes: Police ist ein Bausteinset, das zu einer Themenserie von Bausteinsets geh\u00f6rt, die f\u00fcr Kinder entwickelt wurden. Das Set enth\u00e4lt 587 Bausteinpartikel, die zum Bau einer Vielzahl von polizeibezogenen Fahrzeugen und Strukturen verwendet werden k\u00f6nnen.<\/p>\n<p>\ud83d\udeab WICHTIG!<\/p>\n<p>Produktname: Stadthelden: Polizei<\/p>\n<p>Kategorie: Sch\u00f6pfer<\/p>\n<p>Dieses Kit enth\u00e4lt: Panlos 659011<\/p>\n<p>587 St\u00fcck Steine von guter Qualit\u00e4t<\/p>\n<p>Gr\u00f6\u00dfe: 15 \u00d7 10 \u00d7 19 cm<\/p>\n<p>Manuelle Anweisungen<\/p>\n<p>\ud83d\udcccNatur des Protagonisten<\/p>\n<p>Die Einf\u00fchrung unserer stolzen Kollektion mit dem Namen \u201eCity Heroes: Police\u201c sollten Sie sich nicht entgehen lassen.<\/p>\n<p>City Heroes: Police ist ein Bausteinset, mit dem Kinder polizeibezogene Fahrzeuge und Strukturen bauen und sich an fantasievollen Spielszenarien im Zusammenhang mit Strafverfolgung und Kriminalpr\u00e4vention beteiligen k\u00f6nnen.<\/p><\/div>","protected":false},"excerpt":{"rendered":"<p>Marke: PANLOSBRICK<br \/>\nGeschlecht: Unisex<br \/>\nAltersspanne: &gt; 6 Jahre alt<br \/>\nModellnummer: 659011<br \/>\nEinstufung: Assemblage<br \/>\nKunststoffblockform: Selbstsichernde Steine<br \/>\nMaterial: Kunststoff<br \/>\nKunststofftyp: ABS<br \/>\nZiegelsteine: 587 +<br \/>\nVorverkauf<\/p>","protected":false},"featured_media":41762,"comment_status":"open","ping_status":"closed","template":"","meta":{"_acf_changed":false},"product_cat":[1365,371],"product_tag":[4883,11072,8452,5660],"class_list":["product","first","instock","shipping-taxable","purchasable","product-type-simple"],"acf":[],"_links":{"self":[{"href":"https:\/\/mouldking.store\/de\/wp-json\/wp\/v2\/product\/41764","targetHints":{"allow":["GET"]}}],"collection":[{"href":"https:\/\/mouldking.store\/de\/wp-json\/wp\/v2\/product"}],"about":[{"href":"https:\/\/mouldking.store\/de\/wp-json\/wp\/v2\/types\/product"}],"replies":[{"embeddable":true,"href":"https:\/\/mouldking.store\/de\/wp-json\/wp\/v2\/comments?post=41764"}],"wp:featuredmedia":[{"embeddable":true,"href":"https:\/\/mouldking.store\/de\/wp-json\/wp\/v2\/media\/41762"}],"wp:attachment":[{"href":"https:\/\/mouldking.store\/de\/wp-json\/wp\/v2\/media?parent=41764"}],"wp:term":[{"taxonomy":"product_cat","embeddable":true,"href":"https:\/\/mouldking.store\/de\/wp-json\/wp\/v2\/product_cat?post=41764"},{"taxonomy":"product_tag","embeddable":true,"href":"https:\/\/mouldking.store\/de\/wp-json\/wp\/v2\/product_tag?post=41764"}],"curies":[{"name":"wp","href":"https:\/\/api.w.org\/{rel}","templated":true}]}}