{"id":41767,"date":"2023-02-16T10:47:31","date_gmt":"2023-02-16T03:47:31","guid":{"rendered":"https:\/\/mouldking.store\/shop\/panlosbrick-659010-urban-heroes-swat-with-570-pieces\/"},"modified":"2023-02-16T10:47:31","modified_gmt":"2023-02-16T03:47:31","slug":"panlosbrick-659010-urban-heroes-swat-with-570-pieces","status":"publish","type":"product","link":"https:\/\/mouldking.store\/de\/shop\/panlosbrick-659010-urban-heroes-swat-with-570-pieces\/","title":{"rendered":"PANLOSBRICK 659010 Urban Heroes: SWAT mit 570 Teilen"},"content":{"rendered":"<div>\u2705 Panlos 659010 Urban Heroes: SWAT<\/p>\n<p>\u2705Urban Heroes: SWAT ist ein Bausteinset, das zu einer thematischen Reihe von Bausteinsets geh\u00f6rt, die f\u00fcr Kinder entwickelt wurden. Das Set enth\u00e4lt 570 Bausteinpartikel, die verwendet werden k\u00f6nnen, um eine Vielzahl von Fahrzeugen und Strukturen im Zusammenhang mit SWAT (Special Weapons and Tactics) zu bauen.<\/p>\n<p>\ud83d\udeab WICHTIG!<\/p>\n<p>Produktname: Urban Heroes: SWAT<\/p>\n<p>Kategorie: Sch\u00f6pfer<\/p>\n<p>Dieses Kit enth\u00e4lt: Panlos 659010<\/p>\n<p>570 St\u00fcck Steine von guter Qualit\u00e4t<\/p>\n<p>Gr\u00f6\u00dfe: 18 \u00d7 8 \u00d7 7 cm<\/p>\n<p>Manuelle Anweisungen<\/p>\n<p>\ud83d\udcccNatur des Protagonisten<\/p>\n<p>Die Einf\u00fchrung unserer stolzen Kollektion mit dem Namen \u201eUrban Heroes: SWAT\u201c sollten Sie sich nicht entgehen lassen.<\/p>\n<p>Urban Heroes: SWAT ist ein Bausteinset, mit dem Kinder spezialisierte Strafverfolgungsfahrzeuge und -strukturen bauen und sich an fantasievollen Spielszenarien im Zusammenhang mit taktischen Operationen und Strafverfolgung beteiligen k\u00f6nnen. Das Set f\u00f6rdert Kreativit\u00e4t, Probleml\u00f6sung und die Entwicklung feinmotorischer F\u00e4higkeiten und f\u00f6rdert gleichzeitig das Interesse an Strafverfolgung und \u00f6ffentlicher Sicherheit.<\/p><\/div>","protected":false},"excerpt":{"rendered":"<p>Marke: PANLOSBRICK<br \/>\nGeschlecht: Unisex<br \/>\nAltersspanne: &gt; 6 Jahre alt<br \/>\nModellnummer: 659010<br \/>\nEinstufung: Assemblage<br \/>\nKunststoffblockform: Selbstsichernde Steine<br \/>\nMaterial: Kunststoff<br \/>\nKunststofftyp: ABS<br \/>\nZiegelsteine: 570 +<br \/>\nVorverkauf<\/p>","protected":false},"featured_media":41765,"comment_status":"open","ping_status":"closed","template":"","meta":{"_acf_changed":false},"product_cat":[1365,371],"product_tag":[11072,8452,590,11320,8697],"class_list":["product","first","instock","shipping-taxable","purchasable","product-type-simple"],"acf":[],"_links":{"self":[{"href":"https:\/\/mouldking.store\/de\/wp-json\/wp\/v2\/product\/41767","targetHints":{"allow":["GET"]}}],"collection":[{"href":"https:\/\/mouldking.store\/de\/wp-json\/wp\/v2\/product"}],"about":[{"href":"https:\/\/mouldking.store\/de\/wp-json\/wp\/v2\/types\/product"}],"replies":[{"embeddable":true,"href":"https:\/\/mouldking.store\/de\/wp-json\/wp\/v2\/comments?post=41767"}],"wp:featuredmedia":[{"embeddable":true,"href":"https:\/\/mouldking.store\/de\/wp-json\/wp\/v2\/media\/41765"}],"wp:attachment":[{"href":"https:\/\/mouldking.store\/de\/wp-json\/wp\/v2\/media?parent=41767"}],"wp:term":[{"taxonomy":"product_cat","embeddable":true,"href":"https:\/\/mouldking.store\/de\/wp-json\/wp\/v2\/product_cat?post=41767"},{"taxonomy":"product_tag","embeddable":true,"href":"https:\/\/mouldking.store\/de\/wp-json\/wp\/v2\/product_tag?post=41767"}],"curies":[{"name":"wp","href":"https:\/\/api.w.org\/{rel}","templated":true}]}}