{"id":41773,"date":"2023-02-16T11:00:20","date_gmt":"2023-02-16T04:00:20","guid":{"rendered":"https:\/\/mouldking.store\/shop\/panlosbrick-659008-multipurpose-rescue-convoy-air-defense-combat-team-with-669-pieces\/"},"modified":"2023-02-16T11:00:20","modified_gmt":"2023-02-16T04:00:20","slug":"panlosbrick-659008-multipurpose-rescue-convoy-air-defense-combat-team-with-669-pieces","status":"publish","type":"product","link":"https:\/\/mouldking.store\/de\/shop\/panlosbrick-659008-multipurpose-rescue-convoy-air-defense-combat-team-with-669-pieces\/","title":{"rendered":"PANLOSBRICK 659008 Mehrzweck-Rettungskonvoi: Air Defense Combat Team mit 669 Teilen"},"content":{"rendered":"<div>\u2705 Panlos 659008 Mehrzweck-Rettungskonvoi: Air Defense Combat Team<\/p>\n<p>\u2705Air Defense Combat Team ist ein Bausteinset, das zur Military-Reihe von Bausteinsets geh\u00f6rt, die f\u00fcr Kinder entwickelt wurden. Das Set enth\u00e4lt 669 Bausteinpartikel, die zum Bau einer Vielzahl von Milit\u00e4rfahrzeugen und Strukturen im Zusammenhang mit der Luftverteidigung verwendet werden k\u00f6nnen.<\/p>\n<p>\ud83d\udeab WICHTIG!<\/p>\n<p>Produktname: Mehrzweck-Rettungskonvoi: Air Defense Combat Team<\/p>\n<p>Kategorie: Milit\u00e4r<\/p>\n<p>Dieses Kit enth\u00e4lt: Panlos 659008<\/p>\n<p>669 St\u00fcck Steine von guter Qualit\u00e4t<\/p>\n<p>Gr\u00f6\u00dfe: 20 \u00d7 10 \u00d7 11 cm<\/p>\n<p>Manuelle Anweisungen<\/p>\n<p>\ud83d\udcccNatur des Protagonisten<\/p>\n<p>Die Einf\u00fchrung unserer stolzen Kollektion mit dem Namen \u201eMultipurpose Rescue Convoy: Air Defense Combat Team\u201c sollten Sie nicht verpassen.<\/p>\n<p>Air Defense Combat Team ist ein Bausteinset, mit dem Kinder Milit\u00e4rfahrzeuge und -strukturen im Zusammenhang mit der Luftverteidigung bauen und sich an fantasievollen Spielszenarien im Zusammenhang mit milit\u00e4rischen K\u00e4mpfen beteiligen k\u00f6nnen. Das Set f\u00f6rdert Kreativit\u00e4t, Probleml\u00f6sung und die Entwicklung feinmotorischer F\u00e4higkeiten und f\u00f6rdert gleichzeitig das Interesse an Milit\u00e4r- und Verteidigungsoperationen.<\/p><\/div>","protected":false},"excerpt":{"rendered":"<p>Marke: PANLOSBRICK<br \/>\nGeschlecht: Unisex<br \/>\nAltersspanne: &gt; 6 Jahre alt<br \/>\nModellnummer: 659008<br \/>\nEinstufung: Assemblage<br \/>\nKunststoffblockform: Selbstsichernde Steine<br \/>\nMaterial: Kunststoff<br \/>\nKunststofftyp: ABS<br \/>\nZiegelsteine: 669 +<br \/>\nVorverkauf<\/p>","protected":false},"featured_media":41771,"comment_status":"open","ping_status":"closed","template":"","meta":{"_acf_changed":false},"product_cat":[1365,1350,371,372],"product_tag":[11202,11322,11072,8452,374,8493],"class_list":["product","first","instock","shipping-taxable","purchasable","product-type-simple"],"acf":[],"_links":{"self":[{"href":"https:\/\/mouldking.store\/de\/wp-json\/wp\/v2\/product\/41773","targetHints":{"allow":["GET"]}}],"collection":[{"href":"https:\/\/mouldking.store\/de\/wp-json\/wp\/v2\/product"}],"about":[{"href":"https:\/\/mouldking.store\/de\/wp-json\/wp\/v2\/types\/product"}],"replies":[{"embeddable":true,"href":"https:\/\/mouldking.store\/de\/wp-json\/wp\/v2\/comments?post=41773"}],"wp:featuredmedia":[{"embeddable":true,"href":"https:\/\/mouldking.store\/de\/wp-json\/wp\/v2\/media\/41771"}],"wp:attachment":[{"href":"https:\/\/mouldking.store\/de\/wp-json\/wp\/v2\/media?parent=41773"}],"wp:term":[{"taxonomy":"product_cat","embeddable":true,"href":"https:\/\/mouldking.store\/de\/wp-json\/wp\/v2\/product_cat?post=41773"},{"taxonomy":"product_tag","embeddable":true,"href":"https:\/\/mouldking.store\/de\/wp-json\/wp\/v2\/product_tag?post=41773"}],"curies":[{"name":"wp","href":"https:\/\/api.w.org\/{rel}","templated":true}]}}