{"id":41790,"date":"2023-02-16T11:50:13","date_gmt":"2023-02-16T04:50:13","guid":{"rendered":"https:\/\/mouldking.store\/shop\/mould-king-12022-world-railways-alligator-electric-locomotive-with-919-pieces\/"},"modified":"2023-02-16T11:50:13","modified_gmt":"2023-02-16T04:50:13","slug":"mould-king-12022-world-railways-alligator-electric-locomotive-with-919-pieces","status":"publish","type":"product","link":"https:\/\/mouldking.store\/de\/shop\/mould-king-12022-world-railways-alligator-electric-locomotive-with-919-pieces\/","title":{"rendered":"MOLD KING 12022 World Railways: Alligator Electric Locomotive mit 919 Teilen"},"content":{"rendered":"<div>\u2705MouldKing 12022 World Railways: Alligator Elektrolokomotive<\/p>\n<p>\u2705Die Alligator Electric Locomotive ist eine Art Elektrolokomotive, die auf verschiedenen Eisenbahnen auf der ganzen Welt eingesetzt wurde. Die Lokomotive erhielt ihren Namen aufgrund ihres unverwechselbaren Aussehens, das einen langen, schmalen K\u00f6rper und eine Reihe von Scharnierteilen aufweist, die dem R\u00fccken eines Alligators \u00e4hneln.<\/p>\n<p>\ud83d\udeab WICHTIG!<\/p>\n<p>Produktname: World Railways: Alligator Elektrolokomotive<\/p>\n<p>Kategorie: Technik<\/p>\n<p>Dieses Kit enth\u00e4lt: MouldKing 12022<\/p>\n<p>919 St\u00fcck Steine von guter Qualit\u00e4t<\/p>\n<p>Gr\u00f6\u00dfe: 48 \u00d7 5,9 \u00d7 13,9 cm<\/p>\n<p>Manuelle Anweisungen<\/p>\n<p>\ud83d\udcccNatur des Protagonisten<\/p>\n<p>Die Einf\u00fchrung unserer stolzen Kollektion mit dem Namen \u201eWorld Railways: Alligator Electric Locomotive\u201c sollten Sie sich nicht entgehen lassen.<\/p>\n<p>Die Alligator-Elektrolokomotive wurde erstmals im fr\u00fchen 20. Jahrhundert eingef\u00fchrt und haupts\u00e4chlich f\u00fcr den G\u00fcterverkehr eingesetzt. Er wurde entwickelt, um leistungsstark und effizient zu sein und schwere Lasten \u00fcber lange Strecken zu transportieren. Angetrieben wurde die Lokomotive von einem Elektromotor, der seine Energie aus Oberleitungen oder einer Bordbatterie bezog. Das Design der Lokomotive erm\u00f6glichte den Betrieb in einer Vielzahl von Umgebungen, einschlie\u00dflich steiler Steigungen und enger Kurven.<\/p><\/div>","protected":false},"excerpt":{"rendered":"<p>Marke: MOLD KING<br \/>\nGeschlecht: Unisex<br \/>\nAltersspanne: &gt; 8 Jahre alt<br \/>\nModellnummer: 12022<br \/>\nEinstufung: Assemblage<br \/>\nKunststoffblockform: Selbstsichernde Steine<br \/>\nMaterial: Kunststoff<br \/>\nKunststofftyp: ABS<br \/>\nZiegelsteine: 919 +<br \/>\nVorverkauf<\/p>","protected":false},"featured_media":41789,"comment_status":"open","ping_status":"closed","template":"","meta":{"_acf_changed":false},"product_cat":[1357,364],"product_tag":[11330,9981,2635,389,11080,8802],"class_list":["product","first","instock","shipping-taxable","purchasable","product-type-simple"],"acf":[],"_links":{"self":[{"href":"https:\/\/mouldking.store\/de\/wp-json\/wp\/v2\/product\/41790","targetHints":{"allow":["GET"]}}],"collection":[{"href":"https:\/\/mouldking.store\/de\/wp-json\/wp\/v2\/product"}],"about":[{"href":"https:\/\/mouldking.store\/de\/wp-json\/wp\/v2\/types\/product"}],"replies":[{"embeddable":true,"href":"https:\/\/mouldking.store\/de\/wp-json\/wp\/v2\/comments?post=41790"}],"wp:featuredmedia":[{"embeddable":true,"href":"https:\/\/mouldking.store\/de\/wp-json\/wp\/v2\/media\/41789"}],"wp:attachment":[{"href":"https:\/\/mouldking.store\/de\/wp-json\/wp\/v2\/media?parent=41790"}],"wp:term":[{"taxonomy":"product_cat","embeddable":true,"href":"https:\/\/mouldking.store\/de\/wp-json\/wp\/v2\/product_cat?post=41790"},{"taxonomy":"product_tag","embeddable":true,"href":"https:\/\/mouldking.store\/de\/wp-json\/wp\/v2\/product_tag?post=41790"}],"curies":[{"name":"wp","href":"https:\/\/api.w.org\/{rel}","templated":true}]}}