{"id":41811,"date":"2023-02-17T09:41:50","date_gmt":"2023-02-17T02:41:50","guid":{"rendered":"https:\/\/mouldking.store\/shop\/zhegao-01030-cruise-liner-molecular-of-the-seas-with-2428-pieces\/"},"modified":"2023-02-17T09:41:50","modified_gmt":"2023-02-17T02:41:50","slug":"zhegao-01030-cruise-liner-molecular-of-the-seas-with-2428-pieces","status":"publish","type":"product","link":"https:\/\/mouldking.store\/de\/shop\/zhegao-01030-cruise-liner-molecular-of-the-seas-with-2428-pieces\/","title":{"rendered":"ZHEGAO 01030 Kreuzfahrtschiff Molecular of the Seas mit 2428 Teilen"},"content":{"rendered":"<div>\u2705 ZHEGAO 01030 Kreuzfahrtschiff Molecular of the Seas<\/p>\n<p>\u2705Die Molecular of the Seas ist ein luxuri\u00f6ses und innovatives Kreuzfahrtschiff, das entwickelt wurde, um seinen G\u00e4sten ein einzigartiges und unvergessliches Erlebnis zu bieten.<\/p>\n<p>\ud83d\udeab WICHTIG!<\/p>\n<p>Produktname: Kreuzfahrtschiff Molecular of the Seas<\/p>\n<p>Kategorie: Technik<\/p>\n<p>Dieses Kit enth\u00e4lt: ZHEGAO 01030<\/p>\n<p>2428 St\u00fcck Steine von guter Qualit\u00e4t<\/p>\n<p>Gr\u00f6\u00dfe: 49 \u00d7 18 cm<\/p>\n<p>Manuelle Anweisungen<\/p>\n<p>\ud83d\udcccNatur des Protagonisten<\/p>\n<p>Die Einf\u00fchrung unserer stolzen Kollektion namens \u201eCruise Liner Molecular of the Seas\u201c sollten Sie nicht verpassen.<\/p>\n<p>Cruise Liner: Molecular of the Seas geh\u00f6rt zum Bausteinset der kreativen Meisterserie, und das gesamte Set enth\u00e4lt 2428 Bausteinpartikel. Erste Ver\u00f6ffentlichung im Jahr 2022.<\/p><\/div>","protected":false},"excerpt":{"rendered":"<p>Marke: ZHEGAO<br \/>\nGeschlecht: Unisex<br \/>\nAltersspanne: &gt; 6 Jahre alt<br \/>\nModellnummer: 01030<br \/>\nEinstufung: Assemblage<br \/>\nKunststoffblockform: Selbstsichernde Steine<br \/>\nMaterial: Kunststoff<br \/>\nKunststofftyp: ABS<br \/>\nZiegelsteine: 2428 +<br \/>\nKein Kasten<\/p>","protected":false},"featured_media":41807,"comment_status":"open","ping_status":"closed","template":"","meta":{"_acf_changed":false},"product_cat":[1357,364],"product_tag":[11335,304,389,11080],"class_list":["product","first","instock","shipping-taxable","purchasable","product-type-simple"],"acf":[],"_links":{"self":[{"href":"https:\/\/mouldking.store\/de\/wp-json\/wp\/v2\/product\/41811","targetHints":{"allow":["GET"]}}],"collection":[{"href":"https:\/\/mouldking.store\/de\/wp-json\/wp\/v2\/product"}],"about":[{"href":"https:\/\/mouldking.store\/de\/wp-json\/wp\/v2\/types\/product"}],"replies":[{"embeddable":true,"href":"https:\/\/mouldking.store\/de\/wp-json\/wp\/v2\/comments?post=41811"}],"wp:featuredmedia":[{"embeddable":true,"href":"https:\/\/mouldking.store\/de\/wp-json\/wp\/v2\/media\/41807"}],"wp:attachment":[{"href":"https:\/\/mouldking.store\/de\/wp-json\/wp\/v2\/media?parent=41811"}],"wp:term":[{"taxonomy":"product_cat","embeddable":true,"href":"https:\/\/mouldking.store\/de\/wp-json\/wp\/v2\/product_cat?post=41811"},{"taxonomy":"product_tag","embeddable":true,"href":"https:\/\/mouldking.store\/de\/wp-json\/wp\/v2\/product_tag?post=41811"}],"curies":[{"name":"wp","href":"https:\/\/api.w.org\/{rel}","templated":true}]}}