{"id":41827,"date":"2023-02-17T10:42:18","date_gmt":"2023-02-17T03:42:18","guid":{"rendered":"https:\/\/mouldking.store\/shop\/pantasy-81104-spirit-cage-flower-of-mana-with-100-pieces\/"},"modified":"2023-02-17T10:42:18","modified_gmt":"2023-02-17T03:42:18","slug":"pantasy-81104-spirit-cage-flower-of-mana-with-100-pieces","status":"publish","type":"product","link":"https:\/\/mouldking.store\/de\/shop\/pantasy-81104-spirit-cage-flower-of-mana-with-100-pieces\/","title":{"rendered":"Pantasy 81104 Spirit Cage: Flower of Mana mit 100 St\u00fcck"},"content":{"rendered":"<div>\u2705 PANTASY 81104 Spirit Cage: Flower of Mana<br \/>&nbsp;<br \/>\u2705Spirit Cage: Flower of Mana is an amazing building block set that has been created for the building and creative process. The set includes a variety of colors, shapes, and sizes in order to allow children and adults alike to build 3D sculptures with ease.<br \/>&nbsp;<br \/>\ud83d\udeab WICHTIG!&nbsp;<br \/>&nbsp;<br \/>Product Name: Spirit Cage: Flower of Mana<br \/>&nbsp;<br \/>Kategorie: Sch\u00f6pfer&nbsp;<br \/>&nbsp;<br \/>This Kit Contains: PANTASY 81104<br \/>&nbsp;<br \/>100 St\u00fcck Steine von guter Qualit\u00e4t&nbsp;<br \/>&nbsp;<br \/>Size: 12 \u00d7 12 \u00d7 18 cm<br \/>&nbsp;<br \/>Manuelle Anweisungen&nbsp;<br \/>&nbsp;<br \/>\ud83d\udcccNatur des Protagonisten&nbsp;<br \/>&nbsp;<br \/>Introducing our proud collection named \u201cSpirit Cage: Flower of Mana\u201d you should not miss.&nbsp;<br \/>&nbsp;<br \/>The Spirit Cage: Flower of Mana is a new building block set from the film and television game series. The first release was in 2022, It comes with a variety of items which are available in three different sets.<\/div>","protected":false},"excerpt":{"rendered":"<p>Marke: Pantasy<br \/>\nGeschlecht: Unisex<br \/>\nAltersspanne: &gt; 6 Jahre alt<br \/>\nModel Number: 81104<br \/>\nEinstufung: Assemblage<br \/>\nKunststoffblockform: Selbstsichernde Steine<br \/>\nMaterial: Kunststoff<br \/>\nKunststofftyp: ABS<br \/>\nZiegelsteine: 100 +<br \/>\nSt\u00fccke k\u00f6nnen sich \u00e4ndern<\/p>","protected":false},"featured_media":41824,"comment_status":"open","ping_status":"closed","template":"","meta":{"_acf_changed":false},"product_cat":[1365,371],"product_tag":[11072,8452,11106,11336],"class_list":["product","first","instock","shipping-taxable","purchasable","product-type-simple"],"acf":[],"_links":{"self":[{"href":"https:\/\/mouldking.store\/de\/wp-json\/wp\/v2\/product\/41827","targetHints":{"allow":["GET"]}}],"collection":[{"href":"https:\/\/mouldking.store\/de\/wp-json\/wp\/v2\/product"}],"about":[{"href":"https:\/\/mouldking.store\/de\/wp-json\/wp\/v2\/types\/product"}],"replies":[{"embeddable":true,"href":"https:\/\/mouldking.store\/de\/wp-json\/wp\/v2\/comments?post=41827"}],"wp:featuredmedia":[{"embeddable":true,"href":"https:\/\/mouldking.store\/de\/wp-json\/wp\/v2\/media\/41824"}],"wp:attachment":[{"href":"https:\/\/mouldking.store\/de\/wp-json\/wp\/v2\/media?parent=41827"}],"wp:term":[{"taxonomy":"product_cat","embeddable":true,"href":"https:\/\/mouldking.store\/de\/wp-json\/wp\/v2\/product_cat?post=41827"},{"taxonomy":"product_tag","embeddable":true,"href":"https:\/\/mouldking.store\/de\/wp-json\/wp\/v2\/product_tag?post=41827"}],"curies":[{"name":"wp","href":"https:\/\/api.w.org\/{rel}","templated":true}]}}