{"id":41856,"date":"2023-02-20T12:15:00","date_gmt":"2023-02-20T05:15:00","guid":{"rendered":"https:\/\/mouldking.store\/shop\/moc-factory-73338-tusken-raider-helmet-with-677-pieces\/"},"modified":"2025-12-16T22:25:17","modified_gmt":"2025-12-16T15:25:17","slug":"moc-factory-73338-tusken-raider-helmet-with-677-pieces","status":"publish","type":"product","link":"https:\/\/mouldking.store\/de\/shop\/moc-factory-73338-tusken-raider-helmet-with-677-pieces\/","title":{"rendered":"MOC Factory 73338 Tusken Raider Helm mit 677 Teilen"},"content":{"rendered":"<div>\u2705 MOC 73338 Tusken Raider-Helm<\/p>\n<p>\u2705 Der Tusken Raider-Helm ist eine Art Kopfbedeckung, die von Tusken Raiders getragen wird, einer Gruppe nomadischer und feindlicher Bewohner des W\u00fcstenplaneten Tatooine im Star Wars-Universum. Tusken Raiders sind wegen der W\u00fcstenumgebung, in der sie leben, auch als \u201eSandmenschen\u201c bekannt.<\/p>\n<p>\ud83d\udeab WICHTIG!<\/p>\n<p>Produktname: Tusken Raider Helm<\/p>\n<p>Kategorie: Krieg der Sterne<\/p>\n<p>Dieses Kit enth\u00e4lt: MOC 73338<\/p>\n<p>677 St\u00fcck Steine von guter Qualit\u00e4t<\/p>\n<p>Gr\u00f6\u00dfe: 9,6 x 16 x 20,8 cm<\/p>\n<p>PDF-Anleitung<\/p>\n<p>\ud83d\udcccNatur des Protagonisten<\/p>\n<p>Die Einf\u00fchrung unserer stolzen Kollektion mit dem Namen \u201eTusken Raider Helm\u201c sollten Sie nicht verpassen.<\/p>\n<p>Der Tusken Raider-Helm besteht aus einer Vielzahl von Materialien, darunter Leder, Tierh\u00e4ute und Metall. Der Helm bedeckt den gesamten Kopf und das Gesicht des Tusken Raiders, mit kleinen Schlitzen f\u00fcr Augen und Mund, um Sicht und Atmung zu erm\u00f6glichen. Der Helm wurde entwickelt, um den Tusken Raider vor den rauen W\u00fcstenbedingungen und Sandst\u00fcrmen zu sch\u00fctzen und seinen Feinden Angst einzujagen.<\/p><\/div>","protected":false},"excerpt":{"rendered":"<p>Marke: MOC-Fabrik<br \/>\nGeschlecht: Unisex<br \/>\nAltersspanne: &gt; 8 Jahre alt<br \/>\nModellnummer: 73338<br \/>\nEinstufung: Assemblage<br \/>\nKunststoffblockform: Selbstsichernde Steine<br \/>\nMaterial: Kunststoff<br \/>\nKunststofftyp: ABS<br \/>\nZiegelsteine: 677 +<br \/>\nKein Kasten<\/p>","protected":false},"featured_media":41851,"comment_status":"open","ping_status":"closed","template":"","meta":{"_acf_changed":false},"product_cat":[581,6016,415,1408],"product_tag":[8047,434,11341,2276,436,2704,11342],"class_list":["product","first","instock","shipping-taxable","purchasable","product-type-simple"],"acf":[],"_links":{"self":[{"href":"https:\/\/mouldking.store\/de\/wp-json\/wp\/v2\/product\/41856","targetHints":{"allow":["GET"]}}],"collection":[{"href":"https:\/\/mouldking.store\/de\/wp-json\/wp\/v2\/product"}],"about":[{"href":"https:\/\/mouldking.store\/de\/wp-json\/wp\/v2\/types\/product"}],"replies":[{"embeddable":true,"href":"https:\/\/mouldking.store\/de\/wp-json\/wp\/v2\/comments?post=41856"}],"wp:featuredmedia":[{"embeddable":true,"href":"https:\/\/mouldking.store\/de\/wp-json\/wp\/v2\/media\/41851"}],"wp:attachment":[{"href":"https:\/\/mouldking.store\/de\/wp-json\/wp\/v2\/media?parent=41856"}],"wp:term":[{"taxonomy":"product_cat","embeddable":true,"href":"https:\/\/mouldking.store\/de\/wp-json\/wp\/v2\/product_cat?post=41856"},{"taxonomy":"product_tag","embeddable":true,"href":"https:\/\/mouldking.store\/de\/wp-json\/wp\/v2\/product_tag?post=41856"}],"curies":[{"name":"wp","href":"https:\/\/api.w.org\/{rel}","templated":true}]}}