{"id":41865,"date":"2023-02-20T12:34:14","date_gmt":"2023-02-20T05:34:14","guid":{"rendered":"https:\/\/mouldking.store\/shop\/moc-factory-79958-crosshair-helmet-collection-with-111-pieces\/"},"modified":"2025-12-16T22:25:17","modified_gmt":"2025-12-16T15:25:17","slug":"moc-factory-79958-crosshair-helmet-collection-with-111-pieces","status":"publish","type":"product","link":"https:\/\/mouldking.store\/de\/shop\/moc-factory-79958-crosshair-helmet-collection-with-111-pieces\/","title":{"rendered":"MOC Factory 79958 Fadenkreuz (Helmkollektion) mit 111 Teilen"},"content":{"rendered":"<div>\u2705 MOC 79958 Fadenkreuz (Helmkollektion)<\/p>\n<p>\u2705Crosshair ist eine Figur aus der Star Wars Zeichentrickserie \u201eThe Bad Batch\u201c. Er ist Mitglied der namensgebenden Bad Batch, einer Gruppe von Elite-Klonsoldaten mit einzigartigen genetischen Mutationen, die ihnen au\u00dfergew\u00f6hnliche F\u00e4higkeiten und Fertigkeiten verleihen. Crosshair ist bekannt f\u00fcr seine au\u00dfergew\u00f6hnliche Genauigkeit und Treffsicherheit sowie seine kalte und berechnende Pers\u00f6nlichkeit.<\/p>\n<p>\ud83d\udeab WICHTIG!<\/p>\n<p>Produktname: Fadenkreuz (Helmkollektion)<\/p>\n<p>Kategorie: Krieg der Sterne<\/p>\n<p>Dieses Kit enth\u00e4lt: MOC 79958&nbsp;<\/p>\n<p>111 St\u00fcck Steine von guter Qualit\u00e4t<\/p>\n<p>Gr\u00f6\u00dfe: 9,6 x 9,6 x 20 cm<\/p>\n<p>PDF-Anleitung<\/p>\n<p>\ud83d\udcccNatur des Protagonisten<\/p>\n<p>Die Einf\u00fchrung unserer stolzen Kollektion mit dem Namen \u201eCrosshair (Helm Collection)\u201c sollten Sie nicht verpassen.<\/p>\n<p>Crosshairs Helm ist unverwechselbar, mit einem Fadenkreuz auf dem Visier, das ihm hilft, seine Sch\u00fcsse mit t\u00f6dlicher Pr\u00e4zision auszurichten. Der Helm enth\u00e4lt auch einen Entfernungsmesser und einen eingebauten Comlink, der es Crosshair erm\u00f6glicht, mit seinem Team zu kommunizieren und Angriffe zu koordinieren. Der Helm hat ein \u00fcberwiegend schwarzes Farbschema mit roten und wei\u00dfen Akzenten.<\/p><\/div>","protected":false},"excerpt":{"rendered":"<p>Marke: MOC-Fabrik<br \/>\nGeschlecht: Unisex<br \/>\nAltersspanne: &gt; 8 Jahre alt<br \/>\nModellnummer: 79958<br \/>\nEinstufung: Assemblage<br \/>\nKunststoffblockform: Selbstsichernde Steine<br \/>\nMaterial: Kunststoff<br \/>\nKunststofftyp: ABS<br \/>\nZiegelsteine: 111 +<br \/>\nKein Kasten<\/p>","protected":false},"featured_media":41862,"comment_status":"open","ping_status":"closed","template":"","meta":{"_acf_changed":false},"product_cat":[581,6016,415,1408],"product_tag":[8149,11344,8047,434,2276,436],"class_list":["product","first","instock","shipping-taxable","purchasable","product-type-simple"],"acf":[],"_links":{"self":[{"href":"https:\/\/mouldking.store\/de\/wp-json\/wp\/v2\/product\/41865","targetHints":{"allow":["GET"]}}],"collection":[{"href":"https:\/\/mouldking.store\/de\/wp-json\/wp\/v2\/product"}],"about":[{"href":"https:\/\/mouldking.store\/de\/wp-json\/wp\/v2\/types\/product"}],"replies":[{"embeddable":true,"href":"https:\/\/mouldking.store\/de\/wp-json\/wp\/v2\/comments?post=41865"}],"wp:featuredmedia":[{"embeddable":true,"href":"https:\/\/mouldking.store\/de\/wp-json\/wp\/v2\/media\/41862"}],"wp:attachment":[{"href":"https:\/\/mouldking.store\/de\/wp-json\/wp\/v2\/media?parent=41865"}],"wp:term":[{"taxonomy":"product_cat","embeddable":true,"href":"https:\/\/mouldking.store\/de\/wp-json\/wp\/v2\/product_cat?post=41865"},{"taxonomy":"product_tag","embeddable":true,"href":"https:\/\/mouldking.store\/de\/wp-json\/wp\/v2\/product_tag?post=41865"}],"curies":[{"name":"wp","href":"https:\/\/api.w.org\/{rel}","templated":true}]}}