{"id":41876,"date":"2023-02-20T14:23:22","date_gmt":"2023-02-20T07:23:22","guid":{"rendered":"https:\/\/mouldking.store\/shop\/moc-factory-39100-the-witch-king-of-angmar-helmet-with-777-pieces\/"},"modified":"2025-12-16T22:25:16","modified_gmt":"2025-12-16T15:25:16","slug":"moc-factory-39100-the-witch-king-of-angmar-helmet-with-777-pieces","status":"publish","type":"product","link":"https:\/\/mouldking.store\/de\/shop\/moc-factory-39100-the-witch-king-of-angmar-helmet-with-777-pieces\/","title":{"rendered":"MOC Factory 39100 Der Hexenk\u00f6nig von Angmar \u2013 Helm mit 777 Teilen"},"content":{"rendered":"<div>\u2705 MOC 39100 Der Hexenk\u00f6nig von Angmar \u2013 Helm<\/p>\n<p>\u2705Der Helm des Hexenk\u00f6nigs von Angmar ist eine Nachbildung des Helms, den der gleichnamige Charakter in JRR Tolkiens Mittelerde-Legendarium trug. Der Hexenk\u00f6nig von Angmar ist ein m\u00e4chtiger und gef\u00fcrchteter Antagonist in der fiktiven Welt von Mittelerde und eine Hauptfigur in der Serie \u201eDer Herr der Ringe\u201c.<\/p>\n<p>\ud83d\udeab WICHTIG!<\/p>\n<p>Produktname: Der Hexenk\u00f6nig von Angmar \u2013 Helm<\/p>\n<p>Kategorie: Film<\/p>\n<p>Dieses Kit enth\u00e4lt: MOC 39100<\/p>\n<p>777 St\u00fcck Steine von guter Qualit\u00e4t<\/p>\n<p>Gr\u00f6\u00dfe: 13 x 10 x 24 cm<\/p>\n<p>PDF-Anleitung<\/p>\n<p>\ud83d\udcccNatur des Protagonisten<\/p>\n<p>Die Einf\u00fchrung unserer stolzen Kollektion mit dem Namen \u201eDer Hexenk\u00f6nig von Angmar \u2013 Helm\u201c sollten Sie nicht verpassen.<\/p>\n<p>Der Helm des Hexenk\u00f6nigs von Angmar ist ein beliebtes Objekt unter Sammlern und Fans der Der Herr der Ringe-Franchise und kann als eigenst\u00e4ndiges St\u00fcck oder als Teil einer gr\u00f6\u00dferen Sammlung von Erinnerungsst\u00fccken aus Mittelerde ausgestellt werden. Es ist oft wegen seines komplizierten Designs und seiner Liebe zum Detail begehrt und kann eine wertvolle Erg\u00e4nzung f\u00fcr jede Sammlung von Film- oder Fantasy-Requisiten sein.<\/p><\/div>","protected":false},"excerpt":{"rendered":"<p>Marke: MOC-Fabrik<br \/>\nGeschlecht: Unisex<br \/>\nAltersspanne: &gt; 8 Jahre alt<br \/>\nModellnummer: 39100<br \/>\nEinstufung: Assemblage<br \/>\nKunststoffblockform: Selbstsichernde Steine<br \/>\nMaterial: Kunststoff<br \/>\nKunststofftyp: ABS<br \/>\nZiegelsteine: 777 +<br \/>\nKein Kasten<\/p>","protected":false},"featured_media":41873,"comment_status":"open","ping_status":"closed","template":"","meta":{"_acf_changed":false},"product_cat":[1365,581,1408],"product_tag":[11347,8452,8047,434,6169,11346,11348],"class_list":["product","first","instock","shipping-taxable","purchasable","product-type-simple"],"acf":[],"_links":{"self":[{"href":"https:\/\/mouldking.store\/de\/wp-json\/wp\/v2\/product\/41876","targetHints":{"allow":["GET"]}}],"collection":[{"href":"https:\/\/mouldking.store\/de\/wp-json\/wp\/v2\/product"}],"about":[{"href":"https:\/\/mouldking.store\/de\/wp-json\/wp\/v2\/types\/product"}],"replies":[{"embeddable":true,"href":"https:\/\/mouldking.store\/de\/wp-json\/wp\/v2\/comments?post=41876"}],"wp:featuredmedia":[{"embeddable":true,"href":"https:\/\/mouldking.store\/de\/wp-json\/wp\/v2\/media\/41873"}],"wp:attachment":[{"href":"https:\/\/mouldking.store\/de\/wp-json\/wp\/v2\/media?parent=41876"}],"wp:term":[{"taxonomy":"product_cat","embeddable":true,"href":"https:\/\/mouldking.store\/de\/wp-json\/wp\/v2\/product_cat?post=41876"},{"taxonomy":"product_tag","embeddable":true,"href":"https:\/\/mouldking.store\/de\/wp-json\/wp\/v2\/product_tag?post=41876"}],"curies":[{"name":"wp","href":"https:\/\/api.w.org\/{rel}","templated":true}]}}