{"id":41885,"date":"2023-02-20T14:37:32","date_gmt":"2023-02-20T07:37:32","guid":{"rendered":"https:\/\/mouldking.store\/shop\/moc-factory-87713-fennec-shand-helmet-collection-with-535-pieces\/"},"modified":"2025-12-16T22:25:16","modified_gmt":"2025-12-16T15:25:16","slug":"moc-factory-87713-fennec-shand-helmet-collection-with-535-pieces","status":"publish","type":"product","link":"https:\/\/mouldking.store\/de\/shop\/moc-factory-87713-fennec-shand-helmet-collection-with-535-pieces\/","title":{"rendered":"MOC Factory 87713 Fennec Shand (Helmkollektion) mit 535 St\u00fcck"},"content":{"rendered":"<div>\u2705 MOC 87713 Fennec Shand (Helmkollektion)<\/p>\n<p>\u2705Der Helm von Fennec Shand ist eine Art Helm, der von der Figur Fennec Shand in der Star Wars-Franchise getragen wird. Fennec Shand ist ein geschickter Attent\u00e4ter und S\u00f6ldner, der in der Disney+-Fernsehserie \u201eThe Mandalorian\u201c und sp\u00e4ter in der Zeichentrickserie \u201eThe Bad Batch\u201c auftritt.<\/p>\n<p>\ud83d\udeab WICHTIG!<\/p>\n<p>Produktname: Fennec Shand (Helmkollektion)<\/p>\n<p>Kategorie: Krieg der Sterne<\/p>\n<p>Dieses Kit enth\u00e4lt: MOC 87713<\/p>\n<p>535 St\u00fcck Steine von guter Qualit\u00e4t<\/p>\n<p>Gr\u00f6\u00dfe: 12 x 12 x 18,4 cm<\/p>\n<p>PDF-Anleitung<\/p>\n<p>\ud83d\udcccNatur des Protagonisten<\/p>\n<p>Die Einf\u00fchrung unserer stolzen Kollektion mit dem Namen \u201eFennec Shand (Helmet Collection)\u201c sollten Sie nicht verpassen.<\/p>\n<p>Der Helm hat ein schlankes und unverwechselbares Design mit einem eleganten schwarzen Finish und einem markanten T-f\u00f6rmigen Visier. Der Helm hat eine gebogene Form, die sich an den Kopf des Tr\u00e4gers anpasst und Gesicht und Hals vollst\u00e4ndig abdeckt. Es verf\u00fcgt \u00fcber eine Reihe integrierter Sensoren und Kommunikationsger\u00e4te, die es dem Tr\u00e4ger erm\u00f6glichen, auf wichtige Informationen zuzugreifen und mit anderen in Kontakt zu bleiben.<\/p><\/div>","protected":false},"excerpt":{"rendered":"<p>Marke: MOC-Fabrik<br \/>\nGeschlecht: Unisex<br \/>\nAltersspanne: &gt; 8 Jahre alt<br \/>\nModellnummer: 87713<br \/>\nEinstufung: Assemblage<br \/>\nKunststoffblockform: Selbstsichernde Steine<br \/>\nMaterial: Kunststoff<br \/>\nKunststofftyp: ABS<br \/>\nZiegelsteine: 535 +<br \/>\nKein Kasten<\/p>","protected":false},"featured_media":41882,"comment_status":"open","ping_status":"closed","template":"","meta":{"_acf_changed":false},"product_cat":[581,6016,415,1408],"product_tag":[8149,11349,8047,434,11350,2276,436],"class_list":["product","first","instock","shipping-taxable","purchasable","product-type-simple"],"acf":[],"_links":{"self":[{"href":"https:\/\/mouldking.store\/de\/wp-json\/wp\/v2\/product\/41885","targetHints":{"allow":["GET"]}}],"collection":[{"href":"https:\/\/mouldking.store\/de\/wp-json\/wp\/v2\/product"}],"about":[{"href":"https:\/\/mouldking.store\/de\/wp-json\/wp\/v2\/types\/product"}],"replies":[{"embeddable":true,"href":"https:\/\/mouldking.store\/de\/wp-json\/wp\/v2\/comments?post=41885"}],"wp:featuredmedia":[{"embeddable":true,"href":"https:\/\/mouldking.store\/de\/wp-json\/wp\/v2\/media\/41882"}],"wp:attachment":[{"href":"https:\/\/mouldking.store\/de\/wp-json\/wp\/v2\/media?parent=41885"}],"wp:term":[{"taxonomy":"product_cat","embeddable":true,"href":"https:\/\/mouldking.store\/de\/wp-json\/wp\/v2\/product_cat?post=41885"},{"taxonomy":"product_tag","embeddable":true,"href":"https:\/\/mouldking.store\/de\/wp-json\/wp\/v2\/product_tag?post=41885"}],"curies":[{"name":"wp","href":"https:\/\/api.w.org\/{rel}","templated":true}]}}