{"id":41900,"date":"2023-02-20T15:05:35","date_gmt":"2023-02-20T08:05:35","guid":{"rendered":"https:\/\/mouldking.store\/shop\/reobrix-683-dodge-viper-racer-car-with-419-pieces\/"},"modified":"2023-02-20T15:05:35","modified_gmt":"2023-02-20T08:05:35","slug":"reobrix-683-dodge-viper-racer-car-with-419-pieces","status":"publish","type":"product","link":"https:\/\/mouldking.store\/de\/shop\/reobrix-683-dodge-viper-racer-car-with-419-pieces\/","title":{"rendered":"REOBRIX 683 Dodge Viper Rennwagen mit 419 Teilen"},"content":{"rendered":"<div>\u2705 Reobrix 683 Dodge Viper Rennwagen<br \/>&nbsp;<br \/>\u2705Das Auto Dodge Viper Racer ist ein Hochleistungssportwagen, der f\u00fcr Rennzwecke entwickelt wurde. Er basiert auf der Dodge Viper, einem beliebten Sportwagen des amerikanischen Autoherstellers Dodge.<br \/>&nbsp;<br \/>\ud83d\udeab WICHTIG!&nbsp;<br \/>&nbsp;<br \/>Produktname: Dodge Viper Rennwagen<br \/>&nbsp;<br \/>Kategorie: Technik<br \/>&nbsp;<br \/>Dieses Kit enth\u00e4lt: Reobrix 683<br \/>&nbsp;<br \/>419 St\u00fcck Steine von guter Qualit\u00e4t&nbsp;<br \/>&nbsp;<br \/>Gr\u00f6\u00dfe: 16,6 x 7,8 x 4,9 cm<br \/>&nbsp;<br \/>Manuelle Anweisungen&nbsp;<br \/>&nbsp;<br \/>\ud83d\udcccNatur des Protagonisten&nbsp;<br \/>&nbsp;<br \/>Die Einf\u00fchrung unserer stolzen Kollektion mit dem Namen \u201eDodge Viper Racer Car\u201c sollten Sie nicht verpassen.&nbsp;<\/p>\n<p>Das Viper Racer-Auto wurde speziell f\u00fcr den Rennsport entwickelt und verf\u00fcgt \u00fcber eine Reihe fortschrittlicher Funktionen und Technologien, die es auf der Rennstrecke \u00e4u\u00dferst wettbewerbsf\u00e4hig machen. Diese Merkmale k\u00f6nnen Leichtbau, Hochleistungsmotoren, aerodynamische Bodykits und spezielle Rennreifen umfassen. Das Auto wird auch abgespeckt, um das Gewicht zu reduzieren und die Leistung zu steigern, wobei Funktionen wie Klimaanlage und Soundsysteme entfernt wurden. Das Dodge Viper Racer-Auto hat ein unverwechselbares Erscheinungsbild mit schlanken und kantigen Linien und einer niedrigen, aggressiven Haltung. Es kann eine Reihe von Rennlackierungen und Sponsorenlogos sowie andere einzigartige visuelle Merkmale wie aerodynamische Fl\u00fcgel und Spoiler aufweisen.<\/p><\/div>","protected":false},"excerpt":{"rendered":"<p>Marke: REOBRIX<br \/>\nGeschlecht: Unisex<br \/>\nAltersspanne: &gt; 14 Jahre alt<br \/>\nModellnummer: 683<br \/>\nEinstufung: Assemblage<br \/>\nKunststoffblockform: Selbstsichernde Steine<br \/>\nMaterial: Kunststoff<br \/>\nKunststofftyp: ABS<br \/>\nZiegelsteine: 419 +<br \/>\nKein Kasten<\/p>","protected":false},"featured_media":41897,"comment_status":"open","ping_status":"closed","template":"","meta":{"_acf_changed":false},"product_cat":[1360,1357,364],"product_tag":[457,10882,11354,7761,389,11080,11355],"class_list":["product","first","instock","shipping-taxable","purchasable","product-type-simple"],"acf":[],"_links":{"self":[{"href":"https:\/\/mouldking.store\/de\/wp-json\/wp\/v2\/product\/41900","targetHints":{"allow":["GET"]}}],"collection":[{"href":"https:\/\/mouldking.store\/de\/wp-json\/wp\/v2\/product"}],"about":[{"href":"https:\/\/mouldking.store\/de\/wp-json\/wp\/v2\/types\/product"}],"replies":[{"embeddable":true,"href":"https:\/\/mouldking.store\/de\/wp-json\/wp\/v2\/comments?post=41900"}],"wp:featuredmedia":[{"embeddable":true,"href":"https:\/\/mouldking.store\/de\/wp-json\/wp\/v2\/media\/41897"}],"wp:attachment":[{"href":"https:\/\/mouldking.store\/de\/wp-json\/wp\/v2\/media?parent=41900"}],"wp:term":[{"taxonomy":"product_cat","embeddable":true,"href":"https:\/\/mouldking.store\/de\/wp-json\/wp\/v2\/product_cat?post=41900"},{"taxonomy":"product_tag","embeddable":true,"href":"https:\/\/mouldking.store\/de\/wp-json\/wp\/v2\/product_tag?post=41900"}],"curies":[{"name":"wp","href":"https:\/\/api.w.org\/{rel}","templated":true}]}}