{"id":41905,"date":"2023-02-20T15:24:04","date_gmt":"2023-02-20T08:24:04","guid":{"rendered":"https:\/\/mouldking.store\/shop\/reobrix-66030-star-revenge-planet-book-with-3058-pieces\/"},"modified":"2023-02-20T15:24:04","modified_gmt":"2023-02-20T08:24:04","slug":"reobrix-66030-star-revenge-planet-book-with-3058-pieces","status":"publish","type":"product","link":"https:\/\/mouldking.store\/de\/shop\/reobrix-66030-star-revenge-planet-book-with-3058-pieces\/","title":{"rendered":"REOBRIX 66030 Star Revenge Planet Buch mit 3058 Teilen"},"content":{"rendered":"<div>\u2705 Reobrix 66030 Star Revenge Planet Buch<br \/>&nbsp;<br \/>\u2705Das Star-Revenge-Planet-Buch geh\u00f6rt zur Star-Wars-Serie der Bausteinsets, und das gesamte Set enth\u00e4lt 3058 Bausteinpartikel. Erste Ver\u00f6ffentlichung im Jahr 2023.<br \/>&nbsp;<br \/>\ud83d\udeab WICHTIG!&nbsp;<br \/>&nbsp;<br \/>Produktname: Star Revenge Planet Book<br \/>&nbsp;<br \/>Kategorie: Krieg der Sterne<br \/>&nbsp;<br \/>Dieses Kit enth\u00e4lt: Reobrix 66030<br \/>&nbsp;<br \/>3058 St\u00fcck Steine von guter Qualit\u00e4t&nbsp;<br \/>&nbsp;<br \/>Gr\u00f6\u00dfe: 64,5 \u00d7 15 \u00d7 29,5 cm<br \/>&nbsp;<br \/>Manuelle Anweisungen&nbsp;<br \/>&nbsp;<br \/>\ud83d\udcccNatur des Protagonisten&nbsp;<br \/>&nbsp;<br \/>Die Einf\u00fchrung unserer stolzen Sammlung mit dem Namen \u201eStar Revenge Planet Book\u201c sollten Sie nicht verpassen.&nbsp;<br \/>&nbsp;<br \/>Baukl\u00f6tze sind eine gro\u00dfartige M\u00f6glichkeit, sich die Zeit zu vertreiben und eigene, einzigartige Kreationen zu schaffen, daher ist es nicht verwunderlich, dass es diese Gegenst\u00e4nde schon seit Tausenden von Jahren gibt. Das Star Revenge Planet Book enth\u00e4lt 3058 Partikel, mit denen Sie alles bauen k\u00f6nnen, was Sie m\u00f6chten. Es ist die erste Ver\u00f6ffentlichung der Serie im Jahr 2023 und entstand, weil es Leute gab, die mehr Bausteine wollten.<\/div>","protected":false},"excerpt":{"rendered":"<p>Marke: REOBRIX<br \/>\nGeschlecht: Unisex<br \/>\nAltersspanne: &gt; 14 Jahre alt<br \/>\nModellnummer: 66030<br \/>\nEinstufung: Assemblage<br \/>\nKunststoffblockform: Selbstsichernde Steine<br \/>\nMaterial: Kunststoff<br \/>\nKunststofftyp: ABS<br \/>\nZiegelsteine: 3058 +<br \/>\nKein Kasten<br \/>\nVorverkauf am 28.02<\/p>","protected":false},"featured_media":41902,"comment_status":"open","ping_status":"closed","template":"","meta":{"_acf_changed":false},"product_cat":[581,6016,415,1408],"product_tag":[1411,434,11356,5488,2276,673,436],"class_list":["product","first","instock","shipping-taxable","purchasable","product-type-simple"],"acf":[],"_links":{"self":[{"href":"https:\/\/mouldking.store\/de\/wp-json\/wp\/v2\/product\/41905","targetHints":{"allow":["GET"]}}],"collection":[{"href":"https:\/\/mouldking.store\/de\/wp-json\/wp\/v2\/product"}],"about":[{"href":"https:\/\/mouldking.store\/de\/wp-json\/wp\/v2\/types\/product"}],"replies":[{"embeddable":true,"href":"https:\/\/mouldking.store\/de\/wp-json\/wp\/v2\/comments?post=41905"}],"wp:featuredmedia":[{"embeddable":true,"href":"https:\/\/mouldking.store\/de\/wp-json\/wp\/v2\/media\/41902"}],"wp:attachment":[{"href":"https:\/\/mouldking.store\/de\/wp-json\/wp\/v2\/media?parent=41905"}],"wp:term":[{"taxonomy":"product_cat","embeddable":true,"href":"https:\/\/mouldking.store\/de\/wp-json\/wp\/v2\/product_cat?post=41905"},{"taxonomy":"product_tag","embeddable":true,"href":"https:\/\/mouldking.store\/de\/wp-json\/wp\/v2\/product_tag?post=41905"}],"curies":[{"name":"wp","href":"https:\/\/api.w.org\/{rel}","templated":true}]}}