{"id":41945,"date":"2023-02-20T16:30:13","date_gmt":"2023-02-20T09:30:13","guid":{"rendered":"https:\/\/mouldking.store\/shop\/balody-21058-gingerbread-house-with-1026-pieces\/"},"modified":"2023-02-20T16:30:13","modified_gmt":"2023-02-20T09:30:13","slug":"balody-21058-gingerbread-house-with-1026-pieces","status":"publish","type":"product","link":"https:\/\/mouldking.store\/de\/shop\/balody-21058-gingerbread-house-with-1026-pieces\/","title":{"rendered":"BALODY 21058 Lebkuchenhaus mit 1026 Teilen"},"content":{"rendered":"<div>\u2705 BALODY 21058 Lebkuchenhaus<br \/>&nbsp;<br \/>\u2705 Ein Lebkuchenhaus ist ein festlicher und dekorativer Feiertagsgenuss, der oft aus Lebkuchenteig, Zuckerguss und verschiedenen Arten von S\u00fc\u00dfigkeiten oder S\u00fc\u00dfigkeiten hergestellt wird. Der Lebkuchenteig wird in Formen geschnitten und zusammengesetzt, um die W\u00e4nde, das Dach und andere strukturelle Elemente des Hauses zu bilden. Die Glasur wird verwendet, um die Teile zusammenzukleben und dekorative Elemente wie Fenster, T\u00fcren und andere Details hinzuzuf\u00fcgen. S\u00fc\u00dfigkeiten und S\u00fc\u00dfigkeiten werden dann hinzugef\u00fcgt, um das Haus zu dekorieren, wie Gummibonbons, Zuckerstangen, Schokoladenst\u00fcckchen und mehr.<br \/>&nbsp;<br \/>\ud83d\udeab WICHTIG!&nbsp;<br \/>&nbsp;<br \/>Produktname: Lebkuchenhaus<br \/>&nbsp;<br \/>Kategorie: Sch\u00f6pfer&nbsp;<br \/>&nbsp;<br \/>Dieses Kit enth\u00e4lt: BALODY 21058&nbsp;<br \/>&nbsp;<br \/>1026 St\u00fcck Steine von guter Qualit\u00e4t&nbsp;<br \/>&nbsp;<br \/>Gr\u00f6\u00dfe: 18,6 \u00d7 8,6 \u00d7 12,7 cm<br \/>&nbsp;<br \/>Manuelle Anweisungen&nbsp;<br \/>&nbsp;<br \/>\ud83d\udcccNatur des Protagonisten&nbsp;<br \/>&nbsp;<br \/>Die Einf\u00fchrung unserer stolzen Kollektion namens \u201eLebkuchenhaus\u201c sollten Sie nicht verpassen.&nbsp;<br \/>&nbsp;<br \/>Lebkuchenh\u00e4user gibt es in allen Formen und Gr\u00f6\u00dfen, von klein und einfach bis gro\u00df und kunstvoll. Sie sind oft so dekoriert, dass sie wie traditionelle H\u00e4user mit schr\u00e4gen D\u00e4chern und Schornsteinen aussehen, aber sie k\u00f6nnen auch ausgefallenere Formen annehmen, wie Schl\u00f6sser, H\u00fctten oder sogar Weihnachtsb\u00e4ume. Lebkuchenh\u00e4user sind eine beliebte Urlaubsbesch\u00e4ftigung, die oft mit Familie oder Freunden zubereitet wird, und k\u00f6nnen als festliche Dekoration ausgestellt oder sogar als Leckerei gegessen werden. Sie sind eine beliebte Tradition in der Weihnachtszeit und eine unterhaltsame Art, die Feiertage zu feiern.<\/div>","protected":false},"excerpt":{"rendered":"<p>Marke: BALODY<br \/>\nGeschlecht: Unisex<br \/>\nAltersspanne: &gt; 6 Jahre alt<br \/>\nModellnummer: 21058<br \/>\nEinstufung: Assemblage<br \/>\nKunststoffblockform: Selbstsichernde Steine<br \/>\nMaterial: Kunststoff<br \/>\nKunststofftyp: ABS<br \/>\nZiegelsteine: 1026 +<br \/>\nVorverkauf<\/p>","protected":false},"featured_media":41941,"comment_status":"open","ping_status":"closed","template":"","meta":{"_acf_changed":false},"product_cat":[1365,1395,371,390],"product_tag":[11072,8452,7499,7502,2318,392],"class_list":["product","first","instock","shipping-taxable","purchasable","product-type-simple"],"acf":[],"_links":{"self":[{"href":"https:\/\/mouldking.store\/de\/wp-json\/wp\/v2\/product\/41945","targetHints":{"allow":["GET"]}}],"collection":[{"href":"https:\/\/mouldking.store\/de\/wp-json\/wp\/v2\/product"}],"about":[{"href":"https:\/\/mouldking.store\/de\/wp-json\/wp\/v2\/types\/product"}],"replies":[{"embeddable":true,"href":"https:\/\/mouldking.store\/de\/wp-json\/wp\/v2\/comments?post=41945"}],"wp:featuredmedia":[{"embeddable":true,"href":"https:\/\/mouldking.store\/de\/wp-json\/wp\/v2\/media\/41941"}],"wp:attachment":[{"href":"https:\/\/mouldking.store\/de\/wp-json\/wp\/v2\/media?parent=41945"}],"wp:term":[{"taxonomy":"product_cat","embeddable":true,"href":"https:\/\/mouldking.store\/de\/wp-json\/wp\/v2\/product_cat?post=41945"},{"taxonomy":"product_tag","embeddable":true,"href":"https:\/\/mouldking.store\/de\/wp-json\/wp\/v2\/product_tag?post=41945"}],"curies":[{"name":"wp","href":"https:\/\/api.w.org\/{rel}","templated":true}]}}