{"id":41964,"date":"2023-02-20T17:08:48","date_gmt":"2023-02-20T10:08:48","guid":{"rendered":"https:\/\/mouldking.store\/shop\/happy-build-yc-35001-3in1-robot-with-468-pieces\/"},"modified":"2023-03-14T09:57:13","modified_gmt":"2023-03-14T02:57:13","slug":"happy-build-yc-35001-3in1-robot-with-468-pieces","status":"publish","type":"product","link":"https:\/\/mouldking.store\/de\/shop\/happy-build-yc-35001-3in1-robot-with-468-pieces\/","title":{"rendered":"HAPPY BUILD YC-35001 3IN1 Roboter mit 468 Teilen"},"content":{"rendered":"<div>\u2705 HAPPY BUILD YC-35001 3IN1 Roboter<br \/>&nbsp;<br \/>\u27053IN1-Roboter ist ein gelber Roboter, der zum Bausteinset der mechanischen Gruppenserie geh\u00f6rt. Menschen k\u00f6nnen ganz einfach ihre eigenen Kreationen bauen und damit spielen oder sie mit Teilen anderer 3IN1-Roboter anpassen. Mit diesem revolution\u00e4ren Bauspielzeug k\u00f6nnen Kinder etwas \u00fcber Robotik, Wissenschaft, Technik und Konstruktion lernen.<br \/>&nbsp;<br \/>\ud83d\udeab WICHTIG!&nbsp;<br \/>&nbsp;<br \/>Produktname: 3IN1 Roboter<br \/>&nbsp;<br \/>Kategorie: Sch\u00f6pfer&nbsp;<br \/>&nbsp;<br \/>Dieses Kit enth\u00e4lt: HAPPY BUILD YC-35001<br \/>&nbsp;<br \/>468 St\u00fcck Steine von guter Qualit\u00e4t&nbsp;<br \/>&nbsp;<br \/>Manuelle Anweisungen&nbsp;<br \/>&nbsp;<br \/>\ud83d\udcccNatur des Protagonisten&nbsp;<br \/>&nbsp;<br \/>Die Einf\u00fchrung unserer stolzen Kollektion mit dem Namen \u201e3IN1 Robot\u201c sollten Sie nicht verpassen.&nbsp;<br \/>&nbsp;<br \/>Der 3IN1-Roboter ist ein gelber Roboter, der ver\u00e4nderbar ist. Der 3IN1-Roboter (ver\u00e4nderbar) geh\u00f6rt zum Bausteinset der mechanischen Gruppe, und das gesamte Set enth\u00e4lt 468 Bausteinpartikel. Die erste Ver\u00f6ffentlichung im Jahr 2023.<\/div>","protected":false},"excerpt":{"rendered":"<p>Marke: HAPPYBUILD<br \/>\nGeschlecht: Unisex<br \/>\nAltersspanne: &gt; 8 Jahre alt<br \/>\nModellnummer: YC-35001<br \/>\nEinstufung: Assemblage<br \/>\nKunststoffblockform: Selbstsichernde Steine<br \/>\nMaterial: Kunststoff<br \/>\nKunststofftyp: ABS<br \/>\nZiegelsteine: 468 +<br \/>\nVorverkauf<\/p>","protected":false},"author":83,"featured_media":41961,"comment_status":"open","ping_status":"closed","template":"","meta":{"_acf_changed":false},"product_cat":[1365,371],"product_tag":[11363,11072,8452,590],"class_list":["product","first","outofstock","shipping-taxable","purchasable","product-type-simple"],"acf":[],"_links":{"self":[{"href":"https:\/\/mouldking.store\/de\/wp-json\/wp\/v2\/product\/41964","targetHints":{"allow":["GET"]}}],"collection":[{"href":"https:\/\/mouldking.store\/de\/wp-json\/wp\/v2\/product"}],"about":[{"href":"https:\/\/mouldking.store\/de\/wp-json\/wp\/v2\/types\/product"}],"author":[{"embeddable":true,"href":"https:\/\/mouldking.store\/de\/wp-json\/wp\/v2\/users\/83"}],"replies":[{"embeddable":true,"href":"https:\/\/mouldking.store\/de\/wp-json\/wp\/v2\/comments?post=41964"}],"wp:featuredmedia":[{"embeddable":true,"href":"https:\/\/mouldking.store\/de\/wp-json\/wp\/v2\/media\/41961"}],"wp:attachment":[{"href":"https:\/\/mouldking.store\/de\/wp-json\/wp\/v2\/media?parent=41964"}],"wp:term":[{"taxonomy":"product_cat","embeddable":true,"href":"https:\/\/mouldking.store\/de\/wp-json\/wp\/v2\/product_cat?post=41964"},{"taxonomy":"product_tag","embeddable":true,"href":"https:\/\/mouldking.store\/de\/wp-json\/wp\/v2\/product_tag?post=41964"}],"curies":[{"name":"wp","href":"https:\/\/api.w.org\/{rel}","templated":true}]}}