{"id":41966,"date":"2022-02-20T17:20:51","date_gmt":"2022-02-20T10:20:51","guid":{"rendered":"https:\/\/mouldking.store\/shop\/cogo-17015-dreaming-of-china-airlines-type-12322-bison-class-air-cushion-landing-craft-with-826-pieces\/"},"modified":"2023-03-10T11:03:15","modified_gmt":"2023-03-10T04:03:15","slug":"cogo-17015-dreaming-of-china-airlines-type-12322-bison-class-air-cushion-landing-craft-with-826-pieces","status":"publish","type":"product","link":"https:\/\/mouldking.store\/de\/shop\/cogo-17015-dreaming-of-china-airlines-type-12322-bison-class-air-cushion-landing-craft-with-826-pieces\/","title":{"rendered":"CoGo 17015 Dreaming of China Airlines: Typ 12322 Luftkissen-Landungsboot der Bison-Klasse mit 826 Teilen"},"content":{"rendered":"<div>\u2705COGO 17015 Dreaming of China Airlines: Typ 12322 Luftkissen-Landungsboot der Bison-Klasse<br \/>&nbsp;<br \/>\u2705Das Luftkissen-Landungsboot Typ 12322 der Bison-Klasse ist eine Art Landungsboot, das von der Volksbefreiungsarmee (PLAN) von China verwendet wird. Es wurde entwickelt, um w\u00e4hrend amphibischer Operationen Truppen, Ausr\u00fcstung und Vorr\u00e4te von Schiffen an Land zu transportieren.<br \/>&nbsp;<br \/>\ud83d\udeab WICHTIG!&nbsp;<br \/>&nbsp;<br \/>Produktname: Dreaming of China Airlines: Typ 12322 Luftkissen-Landungsboot der Bison-Klasse<br \/>&nbsp;<br \/>Kategorie: Milit\u00e4r<br \/>&nbsp;<br \/>Dieses Kit enth\u00e4lt: COGO 17015<br \/>&nbsp;<br \/>826 St\u00fcck Steine von guter Qualit\u00e4t&nbsp;<br \/>&nbsp;<br \/>Manuelle Anweisungen&nbsp;<br \/>&nbsp;<br \/>\ud83d\udcccNatur des Protagonisten&nbsp;<br \/>&nbsp;<br \/>Die Einf\u00fchrung unserer stolzen Kollektion namens \u201eDreaming of China Airlines: Type 12322 Bison-class Air Cushion Landing Craft\u201c sollten Sie sich nicht entgehen lassen.&nbsp;<\/p>\n<\/div>\n<div>Das Landungsboot der Bison-Klasse verwendet ein Luftkissensystem, um das Fahrzeug aus dem Wasser zu heben und eine reibungslose Fahrt w\u00e4hrend des Hochgeschwindigkeitstransports zu gew\u00e4hrleisten. Dadurch kann das Fahrzeug in seichten Gew\u00e4ssern operieren und schwieriges Gel\u00e4nde wie S\u00fcmpfe, Sandb\u00e4nke und schneebedeckte Felder durchqueren.<\/div>","protected":false},"excerpt":{"rendered":"<p>Marke: Cogo<br \/>\nGeschlecht: Unisex<br \/>\nAltersspanne: &gt; 6 Jahre alt<br \/>\nModellnummer: 17015<br \/>\nEinstufung: Assemblage<br \/>\nKunststoffblockform: Selbstsichernde Steine<br \/>\nMaterial: Kunststoff<br \/>\nKunststofftyp: ABS<br \/>\nZiegelsteine: 826 +<br \/>\nVorverkauf<\/p>","protected":false},"featured_media":41965,"comment_status":"open","ping_status":"closed","template":"","meta":{"_acf_changed":false},"product_cat":[1350,1357,372,364],"product_tag":[11202,11366,11365,10892,11364,11249,374,389],"class_list":["product","first","outofstock","shipping-taxable","purchasable","product-type-simple"],"acf":[],"_links":{"self":[{"href":"https:\/\/mouldking.store\/de\/wp-json\/wp\/v2\/product\/41966","targetHints":{"allow":["GET"]}}],"collection":[{"href":"https:\/\/mouldking.store\/de\/wp-json\/wp\/v2\/product"}],"about":[{"href":"https:\/\/mouldking.store\/de\/wp-json\/wp\/v2\/types\/product"}],"replies":[{"embeddable":true,"href":"https:\/\/mouldking.store\/de\/wp-json\/wp\/v2\/comments?post=41966"}],"wp:featuredmedia":[{"embeddable":true,"href":"https:\/\/mouldking.store\/de\/wp-json\/wp\/v2\/media\/41965"}],"wp:attachment":[{"href":"https:\/\/mouldking.store\/de\/wp-json\/wp\/v2\/media?parent=41966"}],"wp:term":[{"taxonomy":"product_cat","embeddable":true,"href":"https:\/\/mouldking.store\/de\/wp-json\/wp\/v2\/product_cat?post=41966"},{"taxonomy":"product_tag","embeddable":true,"href":"https:\/\/mouldking.store\/de\/wp-json\/wp\/v2\/product_tag?post=41966"}],"curies":[{"name":"wp","href":"https:\/\/api.w.org\/{rel}","templated":true}]}}