{"id":41974,"date":"2022-02-20T17:47:40","date_gmt":"2022-02-20T10:47:40","guid":{"rendered":"https:\/\/mouldking.store\/shop\/cogo-17007-dreaming-of-china-airlines-dongfeng-warrior-medical-vehicle-with-402-pieces\/"},"modified":"2023-03-10T11:02:55","modified_gmt":"2023-03-10T04:02:55","slug":"cogo-17007-dreaming-of-china-airlines-dongfeng-warrior-medical-vehicle-with-402-pieces","status":"publish","type":"product","link":"https:\/\/mouldking.store\/de\/shop\/cogo-17007-dreaming-of-china-airlines-dongfeng-warrior-medical-vehicle-with-402-pieces\/","title":{"rendered":"CoGo 17007 Dreaming of China Airlines: Dongfeng Warrior Medical Vehicle mit 402 Teilen"},"content":{"rendered":"<div>\u2705 COGO 17007 Dreaming of China Airlines: Dongfeng Warrior Medical Vehicle<br \/>&nbsp;<br \/>\u2705Das Dongfeng Warrior Medical Vehicle ist eine Art gepanzerter Krankenwagen, der von China entwickelt wurde. Es dient dem Transport verwundeter Soldaten und der medizinischen Versorgung in Kampf- oder Notsituationen.<br \/>&nbsp;<br \/>\ud83d\udeab WICHTIG!&nbsp;<br \/>&nbsp;<br \/>Produktname: Dreaming of China Airlines: Dongfeng Warrior Medical Vehicle<br \/>&nbsp;<br \/>Kategorie: Milit\u00e4r<br \/>&nbsp;<br \/>Dieses Kit enth\u00e4lt: COGO 17007&nbsp;<br \/>&nbsp;<br \/>402 St\u00fcck Ziegel von guter Qualit\u00e4t&nbsp;<\/p>\n<p>Manuelle Anweisungen&nbsp;<br \/>&nbsp;<br \/>\ud83d\udcccNatur des Protagonisten&nbsp;<br \/>&nbsp;<br \/>Die Einf\u00fchrung unserer stolzen Kollektion mit dem Namen \u201eDreaming of China Airlines: Dongfeng Warrior Medical Vehicle\u201c sollten Sie sich nicht entgehen lassen.&nbsp;<br \/>&nbsp;<br \/>Das Dongfeng Warrior Medical Vehicle basiert auf der leichten taktischen Fahrzeugplattform Dongfeng Warrior 4\u00d74, die vom chinesischen Milit\u00e4r weit verbreitet ist. Es ist mit fortschrittlicher medizinischer Ausr\u00fcstung und Zubeh\u00f6r ausgestattet, darunter eine Trage, Sauerstoffversorgung, Defibrillator und Notfallmedizin. Das Fahrzeug ist auch so konzipiert, dass es medizinischem Personal eine komfortable Umgebung zum Arbeiten bietet, mit Klimaanlage und anderen Funktionen, um die Sicherheit und den Komfort der Patienten zu gew\u00e4hrleisten.<\/div>","protected":false},"excerpt":{"rendered":"<p>Marke: Cogo<br \/>\nGeschlecht: Unisex<br \/>\nAltersspanne: &gt; 6 Jahre alt<br \/>\nModellnummer: 17007<br \/>\nEinstufung: Assemblage<br \/>\nKunststoffblockform: Selbstsichernde Steine<br \/>\nMaterial: Kunststoff<br \/>\nKunststofftyp: ABS<br \/>\nZiegelsteine: 402 +<br \/>\nVorverkauf<\/p>","protected":false},"featured_media":41973,"comment_status":"open","ping_status":"closed","template":"","meta":{"_acf_changed":false},"product_cat":[1350,1357,372,364],"product_tag":[10892,11364,7742,11370,374,389,2803,11369],"class_list":["product","first","outofstock","shipping-taxable","purchasable","product-type-simple"],"acf":[],"_links":{"self":[{"href":"https:\/\/mouldking.store\/de\/wp-json\/wp\/v2\/product\/41974","targetHints":{"allow":["GET"]}}],"collection":[{"href":"https:\/\/mouldking.store\/de\/wp-json\/wp\/v2\/product"}],"about":[{"href":"https:\/\/mouldking.store\/de\/wp-json\/wp\/v2\/types\/product"}],"replies":[{"embeddable":true,"href":"https:\/\/mouldking.store\/de\/wp-json\/wp\/v2\/comments?post=41974"}],"wp:featuredmedia":[{"embeddable":true,"href":"https:\/\/mouldking.store\/de\/wp-json\/wp\/v2\/media\/41973"}],"wp:attachment":[{"href":"https:\/\/mouldking.store\/de\/wp-json\/wp\/v2\/media?parent=41974"}],"wp:term":[{"taxonomy":"product_cat","embeddable":true,"href":"https:\/\/mouldking.store\/de\/wp-json\/wp\/v2\/product_cat?post=41974"},{"taxonomy":"product_tag","embeddable":true,"href":"https:\/\/mouldking.store\/de\/wp-json\/wp\/v2\/product_tag?post=41974"}],"curies":[{"name":"wp","href":"https:\/\/api.w.org\/{rel}","templated":true}]}}