{"id":42006,"date":"2023-02-22T10:05:17","date_gmt":"2023-02-22T03:05:17","guid":{"rendered":"https:\/\/mouldking.store\/shop\/rastar-99300-audi-r8-lms-gt3-sports-car-with-3314-pieces\/"},"modified":"2024-05-10T08:09:55","modified_gmt":"2024-05-10T01:09:55","slug":"rastar-99300-audi-r8-lms-gt3-sports-car-with-3314-pieces","status":"publish","type":"product","link":"https:\/\/mouldking.store\/de\/shop\/rastar-99300-audi-r8-lms-gt3-sports-car-with-3314-pieces\/","title":{"rendered":"Rastar 99300 Audi R8 LMS GT3 Sportwagen mit 3314 Teilen"},"content":{"rendered":"<div>\u2705 RASTAR 99300 Audi R8 LMS GT3 Sportwagen<br \/>&nbsp;<br \/>\u2705Der Audi R8 LMS GT3 ist ein Hochleistungssportwagen, der vom deutschen Automobilunternehmen Audi f\u00fcr GT3-Rennen entwickelt und hergestellt wurde. GT3-Rennen sind eine beliebte Klasse des internationalen Motorsports, bei der speziell entwickelte Sportwagen in Langstreckenrennen gegeneinander antreten.<br \/>&nbsp;<br \/>\ud83d\udeab WICHTIG!&nbsp;<br \/>&nbsp;<br \/>Produktname: Audi R8 LMS GT3 Sportwagen<br \/>&nbsp;<br \/>Kategorie: Technik<br \/>&nbsp;<br \/>Dieses Kit enth\u00e4lt: RASTAR 99300&nbsp;<br \/>&nbsp;<br \/>3314 St\u00fcck Ziegel von guter Qualit\u00e4t&nbsp;<br \/>&nbsp;<br \/>Gr\u00f6\u00dfe: 56,5 \u00d7 27 \u00d7 14 cm<br \/>&nbsp;<br \/>Manuelle Anweisungen&nbsp;<br \/>&nbsp;<br \/>\ud83d\udcccNatur des Protagonisten&nbsp;<br \/>&nbsp;<br \/>Die Einf\u00fchrung unserer stolzen Kollektion mit dem Namen \u201eAudi R8 LMS GT3 Sports Car\u201c sollten Sie nicht verpassen.&nbsp;<br \/>&nbsp;<br \/>Der Audi R8 LMS GT3 basiert auf dem Stra\u00dfenfahrzeug Audi R8 und wurde f\u00fcr den Rennsport umfassend modifiziert, mit einer Leichtbaukarosserie, aerodynamischen Verbesserungen und einem leistungsstarken V10-Motor. Es verf\u00fcgt \u00fcber ein Mittelmotor-Layout f\u00fcr eine optimale Gewichtsverteilung, fortschrittliche Federungs- und Bremssysteme und ein sequentielles Sechsgang-Getriebe.<\/div>","protected":false},"excerpt":{"rendered":"<p>Marke: Rastar<br \/>\nGeschlecht: Unisex<br \/>\nAltersspanne: &gt; 14 Jahre alt<br \/>\nModellnummer: 99300<br \/>\nEinstufung: Assemblage<br \/>\nKunststoffblockform: Selbstsichernde Steine<br \/>\nMaterial: Kunststoff<br \/>\nKunststofftyp: ABS<br \/>\nZiegelsteine: 3314 +<br \/>\nKein Kasten<\/p>","protected":false},"featured_media":41999,"comment_status":"open","ping_status":"closed","template":"","meta":{"_acf_changed":false},"product_cat":[1360,1357,364],"product_tag":[1845,457,11375,11150,389,11080],"class_list":["product","first","instock","shipping-taxable","purchasable","product-type-simple"],"acf":[],"_links":{"self":[{"href":"https:\/\/mouldking.store\/de\/wp-json\/wp\/v2\/product\/42006","targetHints":{"allow":["GET"]}}],"collection":[{"href":"https:\/\/mouldking.store\/de\/wp-json\/wp\/v2\/product"}],"about":[{"href":"https:\/\/mouldking.store\/de\/wp-json\/wp\/v2\/types\/product"}],"replies":[{"embeddable":true,"href":"https:\/\/mouldking.store\/de\/wp-json\/wp\/v2\/comments?post=42006"}],"wp:featuredmedia":[{"embeddable":true,"href":"https:\/\/mouldking.store\/de\/wp-json\/wp\/v2\/media\/41999"}],"wp:attachment":[{"href":"https:\/\/mouldking.store\/de\/wp-json\/wp\/v2\/media?parent=42006"}],"wp:term":[{"taxonomy":"product_cat","embeddable":true,"href":"https:\/\/mouldking.store\/de\/wp-json\/wp\/v2\/product_cat?post=42006"},{"taxonomy":"product_tag","embeddable":true,"href":"https:\/\/mouldking.store\/de\/wp-json\/wp\/v2\/product_tag?post=42006"}],"curies":[{"name":"wp","href":"https:\/\/api.w.org\/{rel}","templated":true}]}}