{"id":42013,"date":"2023-02-22T10:25:15","date_gmt":"2023-02-22T03:25:15","guid":{"rendered":"https:\/\/mouldking.store\/shop\/dk-1514-demon-slayer-kanroji-mitsuri-sun-wheel-knife-with-780-pieces\/"},"modified":"2023-02-22T10:25:15","modified_gmt":"2023-02-22T03:25:15","slug":"dk-1514-demon-slayer-kanroji-mitsuri-sun-wheel-knife-with-780-pieces","status":"publish","type":"product","link":"https:\/\/mouldking.store\/de\/shop\/dk-1514-demon-slayer-kanroji-mitsuri-sun-wheel-knife-with-780-pieces\/","title":{"rendered":"DK 1514 Demon Slayer: Kanroji Mitsuri Sonnenradmesser mit 780 Teilen"},"content":{"rendered":"<div>\u2705 DK 1514 Demon Slayer: Kanroji Mitsuri Sonnenradmesser<br \/>&nbsp;<br \/>\u2705 Kanroji Mitsuri ist eine Figur in der Anime- und Manga-Serie \u201eDemon Slayer: Kimetsu no Yaiba\u201c. Sie ist Mitglied des Demon Slayer Corps und eine der Hauptfiguren der Serie. Kanroji Mitsuri ist bekannt f\u00fcr ihre fr\u00f6hliche und freundliche Pers\u00f6nlichkeit sowie f\u00fcr ihre einzigartige Waffe, das Sonnenradmesser.<br \/>&nbsp;<br \/>\ud83d\udeab WICHTIG!&nbsp;<br \/>&nbsp;<br \/>Produktname: Demon Slayer: Kanroji Mitsuri Sun Wheel Knife<br \/>&nbsp;<br \/>Kategorie: Film<br \/>&nbsp;<br \/>Dieses Kit enth\u00e4lt: DK 1514<br \/>&nbsp;<br \/>780 St\u00fcck Steine von guter Qualit\u00e4t&nbsp;<br \/>&nbsp;<br \/>Manuelle Anweisungen&nbsp;<br \/>&nbsp;<br \/>\ud83d\udcccNatur des Protagonisten&nbsp;<br \/>&nbsp;<br \/>Die Einf\u00fchrung unserer stolzen Kollektion mit dem Namen \u201eDemon Slayer: Kanroji Mitsuri Sun Wheel Knife\u201c sollten Sie nicht verpassen.&nbsp;<br \/>&nbsp;<br \/>\u00c4hnlich wie Inosukes Sonnenradmesser besteht Kanroji Mitsuris Waffe aus einem Paar gebogener Klingen, die an einer zentralen Nabe befestigt sind und schnell gedreht werden k\u00f6nnen, um einen m\u00e4chtigen Wirbelwind zu erzeugen. Ihre Version der Waffe weist jedoch ein rosa-wei\u00dfes Farbschema auf und hat ein eleganteres, feminineres Design.<\/div>","protected":false},"excerpt":{"rendered":"<p>Marke: DK<br \/>\nGeschlecht: Unisex<br \/>\nAltersspanne: &gt; 6 Jahre alt<br \/>\nModellnummer: 1514<br \/>\nEinstufung: Assemblage<br \/>\nKunststoffblockform: Selbstsichernde Steine<br \/>\nMaterial: Kunststoff<br \/>\nKunststofftyp: ABS<br \/>\nZiegelsteine: 780 +<br \/>\nKein Kasten<\/p>","protected":false},"featured_media":42012,"comment_status":"open","ping_status":"closed","template":"","meta":{"_acf_changed":false},"product_cat":[1365,581,1408],"product_tag":[8452,2977,11380,7828,11381,434,11379],"class_list":["product","first","instock","shipping-taxable","purchasable","product-type-simple"],"acf":[],"_links":{"self":[{"href":"https:\/\/mouldking.store\/de\/wp-json\/wp\/v2\/product\/42013","targetHints":{"allow":["GET"]}}],"collection":[{"href":"https:\/\/mouldking.store\/de\/wp-json\/wp\/v2\/product"}],"about":[{"href":"https:\/\/mouldking.store\/de\/wp-json\/wp\/v2\/types\/product"}],"replies":[{"embeddable":true,"href":"https:\/\/mouldking.store\/de\/wp-json\/wp\/v2\/comments?post=42013"}],"wp:featuredmedia":[{"embeddable":true,"href":"https:\/\/mouldking.store\/de\/wp-json\/wp\/v2\/media\/42012"}],"wp:attachment":[{"href":"https:\/\/mouldking.store\/de\/wp-json\/wp\/v2\/media?parent=42013"}],"wp:term":[{"taxonomy":"product_cat","embeddable":true,"href":"https:\/\/mouldking.store\/de\/wp-json\/wp\/v2\/product_cat?post=42013"},{"taxonomy":"product_tag","embeddable":true,"href":"https:\/\/mouldking.store\/de\/wp-json\/wp\/v2\/product_tag?post=42013"}],"curies":[{"name":"wp","href":"https:\/\/api.w.org\/{rel}","templated":true}]}}