{"id":42015,"date":"2023-02-22T10:29:52","date_gmt":"2023-02-22T03:29:52","guid":{"rendered":"https:\/\/mouldking.store\/shop\/moc-factory-90167-hookfang-dragon-with-123-pieces\/"},"modified":"2025-12-16T22:25:16","modified_gmt":"2025-12-16T15:25:16","slug":"moc-factory-90167-hookfang-dragon-with-123-pieces","status":"publish","type":"product","link":"https:\/\/mouldking.store\/de\/shop\/moc-factory-90167-hookfang-dragon-with-123-pieces\/","title":{"rendered":"MOC Factory 90167 Hakenzahndrache mit 123 St\u00fcck"},"content":{"rendered":"<div>\u2705 MOC-90167 Hakenzahndrache<\/p>\n<p>\u2705Hakenzahn ist eine Drachenfigur aus dem Animationsfilm \u201eDrachenz\u00e4hmen leicht gemacht\u201c von DreamWorks. Er ist einer der Hauptdrachen in der Serie und wird von der Figur Snotlout geritten.<\/p>\n<p>\ud83d\udeab WICHTIG!<\/p>\n<p>Produktname: Hakenzahndrache<\/p>\n<p>Kategorie: Film<\/p>\n<p>Dieses Kit enth\u00e4lt: MOC-90167<\/p>\n<p>123 St\u00fcck Steine von guter Qualit\u00e4t<\/p>\n<p>PDF-Anleitung<\/p>\n<p>\ud83d\udcccNatur des Protagonisten<\/p>\n<p>Die Einf\u00fchrung unserer stolzen Kollektion namens \u201eHookfang Dragon\u201c sollten Sie nicht verpassen.<\/p>\n<p>Hookfang ist ein monstr\u00f6ser Albtraumdrache, eine Drachenart, die sich durch ihre roten Schuppen, gro\u00dfen Fl\u00fcgel und ihren m\u00e4chtigen Feueratem auszeichnet. Hookfang ist besonders gro\u00df und muskul\u00f6s und hat einen charakteristischen Satz Stacheln, die seinen R\u00fccken hinunterlaufen. In der Serie ist Hookfang f\u00fcr seinen starken Willen und seine sture Pers\u00f6nlichkeit bekannt, die oft mit Snotlout zusammenst\u00f6\u00dft und eine feste Hand braucht, um trainiert zu werden. Er ist jedoch auch sehr loyal und besch\u00fctzt seinen Reiter und die anderen Drachen in der Gruppe.<\/p><\/div>","protected":false},"excerpt":{"rendered":"<p>Marke: MOC-Fabrik<br \/>\nGeschlecht: Unisex<br \/>\nAltersspanne: &gt; 6 Jahre alt<br \/>\nModellnummer: 90167<br \/>\nEinstufung: Assemblage<br \/>\nKunststoffblockform: Selbstsichernde Steine<br \/>\nMaterial: Kunststoff<br \/>\nKunststofftyp: ABS<br \/>\nZiegelsteine: 123 +<br \/>\nKein Kasten<\/p>","protected":false},"featured_media":42014,"comment_status":"open","ping_status":"closed","template":"","meta":{"_acf_changed":false},"product_cat":[1365,581,1408],"product_tag":[8452,1771,11382,434],"class_list":["product","first","instock","shipping-taxable","purchasable","product-type-simple"],"acf":[],"_links":{"self":[{"href":"https:\/\/mouldking.store\/de\/wp-json\/wp\/v2\/product\/42015","targetHints":{"allow":["GET"]}}],"collection":[{"href":"https:\/\/mouldking.store\/de\/wp-json\/wp\/v2\/product"}],"about":[{"href":"https:\/\/mouldking.store\/de\/wp-json\/wp\/v2\/types\/product"}],"replies":[{"embeddable":true,"href":"https:\/\/mouldking.store\/de\/wp-json\/wp\/v2\/comments?post=42015"}],"wp:featuredmedia":[{"embeddable":true,"href":"https:\/\/mouldking.store\/de\/wp-json\/wp\/v2\/media\/42014"}],"wp:attachment":[{"href":"https:\/\/mouldking.store\/de\/wp-json\/wp\/v2\/media?parent=42015"}],"wp:term":[{"taxonomy":"product_cat","embeddable":true,"href":"https:\/\/mouldking.store\/de\/wp-json\/wp\/v2\/product_cat?post=42015"},{"taxonomy":"product_tag","embeddable":true,"href":"https:\/\/mouldking.store\/de\/wp-json\/wp\/v2\/product_tag?post=42015"}],"curies":[{"name":"wp","href":"https:\/\/api.w.org\/{rel}","templated":true}]}}