{"id":42049,"date":"2023-02-22T11:03:58","date_gmt":"2023-02-22T04:03:58","guid":{"rendered":"https:\/\/mouldking.store\/shop\/52toys-bb-29sz-subzero-with-400-pieces\/"},"modified":"2023-02-22T11:03:58","modified_gmt":"2023-02-22T04:03:58","slug":"52toys-bb-29sz-subzero-with-400-pieces","status":"publish","type":"product","link":"https:\/\/mouldking.store\/de\/shop\/52toys-bb-29sz-subzero-with-400-pieces\/","title":{"rendered":"52TOYS BB-29SZ SUBZERO mit 400 St\u00fcck"},"content":{"rendered":"<div>\u2705 52TOYS BB-29SZ SUBZERO<br \/>&nbsp;<br \/>\u2705SUBZERO is a character in the 52TOYS BeastBox toy line, specifically the BB-29SZ model. BeastBox toys are collectible figures that can transform from animal forms to robot forms, and back again.<br \/>&nbsp;<br \/>\ud83d\udeab WICHTIG!&nbsp;<br \/>&nbsp;<br \/>Product Name: SUBZERO<br \/>&nbsp;<br \/>Kategorie: Sch\u00f6pfer&nbsp;<br \/>&nbsp;<br \/>This Kit Contains: 52TOYS BB-29SZ<br \/>&nbsp;<br \/>400 St\u00fcck Steine von guter Qualit\u00e4t&nbsp;<br \/>&nbsp;<br \/>Size: 16 cm<br \/>&nbsp;<br \/>Manuelle Anweisungen&nbsp;<br \/>&nbsp;<br \/>\ud83d\udcccNatur des Protagonisten&nbsp;<br \/>&nbsp;<br \/>Introducing our proud collection named \u201cSUBZERO\u201d you should not miss.&nbsp;<br \/>&nbsp;<br \/>SUBZERO is designed to resemble a polar bear, with a white and blue color scheme and a blocky, angular appearance. In robot mode, SUBZERO has a powerful and imposing appearance, with large, clawed hands and a fierce expression. The figure also has a number of points of articulation, allowing for a wide range of posing options.<\/div>","protected":false},"excerpt":{"rendered":"<p>Marke: 52TOYS<br \/>\nGeschlecht: Unisex<br \/>\nAltersspanne: &gt; 6 Jahre alt<br \/>\nModel Number: BB-29SZ<br \/>\nEinstufung: Assemblage<br \/>\nKunststoffblockform: Selbstsichernde Steine<br \/>\nMaterial: Kunststoff<br \/>\nKunststofftyp: ABS<br \/>\nZiegelsteine: 400 +<br \/>\nSt\u00fccke k\u00f6nnen sich \u00e4ndern<\/p>","protected":false},"featured_media":42043,"comment_status":"open","ping_status":"closed","template":"","meta":{"_acf_changed":false},"product_cat":[1365,371],"product_tag":[11072,8452,11387],"class_list":["product","first","instock","shipping-taxable","purchasable","product-type-simple"],"acf":[],"_links":{"self":[{"href":"https:\/\/mouldking.store\/de\/wp-json\/wp\/v2\/product\/42049","targetHints":{"allow":["GET"]}}],"collection":[{"href":"https:\/\/mouldking.store\/de\/wp-json\/wp\/v2\/product"}],"about":[{"href":"https:\/\/mouldking.store\/de\/wp-json\/wp\/v2\/types\/product"}],"replies":[{"embeddable":true,"href":"https:\/\/mouldking.store\/de\/wp-json\/wp\/v2\/comments?post=42049"}],"wp:featuredmedia":[{"embeddable":true,"href":"https:\/\/mouldking.store\/de\/wp-json\/wp\/v2\/media\/42043"}],"wp:attachment":[{"href":"https:\/\/mouldking.store\/de\/wp-json\/wp\/v2\/media?parent=42049"}],"wp:term":[{"taxonomy":"product_cat","embeddable":true,"href":"https:\/\/mouldking.store\/de\/wp-json\/wp\/v2\/product_cat?post=42049"},{"taxonomy":"product_tag","embeddable":true,"href":"https:\/\/mouldking.store\/de\/wp-json\/wp\/v2\/product_tag?post=42049"}],"curies":[{"name":"wp","href":"https:\/\/api.w.org\/{rel}","templated":true}]}}