{"id":42063,"date":"2023-02-22T11:17:12","date_gmt":"2023-02-22T04:17:12","guid":{"rendered":"https:\/\/mouldking.store\/shop\/moc-factory-89470-leipzig-class-light-cruiser-nurnberg-scale-with-1060-pieces\/"},"modified":"2025-12-16T22:25:16","modified_gmt":"2025-12-16T15:25:16","slug":"moc-factory-89470-leipzig-class-light-cruiser-nurnberg-scale-with-1060-pieces","status":"publish","type":"product","link":"https:\/\/mouldking.store\/de\/shop\/moc-factory-89470-leipzig-class-light-cruiser-nurnberg-scale-with-1060-pieces\/","title":{"rendered":"MOC Factory 89470 Leipzig Klasse \u2013 Leichter Kreuzer N\u00fcrnberg Ma\u00dfstab mit 1060 St\u00fcck"},"content":{"rendered":"<div>\u2705 MOC-89470 Leipzig-Klasse \u2013 Leichter Kreuzer im Ma\u00dfstab N\u00fcrnberg<\/p>\n<p>\u2705Die Leipzig-Klasse war eine Gruppe von leichten Kreuzern, die in den 1920er Jahren f\u00fcr die deutsche Marine gebaut wurden. Die Klasse bestand aus zwei Schiffen: der Leipzig und der N\u00fcrnberg. Sie waren die ersten von Deutschland nach dem Ersten Weltkrieg gebauten leichten Kreuzer und sollten als Aufkl\u00e4rungsschiffe dienen.<\/p>\n<p>\ud83d\udeab WICHTIG!<\/p>\n<p>Produktname: Leipzig-Klasse \u2013 Leichter Kreuzer im Ma\u00dfstab N\u00fcrnberg<\/p>\n<p>Kategorie: Technik<\/p>\n<p>Dieses Kit enth\u00e4lt: MOC-89470<\/p>\n<p>1060 St\u00fcck Steine von guter Qualit\u00e4t<\/p>\n<p>Gewicht: 1500g<\/p>\n<p>PDF-Anleitung<\/p>\n<p>\ud83d\udcccNatur des Protagonisten<\/p>\n<p>Die Einf\u00fchrung unserer stolzen Kollektion mit dem Namen \u201eLeipzig Class \u2013 Light Cruiser N\u00fcrnberg Scale\u201c sollten Sie nicht verpassen.<\/p>\n<p>Die Leipzig-Klasse hatte eine Verdr\u00e4ngung von rund 6.600 Tonnen und war mit neun 15-cm-Gesch\u00fctzen in drei Dreifacht\u00fcrmen sowie einer Reihe von Flugabwehrgesch\u00fctzen und Torpedorohren bewaffnet. Sie hatten eine H\u00f6chstgeschwindigkeit von rund 32 Knoten und eine Reichweite von bis zu 8.000 Seemeilen. W\u00e4hrend des Zweiten Weltkriegs wurden beide Schiffe in einer Reihe von Marinegefechten eingesetzt. Die Leipzig wurde 1942 in der Schlacht in der Barentssee versenkt, w\u00e4hrend die N\u00fcrnberg in den letzten Tagen des Krieges in Europa von den Alliierten versenkt wurde.<\/p><\/div>","protected":false},"excerpt":{"rendered":"<p>Marke: MOC-Fabrik<br \/>\nGeschlecht: Unisex<br \/>\nAltersspanne: &gt; 12 Jahre alt<br \/>\nModellnummer: 89470<br \/>\nEinstufung: Assemblage<br \/>\nKunststoffblockform: Selbstsichernde Steine<br \/>\nMaterial: Kunststoff<br \/>\nKunststofftyp: ABS<br \/>\nZiegelsteine: 1060 +<br \/>\nVorbereitungszeit: 4-8 Wochen<\/p>","protected":false},"featured_media":42057,"comment_status":"open","ping_status":"closed","template":"","meta":{"_acf_changed":false},"product_cat":[1357,364],"product_tag":[5541,11389,11390,304,389,11080],"class_list":["product","first","instock","shipping-taxable","purchasable","product-type-simple"],"acf":[],"_links":{"self":[{"href":"https:\/\/mouldking.store\/de\/wp-json\/wp\/v2\/product\/42063","targetHints":{"allow":["GET"]}}],"collection":[{"href":"https:\/\/mouldking.store\/de\/wp-json\/wp\/v2\/product"}],"about":[{"href":"https:\/\/mouldking.store\/de\/wp-json\/wp\/v2\/types\/product"}],"replies":[{"embeddable":true,"href":"https:\/\/mouldking.store\/de\/wp-json\/wp\/v2\/comments?post=42063"}],"wp:featuredmedia":[{"embeddable":true,"href":"https:\/\/mouldking.store\/de\/wp-json\/wp\/v2\/media\/42057"}],"wp:attachment":[{"href":"https:\/\/mouldking.store\/de\/wp-json\/wp\/v2\/media?parent=42063"}],"wp:term":[{"taxonomy":"product_cat","embeddable":true,"href":"https:\/\/mouldking.store\/de\/wp-json\/wp\/v2\/product_cat?post=42063"},{"taxonomy":"product_tag","embeddable":true,"href":"https:\/\/mouldking.store\/de\/wp-json\/wp\/v2\/product_tag?post=42063"}],"curies":[{"name":"wp","href":"https:\/\/api.w.org\/{rel}","templated":true}]}}