{"id":42093,"date":"2023-02-22T14:24:30","date_gmt":"2023-02-22T07:24:30","guid":{"rendered":"https:\/\/mouldking.store\/shop\/moc-factory-137608-micro-batcave-and-wayne-manor-the-animated-series-btas-with-2502-pieces\/"},"modified":"2025-12-16T22:25:16","modified_gmt":"2025-12-16T15:25:16","slug":"moc-factory-137608-micro-batcave-and-wayne-manor-the-animated-series-btas-with-2502-pieces","status":"publish","type":"product","link":"https:\/\/mouldking.store\/de\/shop\/moc-factory-137608-micro-batcave-and-wayne-manor-the-animated-series-btas-with-2502-pieces\/","title":{"rendered":"MOC Factory 137608 Micro Batcave und Wayne Manor The Animated Series BTAS mit 2502 Teilen"},"content":{"rendered":"<div>\u2705 MOC-137608 Micro Batcave und Wayne Manor The Animated Series BTAS<\/p>\n<p>\u2705Die Batcave ist ein fiktiver Ort im DC Comics-Universum, der als geheimes Hauptquartier des Superhelden Batman dient. Es ist ein verstecktes unterirdisches H\u00f6hlensystem unter Wayne Manor, dem Stammsitz von Bruce Wayne, der Batmans Alter Ego ist.<\/p>\n<p>\ud83d\udeab WICHTIG!<\/p>\n<p>Produktname: Micro Batcave und Wayne Manor Die animierte Serie BTAS<\/p>\n<p>Kategorie: Film<\/p>\n<p>Dieses Kit enth\u00e4lt: MOC-137608<\/p>\n<p>2502 St\u00fcck Ziegel von guter Qualit\u00e4t<\/p>\n<p>PDF-Anleitung<\/p>\n<p>\ud83d\udcccNatur des Protagonisten<\/p>\n<p>Die Einf\u00fchrung unserer stolzen Sammlung namens \u201eMicro Batcave and Wayne Manor The Animated Series BTAS\u201c sollten Sie nicht verpassen.<\/p>\n<p>Die Batcave wird von Batman als sichere Operationsbasis genutzt, wo er seine Ausr\u00fcstung, Fahrzeuge und Waffen lagern, wissenschaftliche Forschung betreiben und seine Strategien zur Verbrechensbek\u00e4mpfung planen kann. Es beherbergt auch seinen Troph\u00e4enraum, der Andenken an seine verschiedenen Abenteuer und Schlachten zeigt.<\/p><\/div>","protected":false},"excerpt":{"rendered":"<p>Marke: MOC-Fabrik<br \/>\nGeschlecht: Unisex<br \/>\nAltersspanne: &gt; 12 Jahre alt<br \/>\nModellnummer: 137608<br \/>\nEinstufung: Assemblage<br \/>\nKunststoffblockform: Selbstsichernde Steine<br \/>\nMaterial: Kunststoff<br \/>\nKunststofftyp: ABS<br \/>\nZiegelsteine: 2502 +<br \/>\nVorbereitungszeit: 4-8 Wochen<\/p>","protected":false},"featured_media":42090,"comment_status":"open","ping_status":"closed","template":"","meta":{"_acf_changed":false},"product_cat":[1395,390,581,1408],"product_tag":[11397,11398,4883,392,434],"class_list":["product","first","instock","shipping-taxable","purchasable","product-type-simple"],"acf":[],"_links":{"self":[{"href":"https:\/\/mouldking.store\/de\/wp-json\/wp\/v2\/product\/42093","targetHints":{"allow":["GET"]}}],"collection":[{"href":"https:\/\/mouldking.store\/de\/wp-json\/wp\/v2\/product"}],"about":[{"href":"https:\/\/mouldking.store\/de\/wp-json\/wp\/v2\/types\/product"}],"replies":[{"embeddable":true,"href":"https:\/\/mouldking.store\/de\/wp-json\/wp\/v2\/comments?post=42093"}],"wp:featuredmedia":[{"embeddable":true,"href":"https:\/\/mouldking.store\/de\/wp-json\/wp\/v2\/media\/42090"}],"wp:attachment":[{"href":"https:\/\/mouldking.store\/de\/wp-json\/wp\/v2\/media?parent=42093"}],"wp:term":[{"taxonomy":"product_cat","embeddable":true,"href":"https:\/\/mouldking.store\/de\/wp-json\/wp\/v2\/product_cat?post=42093"},{"taxonomy":"product_tag","embeddable":true,"href":"https:\/\/mouldking.store\/de\/wp-json\/wp\/v2\/product_tag?post=42093"}],"curies":[{"name":"wp","href":"https:\/\/api.w.org\/{rel}","templated":true}]}}