{"id":42120,"date":"2023-02-22T15:13:41","date_gmt":"2023-02-22T08:13:41","guid":{"rendered":"https:\/\/mouldking.store\/shop\/jiestar-92034-new-century-gpx-high-intelligence-formula-isuzak-008-with-773-pieces\/"},"modified":"2023-02-22T15:13:41","modified_gmt":"2023-02-22T08:13:41","slug":"jiestar-92034-new-century-gpx-high-intelligence-formula-isuzak-008-with-773-pieces","status":"publish","type":"product","link":"https:\/\/mouldking.store\/de\/shop\/jiestar-92034-new-century-gpx-high-intelligence-formula-isuzak-008-with-773-pieces\/","title":{"rendered":"JIESTAR 92034 New Century GPX High Intelligence Formel: Isuzak 008 mit 773 St\u00fcck"},"content":{"rendered":"<div>\u2705 JIESTAR 92034 New Century GPX High Intelligence Formel: Isuzak 008<br \/>&nbsp;<br \/>\u2705 \u201eNew Century GPX Cyber Formula\u201c ist eine japanische Anime-Fernsehserie \u00fcber futuristische Hochgeschwindigkeitsautorennen. \u201eIsuzak 008\u201c ist ein Modell eines Rennwagens, der in der Anime-Serie vorkommt. Es wurde von der Firma Isuzak entworfen und gebaut und ist eines der leistungsst\u00e4rksten Autos in der Cyber-Formel-Rennliga.<\/div>\n<div>&nbsp;<br \/>\ud83d\udeab WICHTIG!&nbsp;<br \/>&nbsp;<br \/>Produktname: New Century GPX High Intelligence Formel: Isuzak 008<br \/>&nbsp;<br \/>Kategorie: Film<br \/>&nbsp;<br \/>Dieses Kit enth\u00e4lt: JIESTAR 92034<br \/>&nbsp;<br \/>773 St\u00fcck Steine von guter Qualit\u00e4t&nbsp;<br \/>&nbsp;<br \/>Gr\u00f6\u00dfe: 30,5 \u00d7 11,2 \u00d7 9,5 cm<br \/>&nbsp;<br \/>Manuelle Anweisungen&nbsp;<br \/>&nbsp;<br \/>\ud83d\udcccNatur des Protagonisten&nbsp;<br \/>&nbsp;<br \/>Die Einf\u00fchrung unserer stolzen Kollektion mit dem Namen \u201eNew Century GPX High Intelligence Formula: Isuzak 008\u201c sollten Sie sich nicht entgehen lassen.&nbsp;<br \/>&nbsp;<br \/>Im Anime wird der Isuzak 008 von mehreren Charakteren gesteuert, darunter der Hauptprotagonist der Serie, Hayato Kazami. Das Auto ist bekannt f\u00fcr seine au\u00dfergew\u00f6hnliche Geschwindigkeit, Wendigkeit und fortschrittliche Technologie, einschlie\u00dflich eines k\u00fcnstlichen Intelligenzsystems, das dem Fahrer hilft, w\u00e4hrend des Rennens Entscheidungen in Sekundenbruchteilen zu treffen.<\/div>","protected":false},"excerpt":{"rendered":"<p>Marke: JIESTAR<br \/>\nGeschlecht: Unisex<br \/>\nAltersspanne: &gt; 6 Jahre alt<br \/>\nModellnummer: 92034<br \/>\nEinstufung: Assemblage<br \/>\nKunststoffblockform: Selbstsichernde Steine<br \/>\nMaterial: Kunststoff<br \/>\nKunststofftyp: ABS<br \/>\nZiegelsteine: 773 +<br \/>\nVorverkauf<\/p>","protected":false},"featured_media":42119,"comment_status":"open","ping_status":"closed","template":"","meta":{"_acf_changed":false},"product_cat":[1357,581,364,1408],"product_tag":[11407,434,389],"class_list":["product","first","instock","shipping-taxable","purchasable","product-type-simple"],"acf":[],"_links":{"self":[{"href":"https:\/\/mouldking.store\/de\/wp-json\/wp\/v2\/product\/42120","targetHints":{"allow":["GET"]}}],"collection":[{"href":"https:\/\/mouldking.store\/de\/wp-json\/wp\/v2\/product"}],"about":[{"href":"https:\/\/mouldking.store\/de\/wp-json\/wp\/v2\/types\/product"}],"replies":[{"embeddable":true,"href":"https:\/\/mouldking.store\/de\/wp-json\/wp\/v2\/comments?post=42120"}],"wp:featuredmedia":[{"embeddable":true,"href":"https:\/\/mouldking.store\/de\/wp-json\/wp\/v2\/media\/42119"}],"wp:attachment":[{"href":"https:\/\/mouldking.store\/de\/wp-json\/wp\/v2\/media?parent=42120"}],"wp:term":[{"taxonomy":"product_cat","embeddable":true,"href":"https:\/\/mouldking.store\/de\/wp-json\/wp\/v2\/product_cat?post=42120"},{"taxonomy":"product_tag","embeddable":true,"href":"https:\/\/mouldking.store\/de\/wp-json\/wp\/v2\/product_tag?post=42120"}],"curies":[{"name":"wp","href":"https:\/\/api.w.org\/{rel}","templated":true}]}}