{"id":42150,"date":"2023-02-23T10:14:09","date_gmt":"2023-02-23T03:14:09","guid":{"rendered":"https:\/\/mouldking.store\/shop\/mould-king-14020-ak-47-assault-rifle-gun-with-1418-pieces\/"},"modified":"2023-02-23T10:14:09","modified_gmt":"2023-02-23T03:14:09","slug":"mould-king-14020-ak-47-assault-rifle-gun-with-1418-pieces","status":"publish","type":"product","link":"https:\/\/mouldking.store\/de\/shop\/mould-king-14020-ak-47-assault-rifle-gun-with-1418-pieces\/","title":{"rendered":"MOLD KING 14020 AK-47 Sturmgewehr mit 1418 Teilen"},"content":{"rendered":"<div>\u2705 Mould King 14020 AK-47 Sturmgewehr<br \/>&nbsp;<br \/>\u2705Das AK-47 ist ein gasbetriebenes Sturmgewehr mit selektivem Feuer, das vom sowjetischen Ingenieur Michail Kalaschnikow nach dem Zweiten Weltkrieg entworfen wurde. Es ist eine der bekanntesten Schusswaffen der Welt, die f\u00fcr ihre Zuverl\u00e4ssigkeit und Langlebigkeit bekannt ist.<br \/>&nbsp;<br \/>\ud83d\udeab WICHTIG!&nbsp;<br \/>&nbsp;<br \/>Produktname: AK-47 Sturmgewehr<br \/>&nbsp;<br \/>Kategorie: Milit\u00e4r<br \/>&nbsp;<br \/>Dieses Kit enth\u00e4lt: Mould King 14020&nbsp;<br \/>&nbsp;<br \/>1418 St\u00fcck Steine von guter Qualit\u00e4t&nbsp;<br \/>&nbsp;<br \/>Gr\u00f6\u00dfe: 79,2 \u00d7 30,2 \u00d7 6,8 cm<br \/>&nbsp;<br \/>Manuelle Anweisungen&nbsp;<br \/>&nbsp;<br \/>\ud83d\udcccNatur des Protagonisten&nbsp;<br \/>&nbsp;<br \/>Die Einf\u00fchrung unserer stolzen Kollektion mit dem Namen \u201eAK-47 Assault Rifle Gun\u201c sollten Sie nicht verpassen.&nbsp;<br \/>&nbsp;<br \/>Die AK-47 hat ein markantes gebogenes Magazin und ein charakteristisches M\u00fcndungsfeuer. Es feuert die Patrone 7,62 x 39 mm ab und hat eine zyklische Feuerrate von etwa 600 Schuss pro Minute. Das Gewehr ist relativ leicht und einfach zu bedienen, was es zu einer beliebten Wahl f\u00fcr Streitkr\u00e4fte und Guerillagruppen auf der ganzen Welt macht.<\/div>","protected":false},"excerpt":{"rendered":"<p>Marke: MOLD KING<br \/>\nGeschlecht: Unisex<br \/>\nAltersspanne: &gt; 14 Jahre alt<br \/>\nModellnummer: 14020<br \/>\nEinstufung: Assemblage<br \/>\nKunststoffblockform: Selbstsichernde Steine<br \/>\nMaterial: Kunststoff<br \/>\nKunststofftyp: ABS<br \/>\nZiegelsteine: 1418 +<br \/>\nMit Motor<\/p>","protected":false},"featured_media":42143,"comment_status":"open","ping_status":"closed","template":"","meta":{"_acf_changed":false},"product_cat":[1350,1357,372,364],"product_tag":[11419,7147,5154,374,7815,11135,389],"class_list":["product","first","instock","shipping-taxable","purchasable","product-type-simple"],"acf":[],"_links":{"self":[{"href":"https:\/\/mouldking.store\/de\/wp-json\/wp\/v2\/product\/42150","targetHints":{"allow":["GET"]}}],"collection":[{"href":"https:\/\/mouldking.store\/de\/wp-json\/wp\/v2\/product"}],"about":[{"href":"https:\/\/mouldking.store\/de\/wp-json\/wp\/v2\/types\/product"}],"replies":[{"embeddable":true,"href":"https:\/\/mouldking.store\/de\/wp-json\/wp\/v2\/comments?post=42150"}],"wp:featuredmedia":[{"embeddable":true,"href":"https:\/\/mouldking.store\/de\/wp-json\/wp\/v2\/media\/42143"}],"wp:attachment":[{"href":"https:\/\/mouldking.store\/de\/wp-json\/wp\/v2\/media?parent=42150"}],"wp:term":[{"taxonomy":"product_cat","embeddable":true,"href":"https:\/\/mouldking.store\/de\/wp-json\/wp\/v2\/product_cat?post=42150"},{"taxonomy":"product_tag","embeddable":true,"href":"https:\/\/mouldking.store\/de\/wp-json\/wp\/v2\/product_tag?post=42150"}],"curies":[{"name":"wp","href":"https:\/\/api.w.org\/{rel}","templated":true}]}}