{"id":42157,"date":"2023-02-23T10:25:28","date_gmt":"2023-02-23T03:25:28","guid":{"rendered":"https:\/\/mouldking.store\/shop\/lw-7014-bumblebee-robot-deformation-with-792-pieces\/"},"modified":"2023-02-23T10:25:28","modified_gmt":"2023-02-23T03:25:28","slug":"lw-7014-bumblebee-robot-deformation-with-792-pieces","status":"publish","type":"product","link":"https:\/\/mouldking.store\/de\/shop\/lw-7014-bumblebee-robot-deformation-with-792-pieces\/","title":{"rendered":"LW 7014 Bumblebee Robot Deformation mit 792 Teilen"},"content":{"rendered":"<div>\u2705 LW 7014 Hummelroboter Deformation<br \/>&nbsp;<br \/>\u2705Bumblebee ist eine fiktive Figur aus dem Transformers-Franchise, das in den 1980er Jahren als Spielzeugserie von Hasbro entstand. Bumblebee wird als kleiner, gelber Autobot dargestellt, der sich in einen Kleinwagen verwandeln kann.<br \/>&nbsp;<br \/>\ud83d\udeab WICHTIG!&nbsp;<br \/>&nbsp;<br \/>Produktname: Bumblebee Robot Deformation<br \/>&nbsp;<br \/>Kategorie: Sch\u00f6pfer&nbsp;<br \/>&nbsp;<br \/>Dieses Kit enth\u00e4lt: LW 7014<br \/>&nbsp;<br \/>792 St\u00fcck Steine von guter Qualit\u00e4t&nbsp;<br \/>&nbsp;<br \/>Gr\u00f6\u00dfe: 19,3 \u00d7 25 cm<br \/>&nbsp;<br \/>Manuelle Anweisungen&nbsp;<br \/>&nbsp;<br \/>\ud83d\udcccNatur des Protagonisten&nbsp;<br \/>&nbsp;<br \/>Die Einf\u00fchrung unserer stolzen Kollektion mit dem Namen \u201eBumblebee Robot Deformation\u201c sollten Sie nicht verpassen.&nbsp;<br \/>&nbsp;<br \/>In der urspr\u00fcnglichen Transformers-Animationsserie wurde Bumblebee als loyaler und tapferer Krieger dargestellt, der als Sp\u00e4her und Spion f\u00fcr die Autobots diente. Er wurde oft als jung und unerfahren, aber auch einfallsreich und entschlossen dargestellt. In neueren Adaptionen, einschlie\u00dflich der Transformers-Filmreihe mit Live-Action, wurde Bumblebee als heldenhafter und mutiger Krieger dargestellt, der seinen Freunden und Verb\u00fcndeten treu ergeben ist. Er wird oft als schneller und wendiger K\u00e4mpfer dargestellt, dem eine Reihe von Waffen und F\u00e4higkeiten zur Verf\u00fcgung stehen. Bumblebees F\u00e4higkeit, sich von einem Roboter in ein Auto (oder ein anderes Fahrzeug) zu verwandeln, ist ein zentrales Merkmal seines Charakters, das von vielen anderen Transformers geteilt wird. Diese F\u00e4higkeit erm\u00f6glicht es den Robotern, sich als Alltagsgegenst\u00e4nde zu tarnen und sich in die menschliche Gesellschaft einzuf\u00fcgen, w\u00e4hrend sie gleichzeitig ein Transportmittel darstellen.<\/div>","protected":false},"excerpt":{"rendered":"<p>Marke: LW<br \/>\nGeschlecht: Unisex<br \/>\nAltersspanne: &gt; 6 Jahre alt<br \/>\nModellnummer: 7014<br \/>\nEinstufung: Assemblage<br \/>\nKunststoffblockform: Selbstsichernde Steine<br \/>\nMaterial: Kunststoff<br \/>\nKunststofftyp: ABS<br \/>\nZiegelsteine: 792 +<br \/>\nKein Kasten<\/p>","protected":false},"featured_media":42151,"comment_status":"open","ping_status":"closed","template":"","meta":{"_acf_changed":false},"product_cat":[1365,581,1408],"product_tag":[6798,8452,11420,434,590],"class_list":["product","first","instock","shipping-taxable","purchasable","product-type-simple"],"acf":[],"_links":{"self":[{"href":"https:\/\/mouldking.store\/de\/wp-json\/wp\/v2\/product\/42157","targetHints":{"allow":["GET"]}}],"collection":[{"href":"https:\/\/mouldking.store\/de\/wp-json\/wp\/v2\/product"}],"about":[{"href":"https:\/\/mouldking.store\/de\/wp-json\/wp\/v2\/types\/product"}],"replies":[{"embeddable":true,"href":"https:\/\/mouldking.store\/de\/wp-json\/wp\/v2\/comments?post=42157"}],"wp:featuredmedia":[{"embeddable":true,"href":"https:\/\/mouldking.store\/de\/wp-json\/wp\/v2\/media\/42151"}],"wp:attachment":[{"href":"https:\/\/mouldking.store\/de\/wp-json\/wp\/v2\/media?parent=42157"}],"wp:term":[{"taxonomy":"product_cat","embeddable":true,"href":"https:\/\/mouldking.store\/de\/wp-json\/wp\/v2\/product_cat?post=42157"},{"taxonomy":"product_tag","embeddable":true,"href":"https:\/\/mouldking.store\/de\/wp-json\/wp\/v2\/product_tag?post=42157"}],"curies":[{"name":"wp","href":"https:\/\/api.w.org\/{rel}","templated":true}]}}