{"id":42180,"date":"2023-02-23T11:08:10","date_gmt":"2023-02-23T04:08:10","guid":{"rendered":"https:\/\/mouldking.store\/shop\/moc-factory-89469-white-castle-with-2197-pieces\/"},"modified":"2025-12-16T22:25:16","modified_gmt":"2025-12-16T15:25:16","slug":"moc-factory-89469-white-castle-with-2197-pieces","status":"publish","type":"product","link":"https:\/\/mouldking.store\/de\/shop\/moc-factory-89469-white-castle-with-2197-pieces\/","title":{"rendered":"MOC Factory 89469 White Castle mit 2197 Teilen"},"content":{"rendered":"<div>\u2705 MOC-89469 Wei\u00dfes Schloss<\/p>\n<p>\u2705Dies ist das Schloss in der Buchreihe \u201eDer Herr der Ringe\u201c. Der Herr der Ringe ist eine High-Fantasy-Romanreihe, die von JRR Tolkien geschrieben wurde. Die Serie wurde urspr\u00fcnglich zwischen 1954 und 1955 in drei B\u00e4nden ver\u00f6ffentlicht: \u201eThe Fellowship of the Ring\u201c, \u201eThe Two Towers\u201c und \u201eThe Return of the King\u201c. Die B\u00fccher sind seitdem zu Klassikern des Fantasy-Genres geworden und wurden in Filmen, Fernsehsendungen und Videospielen adaptiert.<\/p>\n<p>\ud83d\udeab WICHTIG!<\/p>\n<p>Produktname: Wei\u00dfes Schloss<\/p>\n<p>Kategorie: Modulares Bauen<\/p>\n<p>Dieses Kit enth\u00e4lt: MOC-89469<\/p>\n<p>2197 St\u00fcck Steine von guter Qualit\u00e4t<\/p>\n<p>PDF-Anleitung<\/p>\n<p>\ud83d\udcccNatur des Protagonisten<\/p>\n<p>Die Einf\u00fchrung unserer stolzen Kollektion namens \u201eWhite Castle\u201c sollten Sie nicht verpassen.<\/p>\n<p>Die Burg selbst ist aus wei\u00dfem Stein gebaut, mit sieben Ebenen, die sich bis zu einer H\u00f6he von 700 Fu\u00df erheben. Die Au\u00dfenmauern sind mit Statuen und Schnitzereien antiker K\u00f6nige und Krieger geschm\u00fcckt, w\u00e4hrend der Innenhof ein wundersch\u00f6ner Garten mit Springbrunnen und bl\u00fchenden B\u00e4umen ist. Im Inneren der Burg gibt es viele gro\u00dfe Hallen, T\u00fcrme und Kammern, darunter die Halle der K\u00f6nige, in der sich der Thron von Gondor befindet, und der Turm von Ecthelion, der als Hauptwachturm der Stadt dient.<\/p><\/div>","protected":false},"excerpt":{"rendered":"<p>Marke: MOC-Fabrik<br \/>\nGeschlecht: Unisex<br \/>\nAltersspanne: &gt; 12 Jahre alt<br \/>\nModellnummer: 89469<br \/>\nEinstufung: Assemblage<br \/>\nKunststoffblockform: Selbstsichernde Steine<br \/>\nMaterial: Kunststoff<br \/>\nKunststofftyp: ABS<br \/>\nZiegelsteine: 2197 +<br \/>\nVorbereitungszeit: 4-8 Wochen<\/p>","protected":false},"featured_media":42179,"comment_status":"open","ping_status":"closed","template":"","meta":{"_acf_changed":false},"product_cat":[1395,390,581,1408],"product_tag":[787,4883,11099,392,434,6169,1461],"class_list":["product","first","instock","shipping-taxable","purchasable","product-type-simple"],"acf":[],"_links":{"self":[{"href":"https:\/\/mouldking.store\/de\/wp-json\/wp\/v2\/product\/42180","targetHints":{"allow":["GET"]}}],"collection":[{"href":"https:\/\/mouldking.store\/de\/wp-json\/wp\/v2\/product"}],"about":[{"href":"https:\/\/mouldking.store\/de\/wp-json\/wp\/v2\/types\/product"}],"replies":[{"embeddable":true,"href":"https:\/\/mouldking.store\/de\/wp-json\/wp\/v2\/comments?post=42180"}],"wp:featuredmedia":[{"embeddable":true,"href":"https:\/\/mouldking.store\/de\/wp-json\/wp\/v2\/media\/42179"}],"wp:attachment":[{"href":"https:\/\/mouldking.store\/de\/wp-json\/wp\/v2\/media?parent=42180"}],"wp:term":[{"taxonomy":"product_cat","embeddable":true,"href":"https:\/\/mouldking.store\/de\/wp-json\/wp\/v2\/product_cat?post=42180"},{"taxonomy":"product_tag","embeddable":true,"href":"https:\/\/mouldking.store\/de\/wp-json\/wp\/v2\/product_tag?post=42180"}],"curies":[{"name":"wp","href":"https:\/\/api.w.org\/{rel}","templated":true}]}}