{"id":42185,"date":"2023-02-23T11:27:14","date_gmt":"2023-02-23T04:27:14","guid":{"rendered":"https:\/\/mouldking.store\/shop\/moc-factory-47176-satellite-earth-station-intersputnik-with-2952-pieces\/"},"modified":"2025-12-16T22:25:15","modified_gmt":"2025-12-16T15:25:15","slug":"moc-factory-47176-satellite-earth-station-intersputnik-with-2952-pieces","status":"publish","type":"product","link":"https:\/\/mouldking.store\/de\/shop\/moc-factory-47176-satellite-earth-station-intersputnik-with-2952-pieces\/","title":{"rendered":"MOC Factory 47176 Satelliten-Erdstation Intersputnik mit 2952 St\u00fcck"},"content":{"rendered":"<div>\u2705 MOC-47176 Satelliten-Erdstation Intersputnik<\/p>\n<p>\u2705Intersputnik ist eine internationale Satellitenkommunikationsorganisation, die 1971 von der ehemaligen Sowjetunion und anderen osteurop\u00e4ischen L\u00e4ndern gegr\u00fcndet wurde. Sie betreibt ein Netzwerk von Satelliten-Erdstationen und bietet ihren Mitgliedsl\u00e4ndern und anderen Kunden auf der ganzen Welt globale Satellitenkommunikationsdienste an.<\/p>\n<p>\ud83d\udeab WICHTIG!<\/p>\n<p>Produktname: Satelliten-Erdstation Intersputnik<\/p>\n<p>Kategorie: Weltraum<\/p>\n<p>Dieses Kit enth\u00e4lt: MOC-47176<\/p>\n<p>2952 St\u00fcck Ziegel von guter Qualit\u00e4t<\/p>\n<p>PDF-Anleitung<\/p>\n<p>\ud83d\udcccNatur des Protagonisten<\/p>\n<p>Die Einf\u00fchrung unserer stolzen Kollektion mit dem Namen \u201eSatellite Earth Station Intersputnik\u201c sollten Sie nicht verpassen.<\/p>\n<p>Eine Erdstation ist ein Komplex von Satellitenkommunikationsger\u00e4ten, die Satellitensignale zu und von umlaufenden Satelliten empfangen und \u00fcbertragen. Intersputnik betreibt ein Netzwerk von Erdfunkstellen in Mitgliedsl\u00e4ndern, darunter Russland, Wei\u00dfrussland, die Ukraine und Kasachstan sowie andere L\u00e4nder auf der ganzen Welt. Diese Bodenstationen bieten eine Reihe von Diensten an, darunter Sprach-, Daten- und Video\u00fcbertragung, Satellitenrundfunk und Internetzugang.<\/p><\/div>","protected":false},"excerpt":{"rendered":"<p>Marke: MOC-Fabrik<br \/>\nGeschlecht: Unisex<br \/>\nAltersspanne: &gt; 12 Jahre alt<br \/>\nModellnummer: 47176<br \/>\nEinstufung: Assemblage<br \/>\nKunststoffblockform: Selbstsichernde Steine<br \/>\nMaterial: Kunststoff<br \/>\nKunststofftyp: ABS<br \/>\nZiegelsteine: 2952 +<br \/>\nVorbereitungszeit: 4-8 Wochen<\/p>","protected":false},"featured_media":42183,"comment_status":"open","ping_status":"closed","template":"","meta":{"_acf_changed":false},"product_cat":[1357,6016,364],"product_tag":[4290,11425,11424,2276,10893,2309,389],"class_list":["product","first","instock","shipping-taxable","purchasable","product-type-simple"],"acf":[],"_links":{"self":[{"href":"https:\/\/mouldking.store\/de\/wp-json\/wp\/v2\/product\/42185","targetHints":{"allow":["GET"]}}],"collection":[{"href":"https:\/\/mouldking.store\/de\/wp-json\/wp\/v2\/product"}],"about":[{"href":"https:\/\/mouldking.store\/de\/wp-json\/wp\/v2\/types\/product"}],"replies":[{"embeddable":true,"href":"https:\/\/mouldking.store\/de\/wp-json\/wp\/v2\/comments?post=42185"}],"wp:featuredmedia":[{"embeddable":true,"href":"https:\/\/mouldking.store\/de\/wp-json\/wp\/v2\/media\/42183"}],"wp:attachment":[{"href":"https:\/\/mouldking.store\/de\/wp-json\/wp\/v2\/media?parent=42185"}],"wp:term":[{"taxonomy":"product_cat","embeddable":true,"href":"https:\/\/mouldking.store\/de\/wp-json\/wp\/v2\/product_cat?post=42185"},{"taxonomy":"product_tag","embeddable":true,"href":"https:\/\/mouldking.store\/de\/wp-json\/wp\/v2\/product_tag?post=42185"}],"curies":[{"name":"wp","href":"https:\/\/api.w.org\/{rel}","templated":true}]}}